{"id":83471,"date":"2021-05-28T08:29:17","date_gmt":"2021-05-28T06:29:17","guid":{"rendered":"https:\/\/www.kolibica.com\/product\/tagliere-onda\/"},"modified":"2023-02-05T11:14:59","modified_gmt":"2023-02-05T09:14:59","slug":"tagliere-onda","status":"publish","type":"product","link":"https:\/\/www.kolibica.com\/it\/prodotto\/tagliere-onda\/","title":{"rendered":"Tagliere &#8211; Onda"},"content":{"rendered":"<p><strong>Tagliere &#8211; Onda per tagliare<\/strong> e preparare i cibi \u00e8 realizzato in legno di <a href=\"https:\/\/www.kolibica.com\/it\/proprieta-strutturali-e-usabilita-delle-specie-legnose-domestiche\/\">faggio<\/a> di alta qualit\u00e0 ed \u00e8 molto pratico. L&#8217;alta qualit\u00e0 dei taglieri di carne, la voglia di incontrare i consumatori e la possibilit\u00e0 di stampare e incidere su questi taglieri li rendono ideali per i regali alle presentazioni, soprattutto per le aziende del settore alimentare.<\/p>\n<p><strong>Le dimensioni dei taglieri di carne sono adattate ai desideri del cliente.<\/strong><\/p>\n<p>&nbsp;<\/p>\n<p><strong>Consiglio:<\/strong><\/p>\n<p>Non tenere le stufe a legna e i piani della cucina immersi nell&#8217;acqua, poich\u00e9 si deformeranno. Le schede e le saldatrici devono essere lavate e asciugate immediatamente dopo l&#8217;uso. Se hanno conservato gli odori sgradevoli del cibo, dovrebbero essere strofinati di tanto in tanto con una spazzola affilata imbevuta di una miscela di sale e aceto, quindi sciacquati sotto un getto di acqua tiepida.<\/p>\n<p>&nbsp;<\/p>\n","protected":false},"excerpt":{"rendered":"<p>Tagliere &#8211; Onda per tagliare e preparare i cibi \u00e8  [&#8230;]<\/p>\n","protected":false},"featured_media":75817,"template":"","meta":{"content-type":""},"product_brand":[],"product_cat":[151],"product_tag":[],"class_list":{"0":"post-83471","1":"product","2":"type-product","3":"status-publish","4":"has-post-thumbnail","6":"product_cat-accessori-da-cucina-in-legno","8":"first","9":"instock","10":"shipping-taxable","11":"product-type-simple"},"aioseo_notices":[],"_links":{"self":[{"href":"https:\/\/www.kolibica.com\/it\/wp-json\/wp\/v2\/product\/83471","targetHints":{"allow":["GET"]}}],"collection":[{"href":"https:\/\/www.kolibica.com\/it\/wp-json\/wp\/v2\/product"}],"about":[{"href":"https:\/\/www.kolibica.com\/it\/wp-json\/wp\/v2\/types\/product"}],"wp:featuredmedia":[{"embeddable":true,"href":"https:\/\/www.kolibica.com\/it\/wp-json\/wp\/v2\/media\/75817"}],"wp:attachment":[{"href":"https:\/\/www.kolibica.com\/it\/wp-json\/wp\/v2\/media?parent=83471"}],"wp:term":[{"taxonomy":"product_brand","embeddable":true,"href":"https:\/\/www.kolibica.com\/it\/wp-json\/wp\/v2\/product_brand?post=83471"},{"taxonomy":"product_cat","embeddable":true,"href":"https:\/\/www.kolibica.com\/it\/wp-json\/wp\/v2\/product_cat?post=83471"},{"taxonomy":"product_tag","embeddable":true,"href":"https:\/\/www.kolibica.com\/it\/wp-json\/wp\/v2\/product_tag?post=83471"}],"curies":[{"name":"wp","href":"https:\/\/api.w.org\/{rel}","templated":true}]}}