{"id":83450,"date":"2019-02-12T16:27:08","date_gmt":"2019-02-12T14:27:08","guid":{"rendered":"https:\/\/www.kolibica.com\/product\/taglieri-diverse-forme\/"},"modified":"2023-01-29T16:19:10","modified_gmt":"2023-01-29T14:19:10","slug":"taglieri-di-forme-diverse","status":"publish","type":"product","link":"https:\/\/www.kolibica.com\/it\/prodotto\/taglieri-di-forme-diverse\/","title":{"rendered":"Taglieri &#8211; diverse forme"},"content":{"rendered":"<p><strong>Taglieri &#8211; diverse forme<\/strong>\u00a0e preparare i cibi \u00e8 realizzato in legno di <a href=\"https:\/\/www.kolibica.com\/it\/proprieta-strutturali-e-usabilita-delle-specie-legnose-domestiche\/\">faggio<\/a> di alta qualit\u00e0 ed \u00e8 molto pratico. L&#8217;alta qualit\u00e0 dei taglieri di carne, la voglia di incontrare i consumatori e la possibilit\u00e0 di stampare e incidere su questi taglieri li rendono ideali per i regali alle presentazioni, soprattutto per le aziende del settore alimentare. Le tavole possono essere prodotte da diversi tipi di legno.<\/p>\n<p><strong>Le dimensioni e la forma dei taglieri e dei taglieri vengono adattate ai desideri del cliente.<\/strong><\/p>\n<p><strong>Prezzi scacchiera<\/strong>:<br \/>\nPiccolo (15x15cm) &#8211; 12 Eur<br \/>\nMedio (20x20cm) &#8211; 16 Eur<br \/>\nGrande (25x25cm) &#8211; 22 Eur<br \/>\nLa quantit\u00e0 minima ordinabile \u00e8 di 50 pezzi.<\/p>\n<p><strong>List daske<\/strong> se koriste uglavnom za poslu\u017eivanje hladnih predjela, te su tako i klasirane (za jednu, dve i \u010detiri osobe). Sono realizzati con una combinazione di faggio cotto a vapore e frassino.<\/p>\n<p><strong>Prezzi del cartone:<\/strong><br \/>\nPer una persona &#8211; 10 Eur<br \/>\nPer due persone &#8211; 15 Eur<br \/>\nPer quattro persone &#8211; 20 Eur<br \/>\nLa quantit\u00e0 minima ordinabile \u00e8 di 50 pezzi.<\/p>\n<p><strong>Consiglio:<\/strong><\/p>\n<p>Non tenere le stufe a legna e i piani della cucina immersi nell&#8217;acqua, poich\u00e9 si deformeranno. Le schede e le saldatrici devono essere lavate e asciugate immediatamente dopo l&#8217;uso. Se hanno conservato gli odori sgradevoli del cibo, dovrebbero essere strofinati di tanto in tanto con una spazzola affilata imbevuta di una miscela di sale e aceto, quindi sciacquati sotto un getto di acqua tiepida.<\/p>\n<p>&nbsp;<\/p>\n","protected":false},"excerpt":{"rendered":"<p>Taglieri &#8211; diverse forme\u00a0e preparare i cibi \u00e8 realizzato in  [&#8230;]<\/p>\n","protected":false},"featured_media":75829,"template":"","meta":{"content-type":""},"product_brand":[],"product_cat":[151],"product_tag":[],"class_list":{"0":"post-83450","1":"product","2":"type-product","3":"status-publish","4":"has-post-thumbnail","6":"product_cat-accessori-da-cucina-in-legno","8":"first","9":"instock","10":"shipping-taxable","11":"product-type-simple"},"aioseo_notices":[],"_links":{"self":[{"href":"https:\/\/www.kolibica.com\/it\/wp-json\/wp\/v2\/product\/83450","targetHints":{"allow":["GET"]}}],"collection":[{"href":"https:\/\/www.kolibica.com\/it\/wp-json\/wp\/v2\/product"}],"about":[{"href":"https:\/\/www.kolibica.com\/it\/wp-json\/wp\/v2\/types\/product"}],"wp:featuredmedia":[{"embeddable":true,"href":"https:\/\/www.kolibica.com\/it\/wp-json\/wp\/v2\/media\/75829"}],"wp:attachment":[{"href":"https:\/\/www.kolibica.com\/it\/wp-json\/wp\/v2\/media?parent=83450"}],"wp:term":[{"taxonomy":"product_brand","embeddable":true,"href":"https:\/\/www.kolibica.com\/it\/wp-json\/wp\/v2\/product_brand?post=83450"},{"taxonomy":"product_cat","embeddable":true,"href":"https:\/\/www.kolibica.com\/it\/wp-json\/wp\/v2\/product_cat?post=83450"},{"taxonomy":"product_tag","embeddable":true,"href":"https:\/\/www.kolibica.com\/it\/wp-json\/wp\/v2\/product_tag?post=83450"}],"curies":[{"name":"wp","href":"https:\/\/api.w.org\/{rel}","templated":true}]}}