{"id":83439,"date":"2019-02-12T18:44:56","date_gmt":"2019-02-12T16:44:56","guid":{"rendered":"https:\/\/www.kolibica.com\/product\/sedie-da-regista\/"},"modified":"2023-01-29T17:45:51","modified_gmt":"2023-01-29T15:45:51","slug":"sedie-da-regista","status":"publish","type":"product","link":"https:\/\/www.kolibica.com\/it\/prodotto\/sedie-da-regista\/","title":{"rendered":"Sedie da regista"},"content":{"rendered":"<p><strong>Sedie da regista<\/strong> sono molto popolari, perch\u00e9 offrono comfort quando si \u00e8 seduti a lungo, sono pieghevoli, facilmente trasportabili e molto resistenti. Sono fatti di <a href=\"https:\/\/www.kolibica.com\/it\/proprieta-strutturali-e-usabilita-delle-specie-legnose-domestiche\/\">faggio<\/a> bianco secco. Di serie sono realizzate in un colore naturale, che \u00e8 il pi\u00f9 adatto a queste sedie, anche se il legno pu\u00f2 essere anche tinto nel colore scelto dal cliente. Il colore della tela pu\u00f2 essere: bianco, beige, rosso, blu o nero. La tela \u00e8 di alta qualit\u00e0 e resistente, quasi inestensibile.<\/p>\n<p>Poich\u00e9 le sedie sono facili da piegare, possono essere consegnate al tuo indirizzo di casa. Il prezzo del trasporto sul territorio della Serbia per una o due sedie da regista \u00e8 di circa 700 dinari tramite corriere. Per un numero maggiore di sedie, questo prezzo pu\u00f2 essere notevolmente inferiore.<\/p>\n","protected":false},"excerpt":{"rendered":"<p>Sedie da regista sono molto popolari, perch\u00e9 offrono comfort quando  [&#8230;]<\/p>\n","protected":false},"featured_media":75925,"template":"","meta":{"content-type":""},"product_brand":[],"product_cat":[157,156,158],"product_tag":[],"class_list":{"0":"post-83439","1":"product","2":"type-product","3":"status-publish","4":"has-post-thumbnail","6":"product_cat-arredamento-da-giardino","7":"product_cat-mobilia","8":"product_cat-sedie-in-legno","10":"first","11":"instock","12":"shipping-taxable","13":"purchasable","14":"product-type-simple"},"aioseo_notices":[],"_links":{"self":[{"href":"https:\/\/www.kolibica.com\/it\/wp-json\/wp\/v2\/product\/83439","targetHints":{"allow":["GET"]}}],"collection":[{"href":"https:\/\/www.kolibica.com\/it\/wp-json\/wp\/v2\/product"}],"about":[{"href":"https:\/\/www.kolibica.com\/it\/wp-json\/wp\/v2\/types\/product"}],"wp:featuredmedia":[{"embeddable":true,"href":"https:\/\/www.kolibica.com\/it\/wp-json\/wp\/v2\/media\/75925"}],"wp:attachment":[{"href":"https:\/\/www.kolibica.com\/it\/wp-json\/wp\/v2\/media?parent=83439"}],"wp:term":[{"taxonomy":"product_brand","embeddable":true,"href":"https:\/\/www.kolibica.com\/it\/wp-json\/wp\/v2\/product_brand?post=83439"},{"taxonomy":"product_cat","embeddable":true,"href":"https:\/\/www.kolibica.com\/it\/wp-json\/wp\/v2\/product_cat?post=83439"},{"taxonomy":"product_tag","embeddable":true,"href":"https:\/\/www.kolibica.com\/it\/wp-json\/wp\/v2\/product_tag?post=83439"}],"curies":[{"name":"wp","href":"https:\/\/api.w.org\/{rel}","templated":true}]}}