{"id":83438,"date":"2019-02-12T18:45:53","date_gmt":"2019-02-12T16:45:53","guid":{"rendered":"https:\/\/www.kolibica.com\/product\/tavoli-da-giardino-pieghevoli\/"},"modified":"2023-01-29T17:49:36","modified_gmt":"2023-01-29T15:49:36","slug":"tavoli-da-giardino-pieghevoli-in-legno","status":"publish","type":"product","link":"https:\/\/www.kolibica.com\/it\/prodotto\/tavoli-da-giardino-pieghevoli-in-legno\/","title":{"rendered":"Tavoli da giardino pieghevoli in legno"},"content":{"rendered":"<p><strong>Tavoli da giardino pieghevoli in legno<\/strong>\u00a0sono una combinazione ideale con le<a href=\"https:\/\/www.kolibica.com\/it\/prodotto\/sedie-da-regista\/\"> sedie da regista<\/a> o da giardino <a href=\"https:\/\/www.kolibica.com\/it\/prodotto\/sedie-giardino-savana\/\">Savana<\/a>. Le dimensioni standard della tavola sono 60&#215;60 cm, ma su richiesta possono essere realizzati tavoli di altre dimensioni. L&#8217;altezza dei tavoli da giardino \u00e8 di 70 cm e, secondo le specifiche, realizziamo anche tavoli di altre dimensioni. Il piatto pu\u00f2 essere quadrato, rettangolare o tondo, ed \u00e8 composto da doghe finemente lavorate spesse 2 cm e larghe 7 cm. Tra le doghe c&#8217;\u00e8 uno spazio largo fino a 5 mm, che consente all&#8217;acqua di defluire liberamente dalla superficie del tavolo, perch\u00e9 questi tavoli sono solitamente posizionati in giardini non coperti o dotati solo di ombrelloni o tende da sole, quindi i tavoli sono di solito lasciato non protetto dalla pioggia. Pertanto, i nostri tavoli da giardino sono caratterizzati da una finitura superiore che contribuisce alla loro durata.<\/p>\n<p><strong>I tavoli da giardino<\/strong> si abbinano bene alle sedie da regista o alle sedie da giardino Savana.<\/p>\n<p>Questi tavoli sono facilmente trasportabili, quindi possiamo consegnarli al tuo indirizzo di casa. Il prezzo del trasporto sul territorio della Serbia \u00e8 di circa 600 dinari tramite corriere. Per un numero maggiore di tavoli, questo prezzo pu\u00f2 essere notevolmente inferiore.<\/p>\n","protected":false},"excerpt":{"rendered":"<p>Tavoli da giardino pieghevoli in legno\u00a0sono una combinazione ideale con  [&#8230;]<\/p>\n","protected":false},"featured_media":75989,"template":"","meta":{"content-type":""},"product_brand":[],"product_cat":[157,156,159],"product_tag":[],"class_list":{"0":"post-83438","1":"product","2":"type-product","3":"status-publish","4":"has-post-thumbnail","6":"product_cat-arredamento-da-giardino","7":"product_cat-mobilia","8":"product_cat-tabelle","10":"first","11":"instock","12":"shipping-taxable","13":"purchasable","14":"product-type-simple"},"aioseo_notices":[],"_links":{"self":[{"href":"https:\/\/www.kolibica.com\/it\/wp-json\/wp\/v2\/product\/83438","targetHints":{"allow":["GET"]}}],"collection":[{"href":"https:\/\/www.kolibica.com\/it\/wp-json\/wp\/v2\/product"}],"about":[{"href":"https:\/\/www.kolibica.com\/it\/wp-json\/wp\/v2\/types\/product"}],"wp:featuredmedia":[{"embeddable":true,"href":"https:\/\/www.kolibica.com\/it\/wp-json\/wp\/v2\/media\/75989"}],"wp:attachment":[{"href":"https:\/\/www.kolibica.com\/it\/wp-json\/wp\/v2\/media?parent=83438"}],"wp:term":[{"taxonomy":"product_brand","embeddable":true,"href":"https:\/\/www.kolibica.com\/it\/wp-json\/wp\/v2\/product_brand?post=83438"},{"taxonomy":"product_cat","embeddable":true,"href":"https:\/\/www.kolibica.com\/it\/wp-json\/wp\/v2\/product_cat?post=83438"},{"taxonomy":"product_tag","embeddable":true,"href":"https:\/\/www.kolibica.com\/it\/wp-json\/wp\/v2\/product_tag?post=83438"}],"curies":[{"name":"wp","href":"https:\/\/api.w.org\/{rel}","templated":true}]}}