{"id":83174,"date":"2019-02-12T20:15:34","date_gmt":"2019-02-12T18:15:34","guid":{"rendered":"https:\/\/www.kolibica.com\/product\/sedia-a-sdraio-leggera\/"},"modified":"2023-01-29T17:58:54","modified_gmt":"2023-01-29T15:58:54","slug":"sdraio-in-legno","status":"publish","type":"product","link":"https:\/\/www.kolibica.com\/it\/prodotto\/sdraio-in-legno\/","title":{"rendered":"Sdraio in legno"},"content":{"rendered":"<p><strong>Sdraio in legno<\/strong>\u00a0\u00e8 una sedia con struttura in legno caratterizzata da una buona protezione dagli agenti esterni (pioggia, vento, sole) per essere il pi\u00f9 durevole possibile, perch\u00e9 \u00e8 destinata a stare in piedi sulla spiaggia o a bordo piscina. Il sedile \u00e8 realizzato in tela sintetica di alta qualit\u00e0, quasi non estensibile che non assorbe l&#8217;acqua. Le poltrone standard di nostra produzione hanno 3 posizioni di schienale, oltre ai braccioli.<\/p>\n<p><strong>Sdraio in legno<\/strong> \u00e8 destinato al riposo e al relax, principalmente sulle spiagge o sulle navi da crociera. Viene utilizzato anche nei giardini dei ristoranti e per rilassarsi a bordo piscina. \u00c8 pieghevole e molto leggero per il trasporto, cos\u00ec come per un trasporto pi\u00f9 lungo, quindi puoi portare queste sedie con te in vacanza.<br \/>\nUn gran numero di hotel e ristoranti sulle spiagge della costa montenegrina ha scelto i nostri modelli ligeshtula, perch\u00e9 si sono rivelati molto resistenti e durevoli. Se il cliente lo desidera, c&#8217;\u00e8 la possibilit\u00e0 di stampare il logo sulla tela o di cucire lo stemma. I Ligestul sono prodotti in un colore naturale, ma possono essere realizzati in un&#8217;altra variante secondo la richiesta del cliente. Anche il colore della tela \u00e8 una scelta del cliente, se si tratta di quantit\u00e0 maggiori.<\/p>\n<p>Il prezzo di ligestul \u00e8 di 40 euro. Queste sedie sono facilmente trasportabili, quindi possiamo consegnarle al tuo indirizzo di casa. Il prezzo del trasporto sul territorio della Serbia \u00e8 di circa 700 dinari tramite corriere. Per un numero maggiore di sedie, questo prezzo pu\u00f2 essere notevolmente inferiore.<\/p>\n","protected":false},"excerpt":{"rendered":"<p>Sdraio in legno\u00a0\u00e8 una sedia con struttura in legno caratterizzata  [&#8230;]<\/p>\n","protected":false},"featured_media":76021,"template":"","meta":{"content-type":""},"product_brand":[],"product_cat":[157,156,158],"product_tag":[],"class_list":{"0":"post-83174","1":"product","2":"type-product","3":"status-publish","4":"has-post-thumbnail","6":"product_cat-arredamento-da-giardino","7":"product_cat-mobilia","8":"product_cat-sedie-in-legno","10":"first","11":"instock","12":"shipping-taxable","13":"purchasable","14":"product-type-simple"},"aioseo_notices":[],"_links":{"self":[{"href":"https:\/\/www.kolibica.com\/it\/wp-json\/wp\/v2\/product\/83174","targetHints":{"allow":["GET"]}}],"collection":[{"href":"https:\/\/www.kolibica.com\/it\/wp-json\/wp\/v2\/product"}],"about":[{"href":"https:\/\/www.kolibica.com\/it\/wp-json\/wp\/v2\/types\/product"}],"wp:featuredmedia":[{"embeddable":true,"href":"https:\/\/www.kolibica.com\/it\/wp-json\/wp\/v2\/media\/76021"}],"wp:attachment":[{"href":"https:\/\/www.kolibica.com\/it\/wp-json\/wp\/v2\/media?parent=83174"}],"wp:term":[{"taxonomy":"product_brand","embeddable":true,"href":"https:\/\/www.kolibica.com\/it\/wp-json\/wp\/v2\/product_brand?post=83174"},{"taxonomy":"product_cat","embeddable":true,"href":"https:\/\/www.kolibica.com\/it\/wp-json\/wp\/v2\/product_cat?post=83174"},{"taxonomy":"product_tag","embeddable":true,"href":"https:\/\/www.kolibica.com\/it\/wp-json\/wp\/v2\/product_tag?post=83174"}],"curies":[{"name":"wp","href":"https:\/\/api.w.org\/{rel}","templated":true}]}}