{"id":83167,"date":"2019-02-13T00:18:51","date_gmt":"2019-02-12T22:18:51","guid":{"rendered":"https:\/\/www.kolibica.com\/product\/sedie-per-ristoranti-porto\/"},"modified":"2023-01-30T16:56:44","modified_gmt":"2023-01-30T14:56:44","slug":"sedie-bar-ristorante-e-pizzeria-porto","status":"publish","type":"product","link":"https:\/\/www.kolibica.com\/it\/prodotto\/sedie-bar-ristorante-e-pizzeria-porto\/","title":{"rendered":"Sedie bar, ristorante e pizzeria Porto"},"content":{"rendered":"<p><strong>Sedie bar, ristorante e pizzeria Porto\u00a0<\/strong>sono molto apprezzate per la loro elegante semplicit\u00e0. La sedia \u00e8 rinforzata con barre di legno trasversali su ciascun lato, che le conferiscono forza e stabilit\u00e0 eccezionali. Lo schienale \u00e8 leggermente inclinato all&#8217;indietro, per una seduta pi\u00f9 confortevole, poich\u00e9 le sedie sono destinate ai ristoranti. Le sedie sono in <a href=\"https:\/\/www.kolibica.com\/it\/proprieta-strutturali-e-usabilita-delle-specie-legnose-domestiche\/\">faggio<\/a>.<\/p>\n<p>&nbsp;<\/p>\n<p>Per quantita maggiori di sedie concediamo uno sconto aggiuntivo.<\/p>\n","protected":false},"excerpt":{"rendered":"<p>Sedie bar, ristorante e pizzeria Porto\u00a0sono molto apprezzate per la  [&#8230;]<\/p>\n","protected":false},"featured_media":76153,"template":"","meta":{"content-type":""},"product_brand":[],"product_cat":[156,158],"product_tag":[],"class_list":{"0":"post-83167","1":"product","2":"type-product","3":"status-publish","4":"has-post-thumbnail","6":"product_cat-mobilia","7":"product_cat-sedie-in-legno","9":"first","10":"instock","11":"shipping-taxable","12":"purchasable","13":"product-type-simple"},"aioseo_notices":[],"_links":{"self":[{"href":"https:\/\/www.kolibica.com\/it\/wp-json\/wp\/v2\/product\/83167","targetHints":{"allow":["GET"]}}],"collection":[{"href":"https:\/\/www.kolibica.com\/it\/wp-json\/wp\/v2\/product"}],"about":[{"href":"https:\/\/www.kolibica.com\/it\/wp-json\/wp\/v2\/types\/product"}],"wp:featuredmedia":[{"embeddable":true,"href":"https:\/\/www.kolibica.com\/it\/wp-json\/wp\/v2\/media\/76153"}],"wp:attachment":[{"href":"https:\/\/www.kolibica.com\/it\/wp-json\/wp\/v2\/media?parent=83167"}],"wp:term":[{"taxonomy":"product_brand","embeddable":true,"href":"https:\/\/www.kolibica.com\/it\/wp-json\/wp\/v2\/product_brand?post=83167"},{"taxonomy":"product_cat","embeddable":true,"href":"https:\/\/www.kolibica.com\/it\/wp-json\/wp\/v2\/product_cat?post=83167"},{"taxonomy":"product_tag","embeddable":true,"href":"https:\/\/www.kolibica.com\/it\/wp-json\/wp\/v2\/product_tag?post=83167"}],"curies":[{"name":"wp","href":"https:\/\/api.w.org\/{rel}","templated":true}]}}