{"id":83165,"date":"2019-02-13T00:30:07","date_gmt":"2019-02-12T22:30:07","guid":{"rendered":"https:\/\/www.kolibica.com\/product\/seggiola-da-bar\/"},"modified":"2023-01-30T19:02:39","modified_gmt":"2023-01-30T17:02:39","slug":"sgabelli-da-bar-ristorante-e-pizzeria","status":"publish","type":"product","link":"https:\/\/www.kolibica.com\/it\/prodotto\/sgabelli-da-bar-ristorante-e-pizzeria\/","title":{"rendered":"Sgabelli da bar, ristorante e pizzeria"},"content":{"rendered":"<p><strong>Sgabelli da bar, ristorante e pizzeria<\/strong>\u00a0sono realizzati in <a href=\"https:\/\/www.kolibica.com\/it\/proprieta-strutturali-e-usabilita-delle-specie-legnose-domestiche\/\">faggio<\/a> cotto a vapore e sono caratterizzati da un&#8217;eccezionale robustezza. Ulteriore stabilit\u00e0 \u00e8 data alle sedie da giunti trasversali in legno con uno spessore di 20 mm. Lo schienale dello sgabello da bar pu\u00f2 avere due o tre doghe trasversali.<\/p>\n<p>Per quantita maggiori di sedie concediamo uno sconto aggiuntivo.<\/p>\n","protected":false},"excerpt":{"rendered":"<p>Sgabelli da bar, ristorante e pizzeria\u00a0sono realizzati in faggio cotto  [&#8230;]<\/p>\n","protected":false},"featured_media":76197,"template":"","meta":{"content-type":""},"product_brand":[],"product_cat":[156,158],"product_tag":[],"class_list":{"0":"post-83165","1":"product","2":"type-product","3":"status-publish","4":"has-post-thumbnail","6":"product_cat-mobilia","7":"product_cat-sedie-in-legno","9":"first","10":"instock","11":"shipping-taxable","12":"purchasable","13":"product-type-simple"},"aioseo_notices":[],"_links":{"self":[{"href":"https:\/\/www.kolibica.com\/it\/wp-json\/wp\/v2\/product\/83165","targetHints":{"allow":["GET"]}}],"collection":[{"href":"https:\/\/www.kolibica.com\/it\/wp-json\/wp\/v2\/product"}],"about":[{"href":"https:\/\/www.kolibica.com\/it\/wp-json\/wp\/v2\/types\/product"}],"wp:featuredmedia":[{"embeddable":true,"href":"https:\/\/www.kolibica.com\/it\/wp-json\/wp\/v2\/media\/76197"}],"wp:attachment":[{"href":"https:\/\/www.kolibica.com\/it\/wp-json\/wp\/v2\/media?parent=83165"}],"wp:term":[{"taxonomy":"product_brand","embeddable":true,"href":"https:\/\/www.kolibica.com\/it\/wp-json\/wp\/v2\/product_brand?post=83165"},{"taxonomy":"product_cat","embeddable":true,"href":"https:\/\/www.kolibica.com\/it\/wp-json\/wp\/v2\/product_cat?post=83165"},{"taxonomy":"product_tag","embeddable":true,"href":"https:\/\/www.kolibica.com\/it\/wp-json\/wp\/v2\/product_tag?post=83165"}],"curies":[{"name":"wp","href":"https:\/\/api.w.org\/{rel}","templated":true}]}}