{"id":83155,"date":"2022-08-01T17:26:19","date_gmt":"2022-08-01T15:26:19","guid":{"rendered":"https:\/\/www.kolibica.com\/product\/portabottiglie-inclinato\/"},"modified":"2023-02-03T20:54:35","modified_gmt":"2023-02-03T18:54:35","slug":"portabottiglie-inclinato","status":"publish","type":"product","link":"https:\/\/www.kolibica.com\/it\/prodotto\/portabottiglie-inclinato\/","title":{"rendered":"Portabottiglie inclinato"},"content":{"rendered":"<p><strong>Portabottiglie inclinato<\/strong>\u00a0\u00e8 un supporto molto semplice per le bottiglie di vino, solitamente posizionato su scaffali o tavoli nei ristoranti. \u00c8 realizzato in faggio e pu\u00f2 essere tinto e\/o verniciato secondo i desideri del cliente. Il supporto inclinato \u00e8 ideale per l&#8217;incisione, grazie all&#8217;ampia superficie piana.<\/p>\n<p><strong>Prezzi dei portabottiglie inclinati:<\/strong><\/p>\n<p>100-500 pezzi: 3,00 Euro<br \/>\n500-1000 pezzi: 2,70 Euro<br \/>\noltre 1000 pezzi: 2,30 Euro<\/p>\n<p><strong>Il portabottiglie inclinato<\/strong> \u00e8 adatto per l&#8217;incisione CNC, l&#8217;incisione laser e la stampa.<\/p>\n<p>.<\/p>\n<p>&nbsp;<\/p>\n","protected":false},"excerpt":{"rendered":"<p>Portabottiglie inclinato\u00a0\u00e8 un supporto molto semplice per le bottiglie di  [&#8230;]<\/p>\n","protected":false},"featured_media":77872,"template":"","meta":{"content-type":""},"product_brand":[],"product_cat":[151],"product_tag":[],"class_list":{"0":"post-83155","1":"product","2":"type-product","3":"status-publish","4":"has-post-thumbnail","6":"product_cat-accessori-da-cucina-in-legno","8":"first","9":"instock","10":"shipping-taxable","11":"product-type-simple"},"aioseo_notices":[],"_links":{"self":[{"href":"https:\/\/www.kolibica.com\/it\/wp-json\/wp\/v2\/product\/83155","targetHints":{"allow":["GET"]}}],"collection":[{"href":"https:\/\/www.kolibica.com\/it\/wp-json\/wp\/v2\/product"}],"about":[{"href":"https:\/\/www.kolibica.com\/it\/wp-json\/wp\/v2\/types\/product"}],"wp:featuredmedia":[{"embeddable":true,"href":"https:\/\/www.kolibica.com\/it\/wp-json\/wp\/v2\/media\/77872"}],"wp:attachment":[{"href":"https:\/\/www.kolibica.com\/it\/wp-json\/wp\/v2\/media?parent=83155"}],"wp:term":[{"taxonomy":"product_brand","embeddable":true,"href":"https:\/\/www.kolibica.com\/it\/wp-json\/wp\/v2\/product_brand?post=83155"},{"taxonomy":"product_cat","embeddable":true,"href":"https:\/\/www.kolibica.com\/it\/wp-json\/wp\/v2\/product_cat?post=83155"},{"taxonomy":"product_tag","embeddable":true,"href":"https:\/\/www.kolibica.com\/it\/wp-json\/wp\/v2\/product_tag?post=83155"}],"curies":[{"name":"wp","href":"https:\/\/api.w.org\/{rel}","templated":true}]}}