{"id":90576,"date":"2025-07-01T17:17:54","date_gmt":"2025-07-01T15:17:54","guid":{"rendered":"https:\/\/www.kolibica.com\/product\/okrugli-podmetac-od-plute-cortex-o\/"},"modified":"2025-07-01T17:17:54","modified_gmt":"2025-07-01T15:17:54","slug":"okrugli-podmetac-od-plute-cortex-o","status":"publish","type":"product","link":"https:\/\/www.kolibica.com\/en\/product\/okrugli-podmetac-od-plute-cortex-o\/","title":{"rendered":"Okrugli podmeta\u010d od plute CORTEX O"},"content":{"rendered":"<h3 data-start=\"703\" data-end=\"1105\"><strong data-start=\"703\" data-end=\"745\">Okrugli podmeta\u010d od plute\u00a0<\/strong><strong data-start=\"703\" data-end=\"745\">CORTEX O \u2014 <\/strong>predstavlja upravo takav proizvod. Napravljen od prirodne plute, pre\u010dnika 90 mm, debljine 5 mm, ovaj podmeta\u010d je lagan, otporan na vlagu i toplotu, izdr\u017eljiv i jednostavan za odr\u017eavanje. Njegova prirodna tekstura i topli tonovi pru\u017eaju prijatan, sofisticiran izgled koji se uklapa u razli\u010dite tipove enterijera, od modernih minimalisti\u010dkih do rusti\u010dnih, toplih ambijenata.<\/h3>\n<h4 data-start=\"1107\" data-end=\"1148\"><strong data-start=\"1112\" data-end=\"1148\">U savremenom ugostiteljstvu i poslovanju, sitni detalji \u010dine veliku razliku. Oni su ti koji oblikuju iskustvo gosta i prenose vrednosti va\u0161eg brenda.\u00a0<\/strong><strong data-start=\"703\" data-end=\"745\">Okrugli podmeta\u010d od plute\u00a0<\/strong><strong data-start=\"703\" data-end=\"745\">CORTEX O je jedan od njih.<br \/>\n<\/strong><strong data-start=\"1112\" data-end=\"1148\"><br \/>\nPrakti\u010dnost koja ostavlja utisak<\/strong><\/h4>\n<p data-start=\"1150\" data-end=\"1370\">Osnovna funkcija podmeta\u010da \u2014 za\u0161tita povr\u0161ina od toplotnih o\u0161te\u0107enja i fleka \u2014 ovde je podignuta na vi\u0161i nivo. Gosti i klijenti ose\u0107aju dodatnu pa\u017enju i brigu o detaljima, \u0161to direktno uti\u010de na percepciju va\u0161eg brenda.<\/p>\n<p data-start=\"1372\" data-end=\"1623\">Zamislite goste u restoranu koji pa\u017eljivo postavljaju \u010da\u0161e na prirodne podmeta\u010de od plute, ili poslovne partnere na sastanku koji primete brendirani detalj na stolu. Svaki kontakt sa ovim proizvodom postaje prilika za promociju i ja\u010danje lojalnosti.<\/p>\n<h4 data-start=\"1625\" data-end=\"1678\"><strong data-start=\"1630\" data-end=\"1678\">Dodajte \u0161perplo\u010du za jedinstveno brendiranje<\/strong><\/h4>\n<p data-start=\"1680\" data-end=\"1896\">Ono \u0161to izdvaja <strong data-start=\"1696\" data-end=\"1708\">CORTEX O<\/strong> od standardnih podmeta\u010da od plute jeste mogu\u0107nost kombinovanja sa \u0161perplo\u010dom. Dodavanjem sloja \u0161perplo\u010de, dobijate dodatnu \u010dvrsto\u0107u, vizuelni kontrast i neograni\u010dene opcije brendiranja.<\/p>\n<p data-start=\"1898\" data-end=\"1939\">Na povr\u0161inu \u0161perplo\u010de mo\u017eete primeniti:<\/p>\n<ul data-start=\"1940\" data-end=\"2169\">\n<li data-start=\"1940\" data-end=\"2001\">\n<p data-start=\"1942\" data-end=\"2001\"><strong data-start=\"1942\" data-end=\"1965\">Lasersko graviranje<\/strong> \u2014 za suptilan i elegantan utisak.<\/p>\n<\/li>\n<li data-start=\"2002\" data-end=\"2065\">\n<p data-start=\"2004\" data-end=\"2065\"><strong data-start=\"2004\" data-end=\"2017\">UV \u0161tampu<\/strong> \u2014 za isticanje boja i detalja va\u0161eg logotipa.<\/p>\n<\/li>\n<li data-start=\"2066\" data-end=\"2169\">\n<p data-start=\"2068\" data-end=\"2169\"><strong data-start=\"2068\" data-end=\"2106\">Personalizovane poruke ili slogane<\/strong> \u2014 za specijalne doga\u0111aje, promotivne akcije ili kao poklone.<\/p>\n<\/li>\n<\/ul>\n<p data-start=\"2171\" data-end=\"2332\">Ovaj inovativni pristup omogu\u0107ava vam da svaki CORTEX O podmeta\u010d postane mini ambasador va\u0161eg brenda na stolu, u baru, hotelskoj sobi ili konferencijskoj sali.<\/p>\n<h4 data-start=\"2334\" data-end=\"2374\"><strong data-start=\"2339\" data-end=\"2374\">Ekolo\u0161ki odabir koji ja\u010da brend<\/strong><\/h4>\n<p data-start=\"2376\" data-end=\"2648\">Sve vi\u0161e kompanija bira odr\u017eiva re\u0161enja kako bi pokazale odgovornost prema prirodi. Pluta je potpuno prirodan i obnovljiv materijal, a kada se kombinuje sa \u0161perplo\u010dom iz kontrolisanih izvora, dobija se savr\u0161en balans izme\u0111u dizajna, funkcionalnosti i ekolo\u0161ke vrednosti.<\/p>\n<p data-start=\"2650\" data-end=\"2807\">Odabirom CORTEX O podmeta\u010da \u0161aljete poruku da cenite prirodne materijale, brinete o ekologiji i istovremeno investirate u dugotrajne, vi\u0161ekratne proizvode.<\/p>\n<h4 data-start=\"2809\" data-end=\"2839\"><strong data-start=\"2814\" data-end=\"2839\">Vi\u0161enamenska upotreba<\/strong><\/h4>\n<p data-start=\"2841\" data-end=\"2884\"><strong>CORTEX O podmeta\u010d od plute idealan je za:<\/strong><\/p>\n<ul data-start=\"2885\" data-end=\"3226\">\n<li data-start=\"2885\" data-end=\"2960\">\n<p data-start=\"2887\" data-end=\"2960\">Restorane, kafi\u0107e i barove koji \u017eele da za\u0161tite stolove i ja\u010daju brend.<\/p>\n<\/li>\n<li data-start=\"2961\" data-end=\"3053\">\n<p data-start=\"2963\" data-end=\"3053\">Hotelske sobe i konferencijske sale gde je va\u017ena kombinacija funkcionalnosti i estetike.<\/p>\n<\/li>\n<li data-start=\"3054\" data-end=\"3134\">\n<p data-start=\"3056\" data-end=\"3134\">Korporativne doga\u0111aje, sajmove i promocije kao atraktivan promotivni poklon.<\/p>\n<\/li>\n<li data-start=\"3135\" data-end=\"3226\">\n<p data-start=\"3137\" data-end=\"3226\">Poklone za poslovne partnere i VIP goste \u2014 kao znak pa\u017enje koji ostaje dugo u upotrebi.<\/p>\n<\/li>\n<\/ul>\n<p data-start=\"3256\" data-end=\"3616\"><em>&#8221;Kao menad\u017eer premium hotelskog lanca, uvek tra\u017eim proizvode koji kombinuju prakti\u010dnost i brendiranje. CORTEX O podmeta\u010d smo odabrali jer savr\u0161eno \u0161titi stolove, izgleda odli\u010dno u svakom ambijentu i pru\u017ea mogu\u0107nost personalizacije sa \u0161perplo\u010dom. Na\u0161i gosti \u010desto pitaju gde mogu nabaviti ovakve podmeta\u010de, a to je najbolji dokaz koliko su efektni i prime\u0107eni.&#8221;<\/em><\/p>\n<p data-start=\"3256\" data-end=\"3616\"><em>Sr\u0111an &#8211; Splendid Apartments<\/em><\/p>\n<p data-start=\"3256\" data-end=\"3616\">U\u010dinite da va\u0161 brend bude prime\u0107en na svakom stolu! Poru\u010dite CORTEX O podmeta\u010de od plute, personalizujte ih \u0161perplo\u010dom i ostavite sna\u017ean utisak na goste i klijente. <a href=\"https:\/\/www.kolibica.com\/en\/contact-2\/\">Kontaktirajte nas<\/a> ve\u0107 danas za ponudu, personalizaciju i koli\u010dinske popuste.<\/p>\n","protected":false},"excerpt":{"rendered":"<p>Okrugli podmeta\u010d od plute\u00a0CORTEX O \u2014 predstavlja upravo takav proizvod.  [&#8230;]<\/p>\n","protected":false},"featured_media":90546,"template":"","meta":{"content-type":""},"product_brand":[],"product_cat":[117,116],"product_tag":[],"class_list":{"0":"post-90576","1":"product","2":"type-product","3":"status-publish","4":"has-post-thumbnail","6":"product_cat-kitchen-wooden-accessories","7":"product_cat-wooden-haberdashery","9":"first","10":"instock","11":"shipping-taxable","12":"product-type-simple"},"aioseo_notices":[],"_links":{"self":[{"href":"https:\/\/www.kolibica.com\/en\/wp-json\/wp\/v2\/product\/90576","targetHints":{"allow":["GET"]}}],"collection":[{"href":"https:\/\/www.kolibica.com\/en\/wp-json\/wp\/v2\/product"}],"about":[{"href":"https:\/\/www.kolibica.com\/en\/wp-json\/wp\/v2\/types\/product"}],"wp:featuredmedia":[{"embeddable":true,"href":"https:\/\/www.kolibica.com\/en\/wp-json\/wp\/v2\/media\/90546"}],"wp:attachment":[{"href":"https:\/\/www.kolibica.com\/en\/wp-json\/wp\/v2\/media?parent=90576"}],"wp:term":[{"taxonomy":"product_brand","embeddable":true,"href":"https:\/\/www.kolibica.com\/en\/wp-json\/wp\/v2\/product_brand?post=90576"},{"taxonomy":"product_cat","embeddable":true,"href":"https:\/\/www.kolibica.com\/en\/wp-json\/wp\/v2\/product_cat?post=90576"},{"taxonomy":"product_tag","embeddable":true,"href":"https:\/\/www.kolibica.com\/en\/wp-json\/wp\/v2\/product_tag?post=90576"}],"curies":[{"name":"wp","href":"https:\/\/api.w.org\/{rel}","templated":true}]}}