{"id":89778,"date":"2025-06-04T22:56:45","date_gmt":"2025-06-04T20:56:45","guid":{"rendered":"https:\/\/www.kolibica.com\/product\/drvena-poklon-kutija-za-flasu-baroque\/"},"modified":"2025-06-04T23:13:19","modified_gmt":"2025-06-04T21:13:19","slug":"drvena-poklon-kutija-za-flasu-baroque","status":"publish","type":"product","link":"https:\/\/www.kolibica.com\/en\/product\/drvena-poklon-kutija-za-flasu-baroque\/","title":{"rendered":"Drvena poklon kutija za fla\u0161u\u00a0BAROQUE"},"content":{"rendered":"<h2 data-start=\"81\" data-end=\"168\"><strong data-start=\"87\" data-end=\"168\">Drvena poklon kutija za fla\u0161u\u00a0<\/strong><strong data-start=\"87\" data-end=\"168\">BAROQUE \u2013 <\/strong><strong data-start=\"87\" data-end=\"168\">Klasi\u010dan izbor za savremene brendove<\/strong><\/h2>\n<p data-start=\"170\" data-end=\"284\"><span class=\"relative -mx-px my-[-0.2rem] rounded px-px py-[0.2rem] transition-colors duration-100 ease-in-out\">U svetu poslovnih poklona, gde je prvi utisak \u010desto presudan, <strong data-start=\"62\" data-end=\"73\">BAROQUE<\/strong> drvena poklon kutija za fla\u0161u predstavlja savr\u0161en spoj klasi\u010dnog dizajna i prakti\u010dne upotrebljivosti.<\/span> <span class=\"relative -mx-px my-[-0.2rem] rounded px-px py-[0.2rem] transition-colors duration-100 ease-in-out\">Ova kutija, izra\u0111ena od visokokvalitetnog drveta, idealna je za kompanije koje \u017eele da ostave sna\u017ean i trajan utisak na svoje klijente, partnere ili zaposlene.<\/span><\/p>\n<h3 data-start=\"286\" data-end=\"339\">\ud83c\udf3f <strong data-start=\"293\" data-end=\"339\">Prirodni materijali za sofisticiran izgled<\/strong><\/h3>\n<p data-start=\"341\" data-end=\"459\"><span class=\"relative -mx-px my-[-0.2rem] rounded px-px py-[0.2rem] transition-colors duration-100 ease-in-out\">BAROQUE kutija je izra\u0111ena od visokokvalitetnog drveta, \u0161to joj daje prirodnu toplinu i estetski ugo\u0111aj.<\/span> <span class=\"relative -mx-px my-[-0.2rem] rounded px-px py-[0.2rem] transition-colors duration-100 ease-in-out\">Njen minimalisti\u010dki dizajn i pa\u017eljivo odabrani materijali lako se uklapaju u razli\u010dite enterijere, dodaju\u0107i \u0161arm i eleganciju svakom prostoru.<\/span><\/p>\n<h3 data-start=\"461\" data-end=\"511\">\ud83c\udf81 <strong data-start=\"468\" data-end=\"511\">Idealno za poslovne poklone i promocije<\/strong><\/h3>\n<p data-start=\"513\" data-end=\"591\"><strong><span class=\"relative -mx-px my-[-0.2rem] rounded px-px py-[0.2rem] transition-colors duration-100 ease-in-out\">BAROQUE kutija dolazi u elegantnom poklon pakovanju, \u0161to je \u010dini savr\u0161enim izborom za:<\/span><\/strong><\/p>\n<ul data-start=\"593\" data-end=\"799\">\n<li data-start=\"593\" data-end=\"634\">\n<p data-start=\"595\" data-end=\"634\"><span class=\"relative -mx-px my-[-0.2rem] rounded px-px py-[0.2rem] transition-colors duration-100 ease-in-out\"><strong data-start=\"0\" data-end=\"20\" data-is-last-node=\"\" data-is-only-node=\"\">Poslovne poklone<\/strong><\/span><\/p>\n<\/li>\n<li data-start=\"635\" data-end=\"676\">\n<p data-start=\"637\" data-end=\"676\"><span class=\"relative -mx-px my-[-0.2rem] rounded px-px py-[0.2rem] transition-colors duration-100 ease-in-out\"><strong data-start=\"0\" data-end=\"34\" data-is-last-node=\"\" data-is-only-node=\"\">Poklone za partnere i klijente<\/strong><\/span><\/p>\n<\/li>\n<li data-start=\"677\" data-end=\"718\">\n<p data-start=\"679\" data-end=\"718\"><span class=\"relative -mx-px my-[-0.2rem] rounded px-px py-[0.2rem] transition-colors duration-100 ease-in-out\"><strong data-start=\"0\" data-end=\"23\" data-is-last-node=\"\" data-is-only-node=\"\">Promotivne kampanje<\/strong><\/span><\/p>\n<\/li>\n<li data-start=\"719\" data-end=\"799\">\n<p data-start=\"721\" data-end=\"799\"><span class=\"relative -mx-px my-[-0.2rem] rounded px-px py-[0.2rem] transition-colors duration-100 ease-in-out\"><strong data-start=\"0\" data-end=\"65\" data-is-last-node=\"\" data-is-only-node=\"\">Specijalne prilike kao \u0161to su jubileji, godi\u0161njice i proslave<\/strong><\/span><\/p>\n<\/li>\n<\/ul>\n<p data-start=\"801\" data-end=\"879\"><span class=\"relative -mx-px my-[-0.2rem] rounded px-px py-[0.2rem] transition-colors duration-100 ease-in-out\">Mogu\u0107nost personalizacije putem laserske gravure omogu\u0107ava dodavanje logotipa ili posebne poruke, \u010dime se ova kutija pretvara u jedinstveni promotivni proizvod.<\/span><\/p>\n<h3 data-start=\"881\" data-end=\"915\">\ud83d\udcd0 <strong data-start=\"888\" data-end=\"915\">Specifikacije proizvoda<\/strong><\/h3>\n<ul data-start=\"917\" data-end=\"1274\">\n<li data-start=\"917\" data-end=\"938\">\n<p data-start=\"919\" data-end=\"938\"><strong data-start=\"919\" data-end=\"932\">Materijal<\/strong>: Drvo<\/p>\n<\/li>\n<li data-start=\"939\" data-end=\"995\">\n<p data-start=\"941\" data-end=\"995\"><strong data-start=\"941\" data-end=\"954\">Dimenzije<\/strong>: <span class=\"relative -mx-px my-[-0.2rem] rounded px-px py-[0.2rem] transition-colors duration-100 ease-in-out\">11 x 10.5 x 35 cm<\/span><\/p>\n<\/li>\n<li data-start=\"996\" data-end=\"1054\">\n<p data-start=\"998\" data-end=\"1054\"><strong data-start=\"998\" data-end=\"1013\">Neto te\u017eina<\/strong>: <span class=\"relative -mx-px my-[-0.2rem] rounded px-px py-[0.2rem] transition-colors duration-100 ease-in-out\">0.34 kg<\/span><\/p>\n<\/li>\n<li data-start=\"1055\" data-end=\"1114\">\n<p data-start=\"1057\" data-end=\"1114\"><strong data-start=\"1057\" data-end=\"1073\">Bruto te\u017eina<\/strong>: <span class=\"relative -mx-px my-[-0.2rem] rounded px-px py-[0.2rem] transition-colors duration-100 ease-in-out\">0.376 kg<\/span><\/p>\n<\/li>\n<li data-start=\"1115\" data-end=\"1136\">\n<p data-start=\"1117\" data-end=\"1136\"><strong data-start=\"1117\" data-end=\"1130\">Pakovanje<\/strong>: 10\/1<\/p>\n<\/li>\n<li data-start=\"1137\" data-end=\"1208\">\n<p data-start=\"1139\" data-end=\"1208\"><strong data-start=\"1139\" data-end=\"1167\">Preporu\u010dena vrsta \u0161tampe<\/strong>: <span class=\"relative -mx-px my-[-0.2rem] rounded px-px py-[0.2rem] transition-colors duration-100 ease-in-out\">Laserska gravura<\/span><\/p>\n<\/li>\n<\/ul>\n<p data-start=\"2204\" data-end=\"2282\"><strong><span class=\"relative -mx-px my-[-0.2rem] rounded px-px py-[0.2rem] transition-colors duration-100 ease-in-out\">Ako tra\u017eite poklon koji \u0107e ostaviti sna\u017ean utisak i postati dugoro\u010dna asocijacija na va\u0161u kompaniju \u2013 BAROQUE je prava prilika da se istaknete.<\/span><\/strong><\/p>\n<p data-start=\"2284\" data-end=\"2502\">\ud83d\udc49 <a title=\"Kontaktirajte nas\" href=\"https:\/\/www.kolibica.com\/en\/contact-2\/\"><strong data-start=\"2287\" data-end=\"2318\">Kontaktirajte nas ve\u0107 danas<\/strong><\/a> kako bismo pripremili personalizovanu ponudu za va\u0161u firmu.<br data-start=\"2378\" data-end=\"2381\" \/>\ud83d\udce6 <strong data-start=\"2384\" data-end=\"2433\">Dostupni su popusti za koli\u010dinske porud\u017ebine.<\/strong><br data-start=\"2433\" data-end=\"2436\" \/>\ud83d\udce9 Pi\u0161ite nam i zajedno kreirajmo promotivni poklon koji se pamti!<\/p>\n","protected":false},"excerpt":{"rendered":"<p>Drvena poklon kutija za fla\u0161u\u00a0BAROQUE \u2013 Klasi\u010dan izbor za savremene  [&#8230;]<\/p>\n","protected":false},"featured_media":89773,"template":"","meta":{"content-type":""},"product_brand":[],"product_cat":[113,110],"product_tag":[],"class_list":{"0":"post-89778","1":"product","2":"type-product","3":"status-publish","4":"has-post-thumbnail","6":"product_cat-wine-boxes","7":"product_cat-wooden-packaging","9":"first","10":"instock","11":"shipping-taxable","12":"purchasable","13":"product-type-simple"},"aioseo_notices":[],"_links":{"self":[{"href":"https:\/\/www.kolibica.com\/en\/wp-json\/wp\/v2\/product\/89778","targetHints":{"allow":["GET"]}}],"collection":[{"href":"https:\/\/www.kolibica.com\/en\/wp-json\/wp\/v2\/product"}],"about":[{"href":"https:\/\/www.kolibica.com\/en\/wp-json\/wp\/v2\/types\/product"}],"wp:featuredmedia":[{"embeddable":true,"href":"https:\/\/www.kolibica.com\/en\/wp-json\/wp\/v2\/media\/89773"}],"wp:attachment":[{"href":"https:\/\/www.kolibica.com\/en\/wp-json\/wp\/v2\/media?parent=89778"}],"wp:term":[{"taxonomy":"product_brand","embeddable":true,"href":"https:\/\/www.kolibica.com\/en\/wp-json\/wp\/v2\/product_brand?post=89778"},{"taxonomy":"product_cat","embeddable":true,"href":"https:\/\/www.kolibica.com\/en\/wp-json\/wp\/v2\/product_cat?post=89778"},{"taxonomy":"product_tag","embeddable":true,"href":"https:\/\/www.kolibica.com\/en\/wp-json\/wp\/v2\/product_tag?post=89778"}],"curies":[{"name":"wp","href":"https:\/\/api.w.org\/{rel}","templated":true}]}}