{"id":89547,"date":"2025-06-04T15:47:18","date_gmt":"2025-06-04T13:47:18","guid":{"rendered":"https:\/\/www.kolibica.com\/product\/drvena-drustvena-igra-xo\/"},"modified":"2025-06-04T15:49:33","modified_gmt":"2025-06-04T13:49:33","slug":"drvena-drustvena-igra-xo","status":"publish","type":"product","link":"https:\/\/www.kolibica.com\/en\/product\/drvena-drustvena-igra-xo\/","title":{"rendered":"Drvena dru\u0161tvena igra XO"},"content":{"rendered":"<h2>Drvena dru\u0161tvena igra XO TACTIC je klasi\u010dna zabava u modernom ruhu<\/h2>\n<p data-start=\"159\" data-end=\"273\"><span class=\"relative -mx-px my-[-0.2rem] rounded px-px py-[0.2rem] transition-colors duration-100 ease-in-out\">U svetu preplavljenom digitalnim sadr\u017eajem, povratak klasi\u010dnim dru\u0161tvenim igrama donosi osve\u017eenje i priliku za kvalitetno provedeno vreme sa porodicom i prijateljima.<\/span> <span class=\"relative -mx-px my-[-0.2rem] rounded px-px py-[0.2rem] transition-colors duration-100 ease-in-out\"><strong data-start=\"0\" data-end=\"10\" data-is-only-node=\"\">TACTIC<\/strong> je elegantna drvena verzija popularne igre &#8220;Iks-Oks&#8221; (XO), koja kombinuje jednostavnost, estetiku i funkcionalnost, \u010dine\u0107i je savr\u0161enim dodatkom svakom domu ili kancelariji.<\/span><\/p>\n<h3 data-start=\"275\" data-end=\"328\">\ud83c\udf3f <strong data-start=\"282\" data-end=\"328\">Prirodni materijali za sofisticiran izgled<\/strong><\/h3>\n<p data-start=\"330\" data-end=\"448\"><span class=\"relative -mx-px my-[-0.2rem] rounded px-px py-[0.2rem] transition-colors duration-100 ease-in-out\">Izra\u0111ena od visokokvalitetnog drveta, TACTIC igra donosi prirodnu toplinu i estetski ugo\u0111aj.<\/span> <span class=\"relative -mx-px my-[-0.2rem] rounded px-px py-[0.2rem] transition-colors duration-100 ease-in-out\">Njen minimalisti\u010dki dizajn i be\u017e boja lako se uklapaju u razli\u010dite enterijere, dodaju\u0107i \u0161arm i eleganciju svakom prostoru.<\/span><\/p>\n<h3 data-start=\"450\" data-end=\"490\">\ud83c\udf81 <strong data-start=\"457\" data-end=\"490\">Idealno za poklon i promociju<\/strong><\/h3>\n<h3 data-start=\"492\" data-end=\"570\"><strong><span class=\"relative -mx-px my-[-0.2rem] rounded px-px py-[0.2rem] transition-colors duration-100 ease-in-out\">TACTIC dolazi u elegantnom poklon pakovanju, \u0161to je \u010dini savr\u0161enim izborom za:<\/span><\/strong><\/h3>\n<ul data-start=\"572\" data-end=\"778\">\n<li data-start=\"572\" data-end=\"613\">\n<p data-start=\"574\" data-end=\"613\"><span class=\"relative -mx-px my-[-0.2rem] rounded px-px py-[0.2rem] transition-colors duration-100 ease-in-out\"><strong data-start=\"0\" data-end=\"21\" data-is-last-node=\"\" data-is-only-node=\"\">Porodi\u010dne poklone<\/strong><\/span><\/p>\n<\/li>\n<li data-start=\"614\" data-end=\"655\">\n<p data-start=\"616\" data-end=\"655\"><span class=\"relative -mx-px my-[-0.2rem] rounded px-px py-[0.2rem] transition-colors duration-100 ease-in-out\"><strong data-start=\"0\" data-end=\"25\" data-is-last-node=\"\" data-is-only-node=\"\">Poklone za prijatelje<\/strong><\/span><\/p>\n<\/li>\n<li data-start=\"656\" data-end=\"697\">\n<p data-start=\"658\" data-end=\"697\"><span class=\"relative -mx-px my-[-0.2rem] rounded px-px py-[0.2rem] transition-colors duration-100 ease-in-out\"><strong data-start=\"0\" data-end=\"24\" data-is-last-node=\"\" data-is-only-node=\"\">Korporativne poklone<\/strong><\/span><\/p>\n<\/li>\n<li data-start=\"698\" data-end=\"778\">\n<p data-start=\"700\" data-end=\"778\"><span class=\"relative -mx-px my-[-0.2rem] rounded px-px py-[0.2rem] transition-colors duration-100 ease-in-out\"><strong data-start=\"0\" data-end=\"23\" data-is-last-node=\"\" data-is-only-node=\"\">Promotivne kampanje<\/strong><\/span><\/p>\n<\/li>\n<\/ul>\n<p data-start=\"780\" data-end=\"858\"><span class=\"relative -mx-px my-[-0.2rem] rounded px-px py-[0.2rem] transition-colors duration-100 ease-in-out\">Mogu\u0107nost personalizacije putem laserske gravure omogu\u0107ava dodavanje logotipa ili posebne poruke, \u010dime se ovaj set pretvara u jedinstveni promotivni proizvod.<\/span><\/p>\n<h3 data-start=\"860\" data-end=\"894\">\ud83d\udcd0 <strong data-start=\"867\" data-end=\"894\">Specifikacije proizvoda<\/strong><\/h3>\n<ul data-start=\"896\" data-end=\"1284\">\n<li data-start=\"896\" data-end=\"917\">\n<p data-start=\"898\" data-end=\"917\"><strong data-start=\"898\" data-end=\"911\">Materijal<\/strong>: Drvo<\/p>\n<\/li>\n<li data-start=\"918\" data-end=\"974\">\n<p data-start=\"920\" data-end=\"974\"><strong data-start=\"920\" data-end=\"933\">Dimenzije<\/strong>: <span class=\"relative -mx-px my-[-0.2rem] rounded px-px py-[0.2rem] transition-colors duration-100 ease-in-out\">7.5 x 7.5 x 3 cm<\/span><\/p>\n<\/li>\n<li data-start=\"975\" data-end=\"1033\">\n<p data-start=\"977\" data-end=\"1033\"><strong data-start=\"977\" data-end=\"992\">Neto te\u017eina<\/strong>: <span class=\"relative -mx-px my-[-0.2rem] rounded px-px py-[0.2rem] transition-colors duration-100 ease-in-out\">0.10 kg<\/span><\/p>\n<\/li>\n<li data-start=\"1034\" data-end=\"1090\">\n<p data-start=\"1036\" data-end=\"1090\"><strong data-start=\"1036\" data-end=\"1049\">Pakovanje<\/strong>: <span class=\"relative -mx-px my-[-0.2rem] rounded px-px py-[0.2rem] transition-colors duration-100 ease-in-out\">100\/50\/1<\/span><\/p>\n<\/li>\n<li data-start=\"1091\" data-end=\"1146\">\n<p data-start=\"1093\" data-end=\"1146\"><strong data-start=\"1093\" data-end=\"1105\">Standard<\/strong>: <span class=\"relative -mx-px my-[-0.2rem] rounded px-px py-[0.2rem] transition-colors duration-100 ease-in-out\">CE Sertifikat<\/span><\/p>\n<\/li>\n<li data-start=\"1147\" data-end=\"1218\">\n<p data-start=\"1149\" data-end=\"1218\"><strong data-start=\"1149\" data-end=\"1177\">Preporu\u010dena vrsta \u0161tampe<\/strong>: <span class=\"relative -mx-px my-[-0.2rem] rounded px-px py-[0.2rem] transition-colors duration-100 ease-in-out\">Laser<\/span><\/p>\n<\/li>\n<\/ul>\n","protected":false},"excerpt":{"rendered":"<p>Drvena dru\u0161tvena igra XO TACTIC je klasi\u010dna zabava u modernom  [&#8230;]<\/p>\n","protected":false},"featured_media":89524,"template":"","meta":{"content-type":""},"product_brand":[],"product_cat":[109,120,116],"product_tag":[],"class_list":{"0":"post-89547","1":"product","2":"type-product","3":"status-publish","4":"has-post-thumbnail","6":"product_cat-board-games","7":"product_cat-souvenirs","8":"product_cat-wooden-haberdashery","10":"first","11":"instock","12":"shipping-taxable","13":"purchasable","14":"product-type-simple"},"aioseo_notices":[],"_links":{"self":[{"href":"https:\/\/www.kolibica.com\/en\/wp-json\/wp\/v2\/product\/89547","targetHints":{"allow":["GET"]}}],"collection":[{"href":"https:\/\/www.kolibica.com\/en\/wp-json\/wp\/v2\/product"}],"about":[{"href":"https:\/\/www.kolibica.com\/en\/wp-json\/wp\/v2\/types\/product"}],"wp:featuredmedia":[{"embeddable":true,"href":"https:\/\/www.kolibica.com\/en\/wp-json\/wp\/v2\/media\/89524"}],"wp:attachment":[{"href":"https:\/\/www.kolibica.com\/en\/wp-json\/wp\/v2\/media?parent=89547"}],"wp:term":[{"taxonomy":"product_brand","embeddable":true,"href":"https:\/\/www.kolibica.com\/en\/wp-json\/wp\/v2\/product_brand?post=89547"},{"taxonomy":"product_cat","embeddable":true,"href":"https:\/\/www.kolibica.com\/en\/wp-json\/wp\/v2\/product_cat?post=89547"},{"taxonomy":"product_tag","embeddable":true,"href":"https:\/\/www.kolibica.com\/en\/wp-json\/wp\/v2\/product_tag?post=89547"}],"curies":[{"name":"wp","href":"https:\/\/api.w.org\/{rel}","templated":true}]}}