{"id":88684,"date":"2023-02-26T10:17:51","date_gmt":"2023-02-26T08:17:51","guid":{"rendered":"https:\/\/www.kolibica.com\/product\/bastenske-stolice-elegant\/"},"modified":"2024-04-23T14:07:38","modified_gmt":"2024-04-23T12:07:38","slug":"bastenske-stolice-elegant","status":"publish","type":"product","link":"https:\/\/www.kolibica.com\/en\/product\/bastenske-stolice-elegant\/","title":{"rendered":"Ba\u0161tenske stolice Elegant"},"content":{"rendered":"<p><strong>Ba\u0161tenske stolice Elegant se proizvode u kombinaciji metala i drveta.<\/strong><\/p>\n<p>Tra\u017eite pouzdanu i elegantnu ba\u0161tensku stolicu?<\/p>\n<p>Ne tra\u017eite dalje! Ova stolica je napravljena od kombinacije metala i drveta, \u0161to je \u010dini gotovo neuni\u0161tivom i sposobnom da izdr\u017ei godine upotrebe. Metal je elektrostati\u010dki za\u0161tic\u0301en, a drvo je premazano sa nekoliko slojeva koji imaju UV za\u0161titu, \u0161to ga \u010dini otpornim na vremenske uslove. Sa svojim elegantnim dizajnom i izdr\u017eljivom konstrukcijom, ba\u0161tenska stolica Elegant je savr\u0161en dodatak svakom otvorenom prostoru.<\/p>\n<p><strong>KARAKTERISTIKE:<\/strong><br \/>\n\ud83d\udcaa Izdr\u017eljiva konstrukcija: Elegantna ba\u0161tenska stolica je napravljena od kombinacije metala i drveta, \u0161to je \u010dini gotovo neuni\u0161tivom i sposobnom da izdr\u017ei godine upotrebe.<\/p>\n<p>\ud83c\udf24 Otporan na vremenske uslove: Metal je elektrostati\u010dki za\u0161tic\u0301en, a drvo je premazano sa nekoliko slojeva UV za\u0161tite, \u0161to ga \u010dini otpornim na vremenske uslove.<\/p>\n<p>\ud83d\udca1 Elegantan dizajn: Elegantna ba\u0161tenska stolica ima elegantan i moderan dizajn koji c\u0301e dodati da\u0161ak stila svakom otvorenom prostoru.<\/p>\n<p><strong>SPECIFIKACIJE:<\/strong><br \/>\n&#8211; Materijal: metal i drvo<br \/>\n&#8211; Kapacitet te\u017eine: 150 kg<\/p>\n<p>&nbsp;<\/p>\n<p>\u010cesta pitanja:<br \/>\nP: Koliku te\u017einu mo\u017ee da izdr\u017ei ba\u0161tenska stolica Elegant?<br \/>\nO: Garden Chair Elegant mo\u017ee da izdr\u017ei do 150 kg.<\/p>\n<p>P: Koliko te\u017ei ba\u0161tenska stolica Elegant?<br \/>\nO: Elegantna ba\u0161tenska stolica te\u017ei 8 kg.<\/p>\n","protected":false},"excerpt":{"rendered":"<p>Ba\u0161tenske stolice Elegant se proizvode u kombinaciji metala i drveta.  [&#8230;]<\/p>\n","protected":false},"featured_media":85673,"template":"","meta":{"content-type":""},"product_brand":[],"product_cat":[122,123,124],"product_tag":[],"class_list":{"0":"post-88684","1":"product","2":"type-product","3":"status-publish","4":"has-post-thumbnail","6":"product_cat-furniture","7":"product_cat-garden-furniture","8":"product_cat-wooden-chairs","10":"first","11":"instock","12":"shipping-taxable","13":"purchasable","14":"product-type-simple"},"aioseo_notices":[],"_links":{"self":[{"href":"https:\/\/www.kolibica.com\/en\/wp-json\/wp\/v2\/product\/88684","targetHints":{"allow":["GET"]}}],"collection":[{"href":"https:\/\/www.kolibica.com\/en\/wp-json\/wp\/v2\/product"}],"about":[{"href":"https:\/\/www.kolibica.com\/en\/wp-json\/wp\/v2\/types\/product"}],"wp:featuredmedia":[{"embeddable":true,"href":"https:\/\/www.kolibica.com\/en\/wp-json\/wp\/v2\/media\/85673"}],"wp:attachment":[{"href":"https:\/\/www.kolibica.com\/en\/wp-json\/wp\/v2\/media?parent=88684"}],"wp:term":[{"taxonomy":"product_brand","embeddable":true,"href":"https:\/\/www.kolibica.com\/en\/wp-json\/wp\/v2\/product_brand?post=88684"},{"taxonomy":"product_cat","embeddable":true,"href":"https:\/\/www.kolibica.com\/en\/wp-json\/wp\/v2\/product_cat?post=88684"},{"taxonomy":"product_tag","embeddable":true,"href":"https:\/\/www.kolibica.com\/en\/wp-json\/wp\/v2\/product_tag?post=88684"}],"curies":[{"name":"wp","href":"https:\/\/api.w.org\/{rel}","templated":true}]}}