{"id":88619,"date":"2023-02-24T08:04:43","date_gmt":"2023-02-24T06:04:43","guid":{"rendered":"https:\/\/www.kolibica.com\/product\/barska-stolica-bentwood-002\/"},"modified":"2024-04-23T13:57:43","modified_gmt":"2024-04-23T11:57:43","slug":"barska-stolica-bentwood-002","status":"publish","type":"product","link":"https:\/\/www.kolibica.com\/en\/product\/barska-stolica-bentwood-002\/","title":{"rendered":"Barska stolica Bentwood 002"},"content":{"rendered":"<p><strong>Barska stolica Bentwood 002 se odli\u010dno uklapa uz modele stolica Bentwood 002, Bentwood 004, Bentwood 044.<\/strong><\/p>\n<p>Da li tra\u017eite udobno re\u0161enje za sedenje za va\u0161 ugostiteljski objekat?<\/p>\n<p>Ne tra\u017eite dalje od ovih drvenih barskih stolica! Izra\u0111ene od <a href=\"https:\/\/www.kolibica.com\/en\/structural-properties-and-usability-of-domestic-types-of-wood\/\">bukve<\/a> i ergonomski dizajnirane sa ukr\u0161tenim letvicama na naslonu koje su savijene kako bi sedenje bilo \u0161to udobnije, ove barske stolice su savr\u0161en dodatak va\u0161em poslu.<\/p>\n<p><strong>KARAKTERISTIKE:<br \/>\n<\/strong><br \/>\n\ud83c\udf33 Drvene: Ove barske stolice su napravljene od <a href=\"https:\/\/www.kolibica.com\/en\/structural-properties-and-usability-of-domestic-types-of-wood\/\">bukve<\/a>, \u0161to ih \u010dini izdr\u017eljivim i estetski prijatnim.<br \/>\n\ud83d\udcba Ergonomski dizajn: ukr\u0161tene letvice na naslonu su savijene kako bi sedenje bilo \u0161to udobnije.<br \/>\n\ud83d\udd27 Lako sastavljanje: Ove barske stolice se lako sklapaju, \u0161to ih \u010dini odli\u010dnim izborom za u\u017eurbane ustanove.<\/p>\n<p><strong>SPECIFIKACIJE:<\/strong><\/p>\n<p>&#8211; Materijal: <a href=\"https:\/\/www.kolibica.com\/en\/structural-properties-and-usability-of-domestic-types-of-wood\/\">bukva<\/a><br \/>\n&#8211; Dimenzije: \u0160 x D x H (sedi\u0161te) \/ H (ukupno): 500 x 460 x 750 \/ 1060 mm<br \/>\n&#8211; Maksimalno opterec\u0301enje: 150 kg<\/p>\n<p>&nbsp;<\/p>\n<p><strong>\u010cesto postavljana pitanja:<\/strong><br \/>\nP: Od kog materijala su napravljene ove barske stolice?<br \/>\nO: Ove barske stolice su napravljene od bukve.<\/p>\n<p>P: Koliko te\u017eine ove barske stolice mogu da izdr\u017ee?<br \/>\nO: Ove barske stolice mogu da izdr\u017ee do 150 kg.<\/p>\n","protected":false},"excerpt":{"rendered":"<p>Barska stolica Bentwood 002 se odli\u010dno uklapa uz modele stolica  [&#8230;]<\/p>\n","protected":false},"featured_media":85489,"template":"","meta":{"content-type":""},"product_brand":[],"product_cat":[122,124],"product_tag":[],"class_list":{"0":"post-88619","1":"product","2":"type-product","3":"status-publish","4":"has-post-thumbnail","6":"product_cat-furniture","7":"product_cat-wooden-chairs","9":"first","10":"instock","11":"shipping-taxable","12":"purchasable","13":"product-type-simple"},"aioseo_notices":[],"_links":{"self":[{"href":"https:\/\/www.kolibica.com\/en\/wp-json\/wp\/v2\/product\/88619","targetHints":{"allow":["GET"]}}],"collection":[{"href":"https:\/\/www.kolibica.com\/en\/wp-json\/wp\/v2\/product"}],"about":[{"href":"https:\/\/www.kolibica.com\/en\/wp-json\/wp\/v2\/types\/product"}],"wp:featuredmedia":[{"embeddable":true,"href":"https:\/\/www.kolibica.com\/en\/wp-json\/wp\/v2\/media\/85489"}],"wp:attachment":[{"href":"https:\/\/www.kolibica.com\/en\/wp-json\/wp\/v2\/media?parent=88619"}],"wp:term":[{"taxonomy":"product_brand","embeddable":true,"href":"https:\/\/www.kolibica.com\/en\/wp-json\/wp\/v2\/product_brand?post=88619"},{"taxonomy":"product_cat","embeddable":true,"href":"https:\/\/www.kolibica.com\/en\/wp-json\/wp\/v2\/product_cat?post=88619"},{"taxonomy":"product_tag","embeddable":true,"href":"https:\/\/www.kolibica.com\/en\/wp-json\/wp\/v2\/product_tag?post=88619"}],"curies":[{"name":"wp","href":"https:\/\/api.w.org\/{rel}","templated":true}]}}