{"id":88488,"date":"2023-01-16T21:02:12","date_gmt":"2023-01-16T19:02:12","guid":{"rendered":"https:\/\/www.kolibica.com\/product\/stalak-za-cokanje\/"},"modified":"2024-04-23T13:44:37","modified_gmt":"2024-04-23T11:44:37","slug":"stalak-za-cokanje","status":"publish","type":"product","link":"https:\/\/www.kolibica.com\/en\/product\/stalak-za-cokanje\/","title":{"rendered":"Stalak za \u010dokanje"},"content":{"rendered":"<p><strong>Stalak za \u010dokanje<\/strong> je prakti\u010do re\u0161enje za no\u0161enje vi\u0161e \u010dokanja ili frakli\u0107a. Proizvodimo ih u vi\u0161e varijanti: za 2, 3, 5 ili 6 \u010dokanja.<\/p>\n<p>Stalak mo\u017ee biti u boji koju izabere kupac. Na stalku postoji mogu\u0107nost graviranja logotipa.<\/p>\n<p>Tako\u0111e, mo\u017eemo izgravirati ili uraditi \u0161tampu na \u010dokanjima.<\/p>\n","protected":false},"excerpt":{"rendered":"<p>Stalak za \u010dokanje je prakti\u010do re\u0161enje za no\u0161enje vi\u0161e \u010dokanja  [&#8230;]<\/p>\n","protected":false},"featured_media":84717,"template":"","meta":{"content-type":""},"product_brand":[],"product_cat":[120,116],"product_tag":[],"class_list":{"0":"post-88488","1":"product","2":"type-product","3":"status-publish","4":"has-post-thumbnail","6":"product_cat-souvenirs","7":"product_cat-wooden-haberdashery","9":"first","10":"instock","11":"shipping-taxable","12":"product-type-simple"},"aioseo_notices":[],"_links":{"self":[{"href":"https:\/\/www.kolibica.com\/en\/wp-json\/wp\/v2\/product\/88488","targetHints":{"allow":["GET"]}}],"collection":[{"href":"https:\/\/www.kolibica.com\/en\/wp-json\/wp\/v2\/product"}],"about":[{"href":"https:\/\/www.kolibica.com\/en\/wp-json\/wp\/v2\/types\/product"}],"wp:featuredmedia":[{"embeddable":true,"href":"https:\/\/www.kolibica.com\/en\/wp-json\/wp\/v2\/media\/84717"}],"wp:attachment":[{"href":"https:\/\/www.kolibica.com\/en\/wp-json\/wp\/v2\/media?parent=88488"}],"wp:term":[{"taxonomy":"product_brand","embeddable":true,"href":"https:\/\/www.kolibica.com\/en\/wp-json\/wp\/v2\/product_brand?post=88488"},{"taxonomy":"product_cat","embeddable":true,"href":"https:\/\/www.kolibica.com\/en\/wp-json\/wp\/v2\/product_cat?post=88488"},{"taxonomy":"product_tag","embeddable":true,"href":"https:\/\/www.kolibica.com\/en\/wp-json\/wp\/v2\/product_tag?post=88488"}],"curies":[{"name":"wp","href":"https:\/\/api.w.org\/{rel}","templated":true}]}}