{"id":89813,"date":"2025-06-06T11:34:33","date_gmt":"2025-06-06T09:34:33","guid":{"rendered":"https:\/\/www.kolibica.com\/product\/drvena-poklon-kutija-za-flasu-bordo\/"},"modified":"2025-06-06T11:48:49","modified_gmt":"2025-06-06T09:48:49","slug":"drvena-poklon-kutija-za-flasu-bordo","status":"publish","type":"product","link":"https:\/\/www.kolibica.com\/de\/produkt\/drvena-poklon-kutija-za-flasu-bordo\/","title":{"rendered":"Drvena poklon kutija za fla\u0161u BORDO"},"content":{"rendered":"<h2 data-start=\"81\" data-end=\"169\"><strong data-start=\"87\" data-end=\"169\">Drvena poklon kutija za fla\u0161u <\/strong><strong data-start=\"87\" data-end=\"169\">BORDO \u2013 <\/strong><strong data-start=\"87\" data-end=\"169\">Prirodna elegancija za poslovne poklone<\/strong><\/h2>\n<p data-start=\"171\" data-end=\"285\"><span class=\"relative -mx-px my-[-0.2rem] rounded px-px py-[0.2rem] transition-colors duration-100 ease-in-out\">U svetu poslovnih poklona, gde je prvi utisak \u010desto presudan, <strong data-start=\"62\" data-end=\"71\">BORDO<\/strong> <strong>drvena poklon kutija za fla\u0161u<\/strong> predstavlja savr\u0161en spoj klasi\u010dnog dizajna i prakti\u010dne upotrebljivosti.<\/span> <span class=\"relative -mx-px my-[-0.2rem] rounded px-px py-[0.2rem] transition-colors duration-100 ease-in-out\">Ova kutija, izra\u0111ena od visokokvalitetnog drveta, idealna je za kompanije koje \u017eele da ostave sna\u017ean i trajan utisak na svoje klijente, partnere ili zaposlene.<\/span><\/p>\n<h3 data-start=\"287\" data-end=\"340\">\ud83c\udf3f <strong data-start=\"294\" data-end=\"340\">Prirodni materijali za sofisticiran izgled<\/strong><\/h3>\n<p data-start=\"342\" data-end=\"460\"><span class=\"relative -mx-px my-[-0.2rem] rounded px-px py-[0.2rem] transition-colors duration-100 ease-in-out\">BORDO kutija je izra\u0111ena od visokokvalitetnog drveta, \u0161to joj daje prirodnu toplinu i estetski ugo\u0111aj.<\/span> <span class=\"relative -mx-px my-[-0.2rem] rounded px-px py-[0.2rem] transition-colors duration-100 ease-in-out\">Njen minimalisti\u010dki dizajn i pa\u017eljivo odabrani materijali lako se uklapaju u razli\u010dite enterijere, dodaju\u0107i \u0161arm i eleganciju svakom prostoru.<\/span><\/p>\n<h3 data-start=\"462\" data-end=\"512\">\ud83c\udf81 <strong data-start=\"469\" data-end=\"512\">Idealno za poslovne poklone i promocije<\/strong><\/h3>\n<p data-start=\"514\" data-end=\"592\"><span class=\"relative -mx-px my-[-0.2rem] rounded px-px py-[0.2rem] transition-colors duration-100 ease-in-out\">BORDO kutija dolazi u elegantnom poklon pakovanju, \u0161to je \u010dini savr\u0161enim izborom za:<\/span><\/p>\n<ul data-start=\"594\" data-end=\"800\">\n<li data-start=\"594\" data-end=\"635\">\n<p data-start=\"596\" data-end=\"635\"><span class=\"relative -mx-px my-[-0.2rem] rounded px-px py-[0.2rem] transition-colors duration-100 ease-in-out\"><strong data-start=\"0\" data-end=\"20\" data-is-last-node=\"\" data-is-only-node=\"\">Poslovne poklone<\/strong><\/span><\/p>\n<\/li>\n<li data-start=\"636\" data-end=\"677\">\n<p data-start=\"638\" data-end=\"677\"><span class=\"relative -mx-px my-[-0.2rem] rounded px-px py-[0.2rem] transition-colors duration-100 ease-in-out\"><strong data-start=\"0\" data-end=\"34\" data-is-last-node=\"\" data-is-only-node=\"\">Poklone za partnere i klijente<\/strong><\/span><\/p>\n<\/li>\n<li data-start=\"678\" data-end=\"719\">\n<p data-start=\"680\" data-end=\"719\"><span class=\"relative -mx-px my-[-0.2rem] rounded px-px py-[0.2rem] transition-colors duration-100 ease-in-out\"><strong data-start=\"0\" data-end=\"23\" data-is-last-node=\"\" data-is-only-node=\"\">Promotivne kampanje<\/strong><\/span><\/p>\n<\/li>\n<li data-start=\"720\" data-end=\"800\">\n<p data-start=\"722\" data-end=\"800\"><span class=\"relative -mx-px my-[-0.2rem] rounded px-px py-[0.2rem] transition-colors duration-100 ease-in-out\"><strong data-start=\"0\" data-end=\"65\" data-is-last-node=\"\" data-is-only-node=\"\">Specijalne prilike kao \u0161to su jubileji, godi\u0161njice i proslave<\/strong><\/span><\/p>\n<\/li>\n<\/ul>\n<p data-start=\"802\" data-end=\"880\"><span class=\"relative -mx-px my-[-0.2rem] rounded px-px py-[0.2rem] transition-colors duration-100 ease-in-out\">Mogu\u0107nost personalizacije putem laserske gravure omogu\u0107ava dodavanje logotipa ili posebne poruke, \u010dime se ova kutija pretvara u jedinstveni promotivni proizvod.<\/span><\/p>\n<h3 data-start=\"882\" data-end=\"916\">\ud83d\udcd0 <strong data-start=\"889\" data-end=\"916\">Specifikacije proizvoda<\/strong><\/h3>\n<ul data-start=\"918\" data-end=\"1215\">\n<li data-start=\"918\" data-end=\"939\">\n<p data-start=\"920\" data-end=\"939\"><strong data-start=\"920\" data-end=\"933\">Materijal<\/strong>: Drvo<\/p>\n<\/li>\n<li data-start=\"940\" data-end=\"996\">\n<p data-start=\"942\" data-end=\"996\"><strong data-start=\"942\" data-end=\"955\">Dimenzije<\/strong>: <span class=\"relative -mx-px my-[-0.2rem] rounded px-px py-[0.2rem] transition-colors duration-100 ease-in-out\">11 x 9.5 x 34.5 cm<\/span><\/p>\n<\/li>\n<li data-start=\"997\" data-end=\"1055\">\n<p data-start=\"999\" data-end=\"1055\"><strong data-start=\"999\" data-end=\"1014\">Neto te\u017eina<\/strong>: <span class=\"relative -mx-px my-[-0.2rem] rounded px-px py-[0.2rem] transition-colors duration-100 ease-in-out\">0.30 kg<\/span><\/p>\n<\/li>\n<li data-start=\"1056\" data-end=\"1077\">\n<p data-start=\"1058\" data-end=\"1077\"><strong data-start=\"1058\" data-end=\"1071\">Pakovanje<\/strong>: 10\/1<\/p>\n<\/li>\n<li data-start=\"1078\" data-end=\"1149\">\n<p data-start=\"1080\" data-end=\"1149\"><strong data-start=\"1080\" data-end=\"1108\">Preporu\u010dena vrsta \u0161tampe<\/strong>: <span class=\"relative -mx-px my-[-0.2rem] rounded px-px py-[0.2rem] transition-colors duration-100 ease-in-out\">Laserska gravura<\/span><\/p>\n<\/li>\n<\/ul>\n","protected":false},"excerpt":{"rendered":"<p>Drvena poklon kutija za fla\u0161u BORDO \u2013 Prirodna elegancija za  [&#8230;]<\/p>\n","protected":false},"featured_media":89819,"template":"","meta":{"content-type":""},"product_brand":[],"product_cat":[127,130],"product_tag":[],"class_list":{"0":"post-89813","1":"product","2":"type-product","3":"status-publish","4":"has-post-thumbnail","6":"product_cat-verpackung-aus-holz","7":"product_cat-weinkisten","9":"first","10":"instock","11":"shipping-taxable","12":"purchasable","13":"product-type-simple"},"aioseo_notices":[],"_links":{"self":[{"href":"https:\/\/www.kolibica.com\/de\/wp-json\/wp\/v2\/product\/89813","targetHints":{"allow":["GET"]}}],"collection":[{"href":"https:\/\/www.kolibica.com\/de\/wp-json\/wp\/v2\/product"}],"about":[{"href":"https:\/\/www.kolibica.com\/de\/wp-json\/wp\/v2\/types\/product"}],"wp:featuredmedia":[{"embeddable":true,"href":"https:\/\/www.kolibica.com\/de\/wp-json\/wp\/v2\/media\/89819"}],"wp:attachment":[{"href":"https:\/\/www.kolibica.com\/de\/wp-json\/wp\/v2\/media?parent=89813"}],"wp:term":[{"taxonomy":"product_brand","embeddable":true,"href":"https:\/\/www.kolibica.com\/de\/wp-json\/wp\/v2\/product_brand?post=89813"},{"taxonomy":"product_cat","embeddable":true,"href":"https:\/\/www.kolibica.com\/de\/wp-json\/wp\/v2\/product_cat?post=89813"},{"taxonomy":"product_tag","embeddable":true,"href":"https:\/\/www.kolibica.com\/de\/wp-json\/wp\/v2\/product_tag?post=89813"}],"curies":[{"name":"wp","href":"https:\/\/api.w.org\/{rel}","templated":true}]}}