{"id":89346,"date":"2025-06-02T15:09:33","date_gmt":"2025-06-02T13:09:33","guid":{"rendered":"https:\/\/www.kolibica.com\/product\/drzac-za-kartice-sa-rfid-zastitom\/"},"modified":"2025-06-02T15:09:33","modified_gmt":"2025-06-02T13:09:33","slug":"drzac-za-kartice-sa-rfid-zastitom","status":"publish","type":"product","link":"https:\/\/www.kolibica.com\/de\/produkt\/drzac-za-kartice-sa-rfid-zastitom\/","title":{"rendered":"Dr\u017ea\u010d za kartice sa RFID za\u0161titom"},"content":{"rendered":"<h2 data-start=\"243\" data-end=\"324\"><strong data-start=\"250\" data-end=\"324\">Dr\u017ea\u010d za kartice sa RFID za\u0161titom<\/strong>\u00a0<strong data-start=\"250\" data-end=\"324\">FUSE: Spoj elegancije i sigurnosti<\/strong><\/h2>\n<p data-start=\"326\" data-end=\"533\">U dana\u0161njem digitalnom dobu, za\u0161tita li\u010dnih podataka je va\u017enija nego ikada. <strong data-start=\"402\" data-end=\"410\">FUSE<\/strong> predstavlja savr\u0161en spoj modernog dizajna i funkcionalnosti, pru\u017eaju\u0107i sigurnost va\u0161im karticama uz dozu sofisticiranosti.<\/p>\n<h3 data-start=\"535\" data-end=\"568\">\ud83d\udd12 <strong data-start=\"542\" data-end=\"568\">Za\u0161tita na prvom mestu<\/strong><\/h3>\n<p data-start=\"570\" data-end=\"774\">FUSE je opremljen <strong data-start=\"588\" data-end=\"605\">RFID za\u0161titom<\/strong>, koja spre\u010dava neovla\u0161\u0107eno o\u010ditavanje va\u0161ih kartica. Bilo da ste u gu\u017evi, na putovanju ili u svakodnevnim situacijama, va\u0161e kartice su sigurne od potencijalnih pretnji.<\/p>\n<h3 data-start=\"776\" data-end=\"829\">\ud83c\udf3f <strong data-start=\"783\" data-end=\"829\">Prirodni materijali za sofisticiran izgled<\/strong><\/h3>\n<p data-start=\"831\" data-end=\"1009\">Kombinacija <strong data-start=\"843\" data-end=\"867\">drveta i aluminijuma<\/strong> daje FUSE-u jedinstven izgled koji se izdvaja. Drveni elementi unose toplinu i prirodnost, dok aluminijum dodaje modernu notu i izdr\u017eljivost.<\/p>\n<h3 data-start=\"1011\" data-end=\"1051\">\ud83c\udf81 <strong data-start=\"1018\" data-end=\"1051\">Idealan za poklon i promociju<\/strong><\/h3>\n<p data-start=\"1053\" data-end=\"1139\">FUSE nije samo prakti\u010dan, ve\u0107 i estetski privla\u010dan, \u0161to ga \u010dini savr\u0161enim poklonom za:<\/p>\n<ul data-start=\"1141\" data-end=\"1385\">\n<li data-start=\"1141\" data-end=\"1218\">\n<p data-start=\"1143\" data-end=\"1218\"><strong data-start=\"1143\" data-end=\"1164\">Poslovne partnere<\/strong>: Ostavite sna\u017ean utisak sa personalizovanim poklonom.<\/p>\n<\/li>\n<li data-start=\"1219\" data-end=\"1290\">\n<p data-start=\"1221\" data-end=\"1290\"><strong data-start=\"1221\" data-end=\"1234\">Zaposlene<\/strong>: Prakti\u010dan i elegantan dodatak za svakodnevnu upotrebu.<\/p>\n<\/li>\n<li data-start=\"1291\" data-end=\"1385\">\n<p data-start=\"1293\" data-end=\"1385\"><strong data-start=\"1293\" data-end=\"1316\">Promotivne kampanje<\/strong>: Brendirajte FUSE logotipom va\u0161e firme i pove\u0107ajte prepoznatljivost.<\/p>\n<\/li>\n<\/ul>\n<h3 data-start=\"1387\" data-end=\"1421\">\ud83d\udcd0 <strong data-start=\"1394\" data-end=\"1421\">Specifikacije proizvoda<\/strong><\/h3>\n<ul data-start=\"1423\" data-end=\"1599\">\n<li data-start=\"1423\" data-end=\"1457\">\n<p data-start=\"1425\" data-end=\"1457\"><strong data-start=\"1425\" data-end=\"1438\">Materijal<\/strong>: Aluminijum i drvo<\/p>\n<\/li>\n<li data-start=\"1458\" data-end=\"1475\">\n<p data-start=\"1460\" data-end=\"1475\"><strong data-start=\"1460\" data-end=\"1468\">Boja<\/strong>: Braon<\/p>\n<\/li>\n<li data-start=\"1476\" data-end=\"1499\">\n<p data-start=\"1478\" data-end=\"1499\"><strong data-start=\"1478\" data-end=\"1491\">Pakovanje<\/strong>: 264\/66<\/p>\n<\/li>\n<li data-start=\"1500\" data-end=\"1534\">\n<p data-start=\"1502\" data-end=\"1534\"><strong data-start=\"1502\" data-end=\"1520\">Dodatna oprema<\/strong>: RFID za\u0161tita<\/p>\n<\/li>\n<li data-start=\"1535\" data-end=\"1572\">\n<p data-start=\"1537\" data-end=\"1572\"><strong data-start=\"1537\" data-end=\"1565\">Preporu\u010dena vrsta \u0161tampe<\/strong>: Laser<\/p>\n<\/li>\n<\/ul>\n","protected":false},"excerpt":{"rendered":"<p>Dr\u017ea\u010d za kartice sa RFID za\u0161titom\u00a0FUSE: Spoj elegancije i sigurnosti  [&#8230;]<\/p>\n","protected":false},"featured_media":89323,"template":"","meta":{"content-type":""},"product_brand":[],"product_cat":[133,135,136],"product_tag":[],"class_list":{"0":"post-89346","1":"product","2":"type-product","3":"status-publish","4":"has-post-thumbnail","6":"product_cat-kurzwaren-aus-holz","7":"product_cat-luxus-kurzwaren","8":"product_cat-werbezubehor-fur-unternehmen","10":"first","11":"instock","12":"shipping-taxable","13":"purchasable","14":"product-type-simple"},"aioseo_notices":[],"_links":{"self":[{"href":"https:\/\/www.kolibica.com\/de\/wp-json\/wp\/v2\/product\/89346","targetHints":{"allow":["GET"]}}],"collection":[{"href":"https:\/\/www.kolibica.com\/de\/wp-json\/wp\/v2\/product"}],"about":[{"href":"https:\/\/www.kolibica.com\/de\/wp-json\/wp\/v2\/types\/product"}],"wp:featuredmedia":[{"embeddable":true,"href":"https:\/\/www.kolibica.com\/de\/wp-json\/wp\/v2\/media\/89323"}],"wp:attachment":[{"href":"https:\/\/www.kolibica.com\/de\/wp-json\/wp\/v2\/media?parent=89346"}],"wp:term":[{"taxonomy":"product_brand","embeddable":true,"href":"https:\/\/www.kolibica.com\/de\/wp-json\/wp\/v2\/product_brand?post=89346"},{"taxonomy":"product_cat","embeddable":true,"href":"https:\/\/www.kolibica.com\/de\/wp-json\/wp\/v2\/product_cat?post=89346"},{"taxonomy":"product_tag","embeddable":true,"href":"https:\/\/www.kolibica.com\/de\/wp-json\/wp\/v2\/product_tag?post=89346"}],"curies":[{"name":"wp","href":"https:\/\/api.w.org\/{rel}","templated":true}]}}