{"id":88682,"date":"2023-02-26T10:47:03","date_gmt":"2023-02-26T08:47:03","guid":{"rendered":"https:\/\/www.kolibica.com\/product\/barska-stolica-thonet-bez-naslona\/"},"modified":"2024-04-23T14:07:48","modified_gmt":"2024-04-23T12:07:48","slug":"barska-stolica-thonet-bez-naslona","status":"publish","type":"product","link":"https:\/\/www.kolibica.com\/de\/produkt\/barska-stolica-thonet-bez-naslona\/","title":{"rendered":"Barska stolica Thonet bez naslona"},"content":{"rendered":"<p><strong>Barska stolica Thonet bez naslona!<\/strong> Ove barske stolice su napravljene od <a href=\"https:\/\/www.kolibica.com\/de\/strukturelle-eigenschaften-und-verwendbarkeit-heimischer-holzarten\/\">bukve<\/a>, po dizajnu koji datira iz druge polovine devetnaestog veka. Jo\u0161 uvek su veoma popularne i mogu se nac\u0301i u restoranima \u0161irom sveta. Ove barske stolice se odli\u010dno uklapaju uz modele restoranskih stolica: <a title=\"Drvene stolice Bentwood 018\" href=\"https:\/\/www.kolibica.com\/en\/proizvod\/drvene-stolice-bentwood-018\/\">Drvene stolice Bentwood 018<\/a>, <a title=\"Stolice za restorane Bentwood 034\" href=\"https:\/\/www.kolibica.com\/en\/proizvod\/stolice-za-restorane-bentwood-034\/\">Stolice za restorane Bentwood 034<\/a>, <a title=\"Drvene stolice Tonet \u2013 Bentwood 001\" href=\"https:\/\/www.kolibica.com\/en\/proizvod\/wooden-chairs-thonet-bentwood-001\/\">Drvene stolice Tonet \u2013 Bentwood 001<\/a><\/p>\n<p><strong>KARAKTERISTIKE:<\/strong><br \/>\n\ud83c\udfa8 Moderan dizajn: Thonet barske stolice bez naslona imaju bezvremenski i klasi\u010dan dizajn koji je popularan vekovima.<br \/>\n\ud83d\udcaa \u010cvrsta konstrukcija: Ove barske stolice su napravljene od bukve, \u0161to ih \u010dini jakim i izdr\u017eljivim.<br \/>\n\ud83c\udf31 Ekolo\u0161ki prihvatljiv: bukva koja se koristi za izradu ovih barskih stolica je odr\u017eiva.<\/p>\n<p><strong>SPECIFIKACIJE:<\/strong><br \/>\n&#8211; Visina: 75 cm<br \/>\n&#8211; Pre\u010dnik sedi\u0161ta: 37 cm<\/p>\n<p><strong>\u010cesta pitanja:<\/strong><\/p>\n<p>P: Od kog materijala su napravljene barske stolice?<br \/>\nO: Thonet barske stolice bez naslona napravljene su od <a href=\"https:\/\/www.kolibica.com\/de\/strukturelle-eigenschaften-und-verwendbarkeit-heimischer-holzarten\/\">bukve<\/a>.<\/p>\n<p>P: Koliko su visoke barske stolice?<br \/>\nO: Barske stolice su visoke 75 cm.<\/p>\n","protected":false},"excerpt":{"rendered":"<p>Barska stolica Thonet bez naslona! Ove barske stolice su napravljene  [&#8230;]<\/p>\n","protected":false},"featured_media":85680,"template":"","meta":{"content-type":""},"product_brand":[],"product_cat":[141,139],"product_tag":[],"class_list":{"0":"post-88682","1":"product","2":"type-product","3":"status-publish","4":"has-post-thumbnail","6":"product_cat-holzstuhle","7":"product_cat-mobel","9":"first","10":"instock","11":"shipping-taxable","12":"purchasable","13":"product-type-simple"},"aioseo_notices":[],"_links":{"self":[{"href":"https:\/\/www.kolibica.com\/de\/wp-json\/wp\/v2\/product\/88682","targetHints":{"allow":["GET"]}}],"collection":[{"href":"https:\/\/www.kolibica.com\/de\/wp-json\/wp\/v2\/product"}],"about":[{"href":"https:\/\/www.kolibica.com\/de\/wp-json\/wp\/v2\/types\/product"}],"wp:featuredmedia":[{"embeddable":true,"href":"https:\/\/www.kolibica.com\/de\/wp-json\/wp\/v2\/media\/85680"}],"wp:attachment":[{"href":"https:\/\/www.kolibica.com\/de\/wp-json\/wp\/v2\/media?parent=88682"}],"wp:term":[{"taxonomy":"product_brand","embeddable":true,"href":"https:\/\/www.kolibica.com\/de\/wp-json\/wp\/v2\/product_brand?post=88682"},{"taxonomy":"product_cat","embeddable":true,"href":"https:\/\/www.kolibica.com\/de\/wp-json\/wp\/v2\/product_cat?post=88682"},{"taxonomy":"product_tag","embeddable":true,"href":"https:\/\/www.kolibica.com\/de\/wp-json\/wp\/v2\/product_tag?post=88682"}],"curies":[{"name":"wp","href":"https:\/\/api.w.org\/{rel}","templated":true}]}}