{"id":88627,"date":"2023-02-24T08:17:32","date_gmt":"2023-02-24T06:17:32","guid":{"rendered":"https:\/\/www.kolibica.com\/product\/tonet-stolica-bentwood-002\/"},"modified":"2025-03-20T12:06:13","modified_gmt":"2025-03-20T10:06:13","slug":"tonet-stolica-bentwood-002","status":"publish","type":"product","link":"https:\/\/www.kolibica.com\/de\/produkt\/tonet-stolica-bentwood-002\/","title":{"rendered":"Tonet stolica Bentwood 002"},"content":{"rendered":"<p><strong>Tonet stolica Bentwood 002 se odli\u010dno uklapa uz modele stolica <a title=\"Barska stolica Bentwood 002\" href=\"https:\/\/www.kolibica.com\/en\/proizvod\/barska-stolica-bentwood-002\/\">Barska stolica Bentwood 002<\/a><br \/>\n<\/strong><\/p>\n<p>Da li tra\u017eite udobno re\u0161enje za sedenje za va\u0161 ugostiteljski objekat?<\/p>\n<p>Ne tra\u017eite dalje od ovih drvenih stolica! Izra\u0111ene od <a href=\"https:\/\/www.kolibica.com\/de\/strukturelle-eigenschaften-und-verwendbarkeit-heimischer-holzarten\/\">bukve<\/a> i ergonomski dizajnirane sa ukr\u0161tenim letvicama na naslonu koje su savijene kako bi sedenje bilo \u0161to udobnije, ove stolice su savr\u0161en dodatak va\u0161em poslu.<\/p>\n<p><strong>KARAKTERISTIKE:<br \/>\n<\/strong><br \/>\n\ud83c\udf33 Drvene: Ove stolice su napravljene od <a href=\"https:\/\/www.kolibica.com\/de\/strukturelle-eigenschaften-und-verwendbarkeit-heimischer-holzarten\/\">bukve<\/a>, \u0161to ih \u010dini izdr\u017eljivim i estetski prijatnim.<br \/>\n\ud83d\udcba Ergonomski dizajn: ukr\u0161tene letvice na naslonu su savijene kako bi sedenje bilo \u0161to udobnije.<\/p>\n<p><strong>SPECIFIKACIJE:<\/strong><\/p>\n<p>\u2013 Materijal: <a href=\"https:\/\/www.kolibica.com\/de\/strukturelle-eigenschaften-und-verwendbarkeit-heimischer-holzarten\/\">bukva<\/a><br \/>\n\u2013 Dimenzije: \u0160 x D x H (sedi\u0161te) \/ H (ukupno): 420 x 450 x 460 \/ 840 mm<br \/>\n\u2013 Maksimalno opterec\u0301enje: 150 kg<\/p>\n<p>&nbsp;<\/p>\n<p><strong>\u010cesto postavljana pitanja:<\/strong><br \/>\nP: Od kog materijala su napravljene ove stolice?<br \/>\nO: Ove stolice su napravljene od bukve.<\/p>\n<p>P: Koliko te\u017eine ove stolice mogu da izdr\u017ee?<br \/>\nO: Ove stolice mogu da izdr\u017ee do 150 kg.<\/p>\n","protected":false},"excerpt":{"rendered":"<p>Tonet stolica Bentwood 002 se odli\u010dno uklapa uz modele stolica  [&#8230;]<\/p>\n","protected":false},"featured_media":85502,"template":"","meta":{"content-type":""},"product_brand":[],"product_cat":[141,139],"product_tag":[],"class_list":{"0":"post-88627","1":"product","2":"type-product","3":"status-publish","4":"has-post-thumbnail","6":"product_cat-holzstuhle","7":"product_cat-mobel","9":"first","10":"instock","11":"shipping-taxable","12":"purchasable","13":"product-type-simple"},"aioseo_notices":[],"_links":{"self":[{"href":"https:\/\/www.kolibica.com\/de\/wp-json\/wp\/v2\/product\/88627","targetHints":{"allow":["GET"]}}],"collection":[{"href":"https:\/\/www.kolibica.com\/de\/wp-json\/wp\/v2\/product"}],"about":[{"href":"https:\/\/www.kolibica.com\/de\/wp-json\/wp\/v2\/types\/product"}],"wp:featuredmedia":[{"embeddable":true,"href":"https:\/\/www.kolibica.com\/de\/wp-json\/wp\/v2\/media\/85502"}],"wp:attachment":[{"href":"https:\/\/www.kolibica.com\/de\/wp-json\/wp\/v2\/media?parent=88627"}],"wp:term":[{"taxonomy":"product_brand","embeddable":true,"href":"https:\/\/www.kolibica.com\/de\/wp-json\/wp\/v2\/product_brand?post=88627"},{"taxonomy":"product_cat","embeddable":true,"href":"https:\/\/www.kolibica.com\/de\/wp-json\/wp\/v2\/product_cat?post=88627"},{"taxonomy":"product_tag","embeddable":true,"href":"https:\/\/www.kolibica.com\/de\/wp-json\/wp\/v2\/product_tag?post=88627"}],"curies":[{"name":"wp","href":"https:\/\/api.w.org\/{rel}","templated":true}]}}