{"id":88515,"date":"2023-01-24T17:50:49","date_gmt":"2023-01-24T15:50:49","guid":{"rendered":"https:\/\/www.kolibica.com\/product\/drvene-kutije-za-medalje-i-plakete\/"},"modified":"2024-04-23T13:50:32","modified_gmt":"2024-04-23T11:50:32","slug":"drvene-kutije-za-medalje-i-plakete","status":"publish","type":"product","link":"https:\/\/www.kolibica.com\/de\/produkt\/drvene-kutije-za-medalje-i-plakete\/","title":{"rendered":"Drvene kutije za medalje i plakete"},"content":{"rendered":"<p><strong>Drvene kutije za medalje i plakete<\/strong> se proizvode od tvrdog drveta: tre\u0161nje, <a href=\"\/?p=1036\">oraha<\/a>, <a href=\"\/?p=1026\">jasena<\/a> ili <a href=\"\/?p=1022\">hrasta<\/a>.<\/p>\n<p>Mogu biti sa poklopcem od drveta ili stakla, po \u017eelji kupca. Tako\u0111e, na kutijama izra\u0111ujemo i lasersku ili CNC gravuru, kao i u\u0161tampavanje natpisa UV \u0161tampom. Dimenzije kutija mogu biti promenljive, prema zahtevima poru\u010dioca.<\/p>\n","protected":false},"excerpt":{"rendered":"<p>Drvene kutije za medalje i plakete se proizvode od tvrdog  [&#8230;]<\/p>\n","protected":false},"featured_media":84905,"template":"","meta":{"content-type":""},"product_brand":[],"product_cat":[133,135,136],"product_tag":[],"class_list":{"0":"post-88515","1":"product","2":"type-product","3":"status-publish","4":"has-post-thumbnail","6":"product_cat-kurzwaren-aus-holz","7":"product_cat-luxus-kurzwaren","8":"product_cat-werbezubehor-fur-unternehmen","10":"first","11":"instock","12":"shipping-taxable","13":"product-type-simple"},"aioseo_notices":[],"_links":{"self":[{"href":"https:\/\/www.kolibica.com\/de\/wp-json\/wp\/v2\/product\/88515","targetHints":{"allow":["GET"]}}],"collection":[{"href":"https:\/\/www.kolibica.com\/de\/wp-json\/wp\/v2\/product"}],"about":[{"href":"https:\/\/www.kolibica.com\/de\/wp-json\/wp\/v2\/types\/product"}],"wp:featuredmedia":[{"embeddable":true,"href":"https:\/\/www.kolibica.com\/de\/wp-json\/wp\/v2\/media\/84905"}],"wp:attachment":[{"href":"https:\/\/www.kolibica.com\/de\/wp-json\/wp\/v2\/media?parent=88515"}],"wp:term":[{"taxonomy":"product_brand","embeddable":true,"href":"https:\/\/www.kolibica.com\/de\/wp-json\/wp\/v2\/product_brand?post=88515"},{"taxonomy":"product_cat","embeddable":true,"href":"https:\/\/www.kolibica.com\/de\/wp-json\/wp\/v2\/product_cat?post=88515"},{"taxonomy":"product_tag","embeddable":true,"href":"https:\/\/www.kolibica.com\/de\/wp-json\/wp\/v2\/product_tag?post=88515"}],"curies":[{"name":"wp","href":"https:\/\/api.w.org\/{rel}","templated":true}]}}