{"id":88497,"date":"2023-01-24T17:12:56","date_gmt":"2023-01-24T15:12:56","guid":{"rendered":"https:\/\/www.kolibica.com\/product\/drvena-gajbica-za-cokoladu-sa-cekicem\/"},"modified":"2024-04-23T13:44:56","modified_gmt":"2024-04-23T11:44:56","slug":"drvena-gajbica-za-cokoladu-sa-cekicem","status":"publish","type":"product","link":"https:\/\/www.kolibica.com\/de\/produkt\/drvena-gajbica-za-cokoladu-sa-cekicem\/","title":{"rendered":"Drvena gajbica za \u010dokoladu sa \u010deki\u0107em"},"content":{"rendered":"<p>Drvena gajbica za \u010dokoladu sa \u010deki\u0107em<\/p>\n","protected":false},"excerpt":{"rendered":"<p>Drvena gajbica za \u010dokoladu sa \u010deki\u0107em<\/p>\n","protected":false},"featured_media":84864,"template":"","meta":{"content-type":""},"product_brand":[],"product_cat":[138,134,133],"product_tag":[],"class_list":{"0":"post-88497","1":"product","2":"type-product","3":"status-publish","4":"has-post-thumbnail","6":"product_cat-hedonismus","7":"product_cat-holzzubehor-fur-die-kuche","8":"product_cat-kurzwaren-aus-holz","10":"first","11":"instock","12":"shipping-taxable","13":"product-type-simple"},"aioseo_notices":[],"_links":{"self":[{"href":"https:\/\/www.kolibica.com\/de\/wp-json\/wp\/v2\/product\/88497","targetHints":{"allow":["GET"]}}],"collection":[{"href":"https:\/\/www.kolibica.com\/de\/wp-json\/wp\/v2\/product"}],"about":[{"href":"https:\/\/www.kolibica.com\/de\/wp-json\/wp\/v2\/types\/product"}],"wp:featuredmedia":[{"embeddable":true,"href":"https:\/\/www.kolibica.com\/de\/wp-json\/wp\/v2\/media\/84864"}],"wp:attachment":[{"href":"https:\/\/www.kolibica.com\/de\/wp-json\/wp\/v2\/media?parent=88497"}],"wp:term":[{"taxonomy":"product_brand","embeddable":true,"href":"https:\/\/www.kolibica.com\/de\/wp-json\/wp\/v2\/product_brand?post=88497"},{"taxonomy":"product_cat","embeddable":true,"href":"https:\/\/www.kolibica.com\/de\/wp-json\/wp\/v2\/product_cat?post=88497"},{"taxonomy":"product_tag","embeddable":true,"href":"https:\/\/www.kolibica.com\/de\/wp-json\/wp\/v2\/product_tag?post=88497"}],"curies":[{"name":"wp","href":"https:\/\/api.w.org\/{rel}","templated":true}]}}