{"id":86509,"date":"2024-03-13T15:56:21","date_gmt":"2024-03-13T13:56:21","guid":{"rendered":"https:\/\/www.kolibica.com\/?post_type=product&#038;p=86509"},"modified":"2024-04-23T19:37:05","modified_gmt":"2024-04-23T17:37:05","slug":"das-burgundisches-barrique-fass-von-228-litern","status":"publish","type":"product","link":"https:\/\/www.kolibica.com\/de\/produkt\/das-burgundisches-barrique-fass-von-228-litern\/","title":{"rendered":"Das Burgundisches Barrique-Fass von 228 Litern"},"content":{"rendered":"<h3>Das Burgundisches Barrique-Fass von 228 Litern wird aus Traubeneiche hergestellt. Die Holzf\u00e4sser k\u00f6nnen verzinkte oder schwarze Reifen haben.<\/h3>\n<h4>Wein sollte in Eichenf\u00e4ssern reifen. Obwohl die G\u00e4rung in einem Holzfass einem Wein einen spezifischen und komplexen Geschmack verleihen kann, ist es heute \u00fcblich, dass Wein in gro\u00dfen Tanks reift und dann zur Reifung in Eichenf\u00e4sser umgef\u00fcllt wird.<br \/>\nEiche kann dem Wein verschiedene Aromen und Geschmacksnoten wie Butter, Vanille, Dill, Kokosnuss, Nelke, Karamell oder Zimt hinzuf\u00fcgen. Serbische Stieleiche kann ein viel st\u00e4rkeres Aroma hinzuf\u00fcgen als Franz\u00f6sische Eiche (Quercus pedunculata und Q. sessiflora). Bei der Herstellung von Barrique-F\u00e4ssern verwenden wir Traubeneiche und Zerreiche. Das 228-Liter Barrique-Fass hat zwei Dauben, die in der Mitte des Fasses 50 mm breit sind und an den Enden des Fasses jeweils 40 mm breit sind.<\/h4>\n<p>Die Abmessungen des Burgunder Barrique-Fasses sind: L\u00e4nge &#8211; 88 cm, gr\u00f6\u00dfter Durchmesser (an der Seite) &#8211; 73 cm, Kopfdurchmesser &#8211; 59 cm.<\/p>\n<h4>Wir produzieren Barrique-F\u00e4sser in 3 R\u00f6stgraden &#8211; leicht, mittel und stark ger\u00f6stet.<\/h4>\n<p>Diese F\u00e4sser haben standardm\u00e4\u00dfig verzinkte Reifen, aber gem\u00e4\u00df den Anforderungen der Kunden k\u00f6nnen wir sie auch mit schwarzen Reifen herstellen. Au\u00dferdem k\u00f6nnen wir die F\u00e4sser brandmarken, falls erforderlich.<\/p>\n<p>In der Welt des Weinbaus kann die Wahl der richtigen F\u00e4sser den Charakter und die Qualit\u00e4t des Weins erheblich bereichern. Unser burgundisches Barrique-Fass von 228 Litern repr\u00e4sentiert den H\u00f6hepunkt in der Kategorie der Reifef\u00e4sser, indem es nicht nur optimale Bedingungen f\u00fcr die Weinentwicklung bietet, sondern auch ein \u00e4sthetisches Vergn\u00fcgen, das jeden Raum aufwertet. Hergestellt aus feinstem Traubeneichenholz, ist dieses Fass sowohl \u00e4sthetisch als auch praktisch konzipiert, um den anspruchsvollen Bed\u00fcrfnissen anspruchsvoller Weing\u00fcter gerecht zu werden.<\/p>\n<h4><a title=\"KONTAKT\" href=\"https:\/\/www.kolibica.com\/de\/contact\/\">Bestellen Sie Ihr Fass jetzt und werden Sie f\u00fchrend in der Herstellung au\u00dfergew\u00f6hnlicher Weine!<\/a><\/h4>\n<h4>Eigenschaften der Burgunder Barrique-F\u00e4sser<\/h4>\n<p>Burgunder Barrique-F\u00e4sser sind bekannt f\u00fcr ihre einzigartigen Ma\u00dfe und Formen, die es ihnen erm\u00f6glichen, Weine auf besondere Weise zu verbessern. Mit einem Standardvolumen von 228 Litern haben diese F\u00e4sser eine Breite von etwa 72 Zentimetern und eine H\u00f6he von etwa 88 Zentimetern. Diese breitere und niedrigere Konstruktion erm\u00f6glicht eine gr\u00f6\u00dfere Kontaktfl\u00e4che zwischen dem Wein und der Eiche, was zu einer schnelleren Oxidation und der Entwicklung aromatischer Komplexit\u00e4t f\u00fchrt.<\/p>\n<h4>Vorteile des Burgunder Designs<\/h4>\n<p>Dank ihrer spezifischen Konstruktion erm\u00f6glichen Burgunder Barrique-F\u00e4sser, dass Weine eine raffiniertere Textur und ein komplexeres aromatisches Profil entwickeln. Winzer sch\u00e4tzen diese F\u00e4sser, da sie subtile Noten von Gew\u00fcrzen, Fr\u00fcchten und floralen Aromen hinzuf\u00fcgen, ohne dass das Holz zu dominant wird, was die nat\u00fcrliche Frische und den Charakter des Weins bewahrt. Diese Eigenschaft macht Burgunder F\u00e4sser zur idealen Wahl f\u00fcr delikate Weine wie Pinot Noir, die ein sorgf\u00e4ltiges Gleichgewicht zwischen fruchtigen Aromen und Tanninen erfordern.<\/p>\n<h4>Vergleich mit Bordeaux (Bordeaux) F\u00e4ssern<\/h4>\n<p>Im Gegensatz zu Burgunder F\u00e4ssern sind Bordeaux F\u00e4sser h\u00f6her und schmaler, mit Ma\u00dfen, die typischerweise eine H\u00f6he von etwa 95 Zentimetern und einen Durchmesser von etwa 60 Zentimetern umfassen. Diese Ma\u00dfe erm\u00f6glichen eine kleinere Kontaktfl\u00e4che und eine langsamere Oxidation, was ideal f\u00fcr die Produktion rob<\/p>\n<p>uster Rotweine ist, die eine l\u00e4ngere Reifezeit und eine allm\u00e4hliche Freisetzung von Tanninen ben\u00f6tigen. Bordeaux F\u00e4sser sind oft die Wahl f\u00fcr Weine wie Cabernet Sauvignon und Merlot, bei denen eine gr\u00f6\u00dfere Struktur und Tannizit\u00e4t erw\u00fcnscht sind.<\/p>\n<p>Unser burgundisches Barrique-Fass von 228 Litern bietet au\u00dfergew\u00f6hnliche M\u00f6glichkeiten, Ihre delikaten Weine zu verbessern, indem es ihnen ein Umfeld bietet, in dem sie gedeihen und komplexe Aromen entwickeln k\u00f6nnen, die Verbraucher suchen. Verpassen Sie nicht die Gelegenheit, Ihre Weing\u00fcter mit F\u00e4ssern auszustatten, die nicht nur die Qualit\u00e4t Ihrer Weine verbessern, sondern auch deren Marktwert steigern.<\/p>\n<p><a title=\"KONTAKT\" href=\"https:\/\/www.kolibica.com\/de\/contact\/\"><strong>Kontaktieren Sie uns heute<\/strong><\/a>, um mehr \u00fcber unser burgundisches Barrique-Fass von 228 Litern zu erfahren und wie es Ihre Weinbaupraktiken transformieren kann. Investieren Sie in Qualit\u00e4t, w\u00e4hlen Sie unser burgundisches Barrique-Fass und setzen Sie neue Standards in der Weinproduktion.<\/p>\n","protected":false},"excerpt":{"rendered":"<p>Das Burgundisches Barrique-Fass von 228 Litern wird aus Traubeneiche hergestellt.  [&#8230;]<\/p>\n","protected":false},"featured_media":86515,"template":"","meta":{"content-type":""},"product_brand":[],"product_cat":[132],"product_tag":[],"class_list":{"0":"post-86509","1":"product","2":"type-product","3":"status-publish","4":"has-post-thumbnail","6":"product_cat-holzfasser","8":"first","9":"instock","10":"featured","11":"shipping-taxable","12":"purchasable","13":"product-type-simple"},"aioseo_notices":[],"_links":{"self":[{"href":"https:\/\/www.kolibica.com\/de\/wp-json\/wp\/v2\/product\/86509","targetHints":{"allow":["GET"]}}],"collection":[{"href":"https:\/\/www.kolibica.com\/de\/wp-json\/wp\/v2\/product"}],"about":[{"href":"https:\/\/www.kolibica.com\/de\/wp-json\/wp\/v2\/types\/product"}],"wp:featuredmedia":[{"embeddable":true,"href":"https:\/\/www.kolibica.com\/de\/wp-json\/wp\/v2\/media\/86515"}],"wp:attachment":[{"href":"https:\/\/www.kolibica.com\/de\/wp-json\/wp\/v2\/media?parent=86509"}],"wp:term":[{"taxonomy":"product_brand","embeddable":true,"href":"https:\/\/www.kolibica.com\/de\/wp-json\/wp\/v2\/product_brand?post=86509"},{"taxonomy":"product_cat","embeddable":true,"href":"https:\/\/www.kolibica.com\/de\/wp-json\/wp\/v2\/product_cat?post=86509"},{"taxonomy":"product_tag","embeddable":true,"href":"https:\/\/www.kolibica.com\/de\/wp-json\/wp\/v2\/product_tag?post=86509"}],"curies":[{"name":"wp","href":"https:\/\/api.w.org\/{rel}","templated":true}]}}