{"id":85409,"date":"2023-02-22T07:46:19","date_gmt":"2023-02-22T05:46:19","guid":{"rendered":"https:\/\/www.kolibica.com\/product\/drvene-stolice-tonet-bentwood-001\/"},"modified":"2023-03-03T10:54:50","modified_gmt":"2023-03-03T08:54:50","slug":"holzstuehle-thonet-bugholz-001","status":"publish","type":"product","link":"https:\/\/www.kolibica.com\/de\/produkt\/holzstuehle-thonet-bugholz-001\/","title":{"rendered":"Holzst\u00fchle Thonet &#8211; Bugholz 001"},"content":{"rendered":"<p><strong>Holzst\u00fchle Thonet &#8211; Bugholz 001<\/strong><\/p>\n<p>Sie suchen ein zeitloses und klassisches M\u00f6belst\u00fcck f\u00fcr Ihr Zuhause oder Restaurant?<\/p>\n<p>Du hast sie gefunden! Dieses Modell basiert auf dem vor \u00fcber 150 Jahren patentierten Thonet-Stil und ist heute eine sehr beliebte Wahl.<br \/>\nFast zwei Jahrhunderte nach Beginn der Produktion schm\u00fcckt dieses Stuhlmodell immer noch unz\u00e4hlige, sowohl altmodische, authentische Umgebungen als auch die modernsten Caf\u00e9s, Restaurants, Konditoreien&#8230;<br \/>\nMit traditionellen Techniken handgefertigt und aus <a href=\"https:\/\/www.kolibica.com\/de\/strukturelle-eigenschaften-und-verwendbarkeit-heimischer-holzarten\/\">Buchenholz<\/a> gefertigt, wird dieser Stuhl sicher viele Jahre halten. Dar\u00fcber hinaus ist es in einer Vielzahl von Farben erh\u00e4ltlich, die zu jeder Inneneinrichtung passen. Mit seinem klassischen Look und modernen Merkmalen ist dieser Stuhl sicher eine gro\u00dfartige Erg\u00e4nzung f\u00fcr Ihren Raum.<\/p>\n<p><strong>MERKMALE:<\/strong><\/p>\n<p>\ud83d\udca1 Zeitloses Design: Dieser Stuhl basiert auf dem vor \u00fcber 150 Jahren patentierten Thonet-Stil und erfreut sich auch heute noch gro\u00dfer Beliebtheit.<br \/>\n\ud83d\udcaa Langlebige Qualit\u00e4t: Dieser Stuhl wird mit traditioneller Technologie und aus Buchenholz handgefertigt und wird viele Jahre halten.<br \/>\n\ud83c\udfa8 Farbvielfalt: Dieser Stuhl ist in einer Vielzahl von Farben erh\u00e4ltlich, passend zu jeder Inneneinrichtung.<\/p>\n<p><strong>SPEZIFIKATIONEN:<\/strong><br \/>\n&#8211; Material: Buche<br \/>\n&#8211; Abmessungen: B x T x H (Sitz) \/ H (gesamt): 510 x 450 x 460 \/ 780 mm<br \/>\n&#8211; Gewicht: 4,5 kg<\/p>\n<p><strong>WIE MAN BESTELLT:<\/strong><br \/>\n1. W\u00e4hlen Sie das Bentwood-Stuhlmodell, das am besten zu Ihrer Inneneinrichtung passt.<br \/>\n2. W\u00e4hlen Sie die Farbe Ihrer Wahl.<br \/>\n3. Senden Sie Ihre Bestellung an unsere E-Mail-Adresse: office@kolibica.com.<\/p>\n<p><strong>FRAGEN:<\/strong><br \/>\nF: Ist dieser Stuhl bequem?<br \/>\nA: Ja, dieser Stuhl ist komfortabel und ergonomisch gestaltet.<\/p>\n<p>F: Wie langlebig ist dieser Stuhl?<br \/>\nA: Dieser Stuhl wird mit traditioneller Technologie handgefertigt und besteht aus <a href=\"https:\/\/www.kolibica.com\/de\/strukturelle-eigenschaften-und-verwendbarkeit-heimischer-holzarten\/\">Buchenholz<\/a>, sodass er viele Jahre halten wird.<\/p>\n<p>F: Kann ich eine andere Farbe w\u00e4hlen?<br \/>\nA: Ja, dieser Stuhl ist in einer Vielzahl von Farben erh\u00e4ltlich, um zu jeder Inneneinrichtung zu passen. Sie k\u00f6nnen die Tonkarte in der Bildergalerie dieses Modells anzeigen.<\/p>\n","protected":false},"excerpt":{"rendered":"<p>Holzst\u00fchle Thonet &#8211; Bugholz 001 Sie suchen ein zeitloses und  [&#8230;]<\/p>\n","protected":false},"featured_media":85370,"template":"","meta":{"content-type":""},"product_brand":[],"product_cat":[141,139],"product_tag":[],"class_list":{"0":"post-85409","1":"product","2":"type-product","3":"status-publish","4":"has-post-thumbnail","6":"product_cat-holzstuhle","7":"product_cat-mobel","9":"first","10":"instock","11":"shipping-taxable","12":"purchasable","13":"product-type-simple"},"aioseo_notices":[],"_links":{"self":[{"href":"https:\/\/www.kolibica.com\/de\/wp-json\/wp\/v2\/product\/85409","targetHints":{"allow":["GET"]}}],"collection":[{"href":"https:\/\/www.kolibica.com\/de\/wp-json\/wp\/v2\/product"}],"about":[{"href":"https:\/\/www.kolibica.com\/de\/wp-json\/wp\/v2\/types\/product"}],"wp:featuredmedia":[{"embeddable":true,"href":"https:\/\/www.kolibica.com\/de\/wp-json\/wp\/v2\/media\/85370"}],"wp:attachment":[{"href":"https:\/\/www.kolibica.com\/de\/wp-json\/wp\/v2\/media?parent=85409"}],"wp:term":[{"taxonomy":"product_brand","embeddable":true,"href":"https:\/\/www.kolibica.com\/de\/wp-json\/wp\/v2\/product_brand?post=85409"},{"taxonomy":"product_cat","embeddable":true,"href":"https:\/\/www.kolibica.com\/de\/wp-json\/wp\/v2\/product_cat?post=85409"},{"taxonomy":"product_tag","embeddable":true,"href":"https:\/\/www.kolibica.com\/de\/wp-json\/wp\/v2\/product_tag?post=85409"}],"curies":[{"name":"wp","href":"https:\/\/api.w.org\/{rel}","templated":true}]}}