{"id":84893,"date":"2023-01-24T17:22:25","date_gmt":"2023-01-24T15:22:25","guid":{"rendered":"https:\/\/www.kolibica.com\/?post_type=product&#038;p=84893"},"modified":"2023-03-05T09:20:39","modified_gmt":"2023-03-05T07:20:39","slug":"holzkisten-fuer-eine-flasche-mit-gebogenem-staender","status":"publish","type":"product","link":"https:\/\/www.kolibica.com\/de\/produkt\/holzkisten-fuer-eine-flasche-mit-gebogenem-staender\/","title":{"rendered":"Holzkisten f\u00fcr eine Flasche mit gebogenem St\u00e4nder"},"content":{"rendered":"<p><strong>Holzkisten f\u00fcr eine Flasche mit gebogenem St\u00e4nder<\/strong> bestehen aus Weichholz: Linde, <a href=\"https:\/\/www.kolibica.com\/de\/strukturelle-eigenschaften-und-verwendbarkeit-heimischer-holzarten\/\">Tanne<\/a> oder <a href=\"https:\/\/www.kolibica.com\/de\/strukturelle-eigenschaften-und-verwendbarkeit-heimischer-holzarten\/\">Fichte<\/a>. Diese Boxen sind sehr praktisch als Geschenk, vor allem, wenn Sie m\u00f6chten, dass der Beschenkte den Wein richtig genie\u00dft \u2013 nat\u00fcrlich in Gesellschaft. Das geschwungene Flaschenregal ist aus Buche.<\/p>\n<p>Die Abmessungen der K\u00e4sten f\u00fcr eine Flasche mit gebogenem St\u00e4nder k\u00f6nnen je nach Kundenwunsch variabel sein.<\/p>\n<p><strong>Preise der Holzkisten f\u00fcr eine Flasche mit gebogenem St\u00e4nder:<\/strong><br \/>\n30-50 St\u00fcck: 22,70 Eur<br \/>\n50-300 St\u00fcck: 20,50 Eur<br \/>\n300-1000 St\u00fcck: 18,00 Eur<br \/>\n\u00dcber 1000 St\u00fcck &#8211; Preis verhandelbar.<\/p>\n<p><strong>Anmerkungen:<\/strong><\/p>\n<p>Die Gravur ist nicht im Preis inbegriffen.<br \/>\nAuf Wunsch des Kunden bringen wir ein Logo oder einen anderen Text per Laserdruck und CNC (Maschinenholzschnitzerei) auf die Produkte auf.<br \/>\nProduktabmessungen sind nicht festgelegt<\/p>\n","protected":false},"excerpt":{"rendered":"<p>Holzkisten f\u00fcr eine Flasche mit gebogenem St\u00e4nder bestehen aus Weichholz:  [&#8230;]<\/p>\n","protected":false},"featured_media":84899,"template":"","meta":{"content-type":""},"product_brand":[],"product_cat":[127,130],"product_tag":[],"class_list":{"0":"post-84893","1":"product","2":"type-product","3":"status-publish","4":"has-post-thumbnail","6":"product_cat-verpackung-aus-holz","7":"product_cat-weinkisten","9":"first","10":"instock","11":"shipping-taxable","12":"purchasable","13":"product-type-simple"},"aioseo_notices":[],"_links":{"self":[{"href":"https:\/\/www.kolibica.com\/de\/wp-json\/wp\/v2\/product\/84893","targetHints":{"allow":["GET"]}}],"collection":[{"href":"https:\/\/www.kolibica.com\/de\/wp-json\/wp\/v2\/product"}],"about":[{"href":"https:\/\/www.kolibica.com\/de\/wp-json\/wp\/v2\/types\/product"}],"wp:featuredmedia":[{"embeddable":true,"href":"https:\/\/www.kolibica.com\/de\/wp-json\/wp\/v2\/media\/84899"}],"wp:attachment":[{"href":"https:\/\/www.kolibica.com\/de\/wp-json\/wp\/v2\/media?parent=84893"}],"wp:term":[{"taxonomy":"product_brand","embeddable":true,"href":"https:\/\/www.kolibica.com\/de\/wp-json\/wp\/v2\/product_brand?post=84893"},{"taxonomy":"product_cat","embeddable":true,"href":"https:\/\/www.kolibica.com\/de\/wp-json\/wp\/v2\/product_cat?post=84893"},{"taxonomy":"product_tag","embeddable":true,"href":"https:\/\/www.kolibica.com\/de\/wp-json\/wp\/v2\/product_tag?post=84893"}],"curies":[{"name":"wp","href":"https:\/\/api.w.org\/{rel}","templated":true}]}}