{"id":84552,"date":"2022-11-25T15:07:01","date_gmt":"2022-11-25T13:07:01","guid":{"rendered":"https:\/\/www.kolibica.com\/?post_type=product&#038;p=84552"},"modified":"2023-03-05T09:11:43","modified_gmt":"2023-03-05T07:11:43","slug":"restaurantstuehle-valleta-x","status":"publish","type":"product","link":"https:\/\/www.kolibica.com\/de\/produkt\/restaurantstuehle-valleta-x\/","title":{"rendered":"Restaurantst\u00fchle Valleta X"},"content":{"rendered":"<p><strong>Restaurantst\u00fchle Valleta X<\/strong> sind elegant und rustikal. Sie sind aus <a href=\"https:\/\/www.kolibica.com\/de\/strukturelle-eigenschaften-und-verwendbarkeit-heimischer-holzarten\/\">Buche<\/a>. Die Lamellen an der R\u00fcckenlehne sind \u00fcberkreuzt und verleihen ein sehr attraktives Aussehen sowie Komfort.<\/p>\n<p>Die Farbe der St\u00fchle k\u00f6nnen Sie nach den in Ihrem Restaurant oder Caf\u00e9 vorherrschenden T\u00f6nen w\u00e4hlen.<\/p>\n<p>Bei gr\u00f6\u00dferen Mengen an St\u00fchlen gew\u00e4hren wir einen zus\u00e4tzlichen Rabatt.<\/p>\n","protected":false},"excerpt":{"rendered":"<p>Restaurantst\u00fchle Valleta X sind elegant und rustikal. Sie sind aus  [&#8230;]<\/p>\n","protected":false},"featured_media":84558,"template":"","meta":{"content-type":""},"product_brand":[],"product_cat":[141,139],"product_tag":[],"class_list":{"0":"post-84552","1":"product","2":"type-product","3":"status-publish","4":"has-post-thumbnail","6":"product_cat-holzstuhle","7":"product_cat-mobel","9":"first","10":"instock","11":"shipping-taxable","12":"purchasable","13":"product-type-simple"},"aioseo_notices":[],"_links":{"self":[{"href":"https:\/\/www.kolibica.com\/de\/wp-json\/wp\/v2\/product\/84552","targetHints":{"allow":["GET"]}}],"collection":[{"href":"https:\/\/www.kolibica.com\/de\/wp-json\/wp\/v2\/product"}],"about":[{"href":"https:\/\/www.kolibica.com\/de\/wp-json\/wp\/v2\/types\/product"}],"wp:featuredmedia":[{"embeddable":true,"href":"https:\/\/www.kolibica.com\/de\/wp-json\/wp\/v2\/media\/84558"}],"wp:attachment":[{"href":"https:\/\/www.kolibica.com\/de\/wp-json\/wp\/v2\/media?parent=84552"}],"wp:term":[{"taxonomy":"product_brand","embeddable":true,"href":"https:\/\/www.kolibica.com\/de\/wp-json\/wp\/v2\/product_brand?post=84552"},{"taxonomy":"product_cat","embeddable":true,"href":"https:\/\/www.kolibica.com\/de\/wp-json\/wp\/v2\/product_cat?post=84552"},{"taxonomy":"product_tag","embeddable":true,"href":"https:\/\/www.kolibica.com\/de\/wp-json\/wp\/v2\/product_tag?post=84552"}],"curies":[{"name":"wp","href":"https:\/\/api.w.org\/{rel}","templated":true}]}}