{"id":83833,"date":"2019-02-11T22:38:44","date_gmt":"2019-02-11T20:38:44","guid":{"rendered":"https:\/\/www.kolibica.com\/product\/wurstschneidebrett\/"},"modified":"2023-02-20T09:14:28","modified_gmt":"2023-02-20T07:14:28","slug":"wurst-schneidebrett","status":"publish","type":"product","link":"https:\/\/www.kolibica.com\/de\/produkt\/wurst-schneidebrett\/","title":{"rendered":"Wurst Schneidebrett"},"content":{"rendered":"<p><strong>Wurst Schneidebrett<\/strong>\u00a0ist aus hochwertigem <a href=\"https:\/\/www.kolibica.com\/de\/strukturelle-eigenschaften-und-verwendbarkeit-heimischer-holzarten\/\">Buchenholz<\/a> gefertigt und sehr praktisch. Es ist f\u00fcr den Hausgebrauch als Vorbereitung zum Servieren von Wurstwaren bestimmt.<br \/>\nDie hohe Qualit\u00e4t des Produkts, der Wunsch, Verbraucher zu treffen, und die M\u00f6glichkeit, diese Tafeln zu bedrucken und zu gravieren, machen sie ideal f\u00fcr Pr\u00e4sentationsgeschenke, insbesondere f\u00fcr Unternehmen der Lebensmittelindustrie.<\/p>\n<p>Die Standardabmessungen der Platten sind: 30&#215;6 cm, obwohl die Abmessungen an die Anforderungen des Kunden angepasst werden k\u00f6nnen.<\/p>\n<p><strong>Preise:<\/strong><br \/>\n100-500 Stk. &#8211; 1,10 Eur<br \/>\n500-1000 Stk. &#8211; 1,00 Eur<br \/>\n2000-5000 stk. &#8211; 0,75 Eur<br \/>\n\u00dcber 5000 Stk. &#8211; 0,65 Eur<\/p>\n<p><strong>Rat:<\/strong><\/p>\n<p>Bewahren Sie Holz\u00f6fen und K\u00fcchenbretter nicht unter Wasser auf, da sie sich verformen. Bretter und Schwei\u00dfer sollten sofort nach Gebrauch gewaschen und getrocknet werden. Wenn sie unangenehme Ger\u00fcche von Lebensmitteln behalten haben, sollten sie gelegentlich mit einer scharfen B\u00fcrste, die in eine Mischung aus Salz und Essig getaucht ist, geschrubbt und dann unter einem warmen Wasserstrahl abgesp\u00fclt werden.<\/p>\n<p>&nbsp;<\/p>\n","protected":false},"excerpt":{"rendered":"<p>Wurst Schneidebrett\u00a0ist aus hochwertigem Buchenholz gefertigt und sehr praktisch. Es  [&#8230;]<\/p>\n","protected":false},"featured_media":75784,"template":"","meta":{"content-type":""},"product_brand":[],"product_cat":[134],"product_tag":[],"class_list":{"0":"post-83833","1":"product","2":"type-product","3":"status-publish","4":"has-post-thumbnail","6":"product_cat-holzzubehor-fur-die-kuche","8":"first","9":"instock","10":"shipping-taxable","11":"product-type-simple"},"aioseo_notices":[],"_links":{"self":[{"href":"https:\/\/www.kolibica.com\/de\/wp-json\/wp\/v2\/product\/83833","targetHints":{"allow":["GET"]}}],"collection":[{"href":"https:\/\/www.kolibica.com\/de\/wp-json\/wp\/v2\/product"}],"about":[{"href":"https:\/\/www.kolibica.com\/de\/wp-json\/wp\/v2\/types\/product"}],"wp:featuredmedia":[{"embeddable":true,"href":"https:\/\/www.kolibica.com\/de\/wp-json\/wp\/v2\/media\/75784"}],"wp:attachment":[{"href":"https:\/\/www.kolibica.com\/de\/wp-json\/wp\/v2\/media?parent=83833"}],"wp:term":[{"taxonomy":"product_brand","embeddable":true,"href":"https:\/\/www.kolibica.com\/de\/wp-json\/wp\/v2\/product_brand?post=83833"},{"taxonomy":"product_cat","embeddable":true,"href":"https:\/\/www.kolibica.com\/de\/wp-json\/wp\/v2\/product_cat?post=83833"},{"taxonomy":"product_tag","embeddable":true,"href":"https:\/\/www.kolibica.com\/de\/wp-json\/wp\/v2\/product_tag?post=83833"}],"curies":[{"name":"wp","href":"https:\/\/api.w.org\/{rel}","templated":true}]}}