{"id":83789,"date":"2019-02-12T17:59:02","date_gmt":"2019-02-12T15:59:02","guid":{"rendered":"https:\/\/www.kolibica.com\/product\/untersetzer-fuer-toepfe\/"},"modified":"2023-02-20T11:08:13","modified_gmt":"2023-02-20T09:08:13","slug":"untersetzer-fur-topfe","status":"publish","type":"product","link":"https:\/\/www.kolibica.com\/de\/produkt\/untersetzer-fur-topfe\/","title":{"rendered":"Untersetzer f\u00fcr T\u00f6pfe"},"content":{"rendered":"<p><strong>Untersetzer f\u00fcr T\u00f6pfe<\/strong> werden in verschiedenen Varianten hergestellt. Sie k\u00f6nnen aus <a href=\"https:\/\/www.kolibica.com\/de\/strukturelle-eigenschaften-und-verwendbarkeit-heimischer-holzarten\/\">Buche<\/a> mit einer Korkapplikation hergestellt werden, die mit Siebdruck oder Lasergravur gebrandet werden kann.<\/p>\n<p>Preise Untersetzer f\u00fcr T\u00f6pfe (mit Lasergravur):.<\/p>\n<p>50-500 St\u00fcck: 2,90 Eur<br \/>\n500-1000 St\u00fcck: 2,40 Eur<br \/>\n\u00fcber 1000 St\u00fcck: 2,30 Eur<\/p>\n<p><strong>Untersetzer f\u00fcr T\u00f6pfe aus Kork und Kunstleder<\/strong><\/p>\n<p>Preise Untersetzer f\u00fcr T\u00f6pfe (mit Lasergravur):.<\/p>\n<p>50-500 St\u00fcck: 1,90 Eur<br \/>\n500-1000 St\u00fcck: 1,70 Eur<br \/>\n\u00fcber 1000 St\u00fcck: 1,50 Eur<\/p>\n<p><strong>Pfannenuntersetzer mit Lattenrost<\/strong><\/p>\n<p>Preise Untersetzer f\u00fcr T\u00f6pfe (mit Lasergravur):.<\/p>\n<p>100-500 St\u00fcck: 1,30 Eur<br \/>\n500-1000 St\u00fcck: 1,10 Eur<br \/>\n\u00fcber 1000 St\u00fcck: 0,90 Eur<\/p>\n<p><strong>Untersetzer f\u00fcr Pfannen aus Lamellen und Kork<\/strong><\/p>\n<p>Preise Untersetzer f\u00fcr T\u00f6pfe (mit Lasergravur):.<\/p>\n<p>100-500 St\u00fcck: 1,90 Eur<br \/>\n500-1000 St\u00fcck: 1,60 Eur<br \/>\n\u00fcber 1000 St\u00fcck: 1,35 Eur<\/p>\n<p>&nbsp;<\/p>\n<p>&nbsp;<\/p>\n<p>&nbsp;<\/p>\n<p>&nbsp;<\/p>\n","protected":false},"excerpt":{"rendered":"<p>Untersetzer f\u00fcr T\u00f6pfe werden in verschiedenen Varianten hergestellt. Sie k\u00f6nnen  [&#8230;]<\/p>\n","protected":false},"featured_media":77219,"template":"","meta":{"content-type":""},"product_brand":[],"product_cat":[134],"product_tag":[],"class_list":{"0":"post-83789","1":"product","2":"type-product","3":"status-publish","4":"has-post-thumbnail","6":"product_cat-holzzubehor-fur-die-kuche","8":"first","9":"instock","10":"shipping-taxable","11":"product-type-simple"},"aioseo_notices":[],"_links":{"self":[{"href":"https:\/\/www.kolibica.com\/de\/wp-json\/wp\/v2\/product\/83789","targetHints":{"allow":["GET"]}}],"collection":[{"href":"https:\/\/www.kolibica.com\/de\/wp-json\/wp\/v2\/product"}],"about":[{"href":"https:\/\/www.kolibica.com\/de\/wp-json\/wp\/v2\/types\/product"}],"wp:featuredmedia":[{"embeddable":true,"href":"https:\/\/www.kolibica.com\/de\/wp-json\/wp\/v2\/media\/77219"}],"wp:attachment":[{"href":"https:\/\/www.kolibica.com\/de\/wp-json\/wp\/v2\/media?parent=83789"}],"wp:term":[{"taxonomy":"product_brand","embeddable":true,"href":"https:\/\/www.kolibica.com\/de\/wp-json\/wp\/v2\/product_brand?post=83789"},{"taxonomy":"product_cat","embeddable":true,"href":"https:\/\/www.kolibica.com\/de\/wp-json\/wp\/v2\/product_cat?post=83789"},{"taxonomy":"product_tag","embeddable":true,"href":"https:\/\/www.kolibica.com\/de\/wp-json\/wp\/v2\/product_tag?post=83789"}],"curies":[{"name":"wp","href":"https:\/\/api.w.org\/{rel}","templated":true}]}}