{"id":83777,"date":"2019-02-12T23:50:30","date_gmt":"2019-02-12T21:50:30","guid":{"rendered":"https:\/\/www.kolibica.com\/product\/stuehle-fuer-taverna-restaurants\/"},"modified":"2023-02-27T09:09:26","modified_gmt":"2023-02-27T07:09:26","slug":"restaurantstuehle-taverna","status":"publish","type":"product","link":"https:\/\/www.kolibica.com\/de\/produkt\/restaurantstuehle-taverna\/","title":{"rendered":"Restaurantst\u00fchle Taverna"},"content":{"rendered":"<p><strong>Restaurantst\u00fchle Taverna<\/strong>\u00a0eignen sich sehr gut f\u00fcr l\u00e4ngeres Sitzen. Sie sind so konzipiert, dass sie bequem sind, damit Ihre G\u00e4ste gerne in Ihrem Restaurant essen und sich aufhalten. Diese St\u00fchle werden mit drei Querlatten in der R\u00fcckenlehne hergestellt.<\/p>\n<p>Die Farbe der St\u00fchle k\u00f6nnen Sie nach den in Ihrem Restaurant oder Caf\u00e9 vorherrschenden T\u00f6nen w\u00e4hlen. Diese St\u00fchle passen am besten zu Taverna Barhockern.<\/p>\n<p>Bei gr\u00f6\u00dferen Mengen an St\u00fchlen gew\u00e4hren wir einen Beteiligungsrabatt.<\/p>\n","protected":false},"excerpt":{"rendered":"<p>Restaurantst\u00fchle Taverna\u00a0eignen sich sehr gut f\u00fcr l\u00e4ngeres Sitzen. Sie sind  [&#8230;]<\/p>\n","protected":false},"featured_media":77263,"template":"","meta":{"content-type":""},"product_brand":[],"product_cat":[141,139],"product_tag":[],"class_list":{"0":"post-83777","1":"product","2":"type-product","3":"status-publish","4":"has-post-thumbnail","6":"product_cat-holzstuhle","7":"product_cat-mobel","9":"first","10":"instock","11":"shipping-taxable","12":"purchasable","13":"product-type-simple"},"aioseo_notices":[],"_links":{"self":[{"href":"https:\/\/www.kolibica.com\/de\/wp-json\/wp\/v2\/product\/83777","targetHints":{"allow":["GET"]}}],"collection":[{"href":"https:\/\/www.kolibica.com\/de\/wp-json\/wp\/v2\/product"}],"about":[{"href":"https:\/\/www.kolibica.com\/de\/wp-json\/wp\/v2\/types\/product"}],"wp:featuredmedia":[{"embeddable":true,"href":"https:\/\/www.kolibica.com\/de\/wp-json\/wp\/v2\/media\/77263"}],"wp:attachment":[{"href":"https:\/\/www.kolibica.com\/de\/wp-json\/wp\/v2\/media?parent=83777"}],"wp:term":[{"taxonomy":"product_brand","embeddable":true,"href":"https:\/\/www.kolibica.com\/de\/wp-json\/wp\/v2\/product_brand?post=83777"},{"taxonomy":"product_cat","embeddable":true,"href":"https:\/\/www.kolibica.com\/de\/wp-json\/wp\/v2\/product_cat?post=83777"},{"taxonomy":"product_tag","embeddable":true,"href":"https:\/\/www.kolibica.com\/de\/wp-json\/wp\/v2\/product_tag?post=83777"}],"curies":[{"name":"wp","href":"https:\/\/api.w.org\/{rel}","templated":true}]}}