{"id":83436,"date":"2019-04-27T11:14:09","date_gmt":"2019-04-27T09:14:09","guid":{"rendered":"https:\/\/www.kolibica.com\/product\/roma-x-restaurantstuehle\/"},"modified":"2023-02-27T10:10:10","modified_gmt":"2023-02-27T08:10:10","slug":"restaurantstuehle-roma-x","status":"publish","type":"product","link":"https:\/\/www.kolibica.com\/de\/produkt\/restaurantstuehle-roma-x\/","title":{"rendered":"Restaurantst\u00fchle Roma X"},"content":{"rendered":"<p><strong>Restaurantst\u00fchle Roma X<\/strong>\u00a0eignen sich sehr gut f\u00fcr l\u00e4ngeres Sitzen. Sie sind so konzipiert, dass sie bequem sind, damit Ihre G\u00e4ste gerne in Ihrem Restaurant essen und sich aufhalten. Die R\u00fcckenlehne mit gekreuzten Lamellen verleiht dem Stuhl ein sehr attraktives Aussehen sowie einen hervorragenden Komfort.<\/p>\n<p>Die Farbe der St\u00fchle k\u00f6nnen Sie nach den in Ihrem Restaurant oder Caf\u00e9 vorherrschenden T\u00f6nen w\u00e4hlen. Diese St\u00fchle passen am besten zu den <a href=\"https:\/\/www.kolibica.com\/de\/produkt\/barhocker-roma-x\/\">Roma X Barhockern<\/a>.<\/p>\n<p>Bei gr\u00f6\u00dferen Mengen an St\u00fchlen gew\u00e4hren wir einen Beteiligungsrabatt.<\/p>\n","protected":false},"excerpt":{"rendered":"<p>Restaurantst\u00fchle Roma X\u00a0eignen sich sehr gut f\u00fcr l\u00e4ngeres Sitzen. Sie  [&#8230;]<\/p>\n","protected":false},"featured_media":76312,"template":"","meta":{"content-type":""},"product_brand":[],"product_cat":[141,139],"product_tag":[],"class_list":{"0":"post-83436","1":"product","2":"type-product","3":"status-publish","4":"has-post-thumbnail","6":"product_cat-holzstuhle","7":"product_cat-mobel","9":"first","10":"instock","11":"shipping-taxable","12":"purchasable","13":"product-type-simple"},"aioseo_notices":[],"_links":{"self":[{"href":"https:\/\/www.kolibica.com\/de\/wp-json\/wp\/v2\/product\/83436","targetHints":{"allow":["GET"]}}],"collection":[{"href":"https:\/\/www.kolibica.com\/de\/wp-json\/wp\/v2\/product"}],"about":[{"href":"https:\/\/www.kolibica.com\/de\/wp-json\/wp\/v2\/types\/product"}],"wp:featuredmedia":[{"embeddable":true,"href":"https:\/\/www.kolibica.com\/de\/wp-json\/wp\/v2\/media\/76312"}],"wp:attachment":[{"href":"https:\/\/www.kolibica.com\/de\/wp-json\/wp\/v2\/media?parent=83436"}],"wp:term":[{"taxonomy":"product_brand","embeddable":true,"href":"https:\/\/www.kolibica.com\/de\/wp-json\/wp\/v2\/product_brand?post=83436"},{"taxonomy":"product_cat","embeddable":true,"href":"https:\/\/www.kolibica.com\/de\/wp-json\/wp\/v2\/product_cat?post=83436"},{"taxonomy":"product_tag","embeddable":true,"href":"https:\/\/www.kolibica.com\/de\/wp-json\/wp\/v2\/product_tag?post=83436"}],"curies":[{"name":"wp","href":"https:\/\/api.w.org\/{rel}","templated":true}]}}