{"id":83435,"date":"2019-05-14T18:17:05","date_gmt":"2019-05-14T16:17:05","guid":{"rendered":"https:\/\/www.kolibica.com\/product\/brett-fuer-whisky-und-tompus\/"},"modified":"2023-02-27T10:06:11","modified_gmt":"2023-02-27T08:06:11","slug":"whisky-und-zigarre-brett","status":"publish","type":"product","link":"https:\/\/www.kolibica.com\/de\/produkt\/whisky-und-zigarre-brett\/","title":{"rendered":"Whisky und Zigarre Brett"},"content":{"rendered":"<p><strong>Whisky und Zigarre Brett<\/strong> &#8211; Eine erstklassige starke Zigarre und Single Malt Whisky stehen f\u00fcr den Genuss reinsten Aromas und stellen somit logischerweise eine ideale Kombination dar. Nat\u00fcrlich d\u00fcrfen wir nicht vergessen, dass dies ein zweischneidiges Schwert ist, \u00fcberm\u00e4\u00dfiger Genuss von Zigarren und Getr\u00e4nken kann die menschliche Gesundheit erheblich gef\u00e4hrden. Schlie\u00dflich liegt die Sch\u00f6nheit der Entspannung mit aromatischem Rauch in der Einzigartigkeit des Erlebnisses. Wenn es zu oft und unkontrolliert wiederholt wird, wird es nur zu einer h\u00e4sslichen Angewohnheit. Deshalb ist von Anfang an die Haltung der Genie\u00dfer in Ma\u00dfen zu formen. Es ist der einzige Weg in den langfristigen Plan, neue Geschm\u00e4cker und Empfindungen zu entdecken, die all dies mit sich bringt &#8230;<\/p>\n<p>Bretter f\u00fcr Whisky und Tompus bestehen aus Eichenholz mit Metalldetails, die ihnen ein rustikales Aussehen verleihen.<\/p>\n<p>Verpflegungspreise:<\/p>\n<p>Bis zu 10 Stk &#8211; 20 Eur<br \/>\n10-50 St\u00fcck &#8211; 15 Eur<br \/>\n\u00fcber 50 Stk. &#8211; 10 Eur<br \/>\n\u00fcber 100 stk. &#8211; 8 Eur.<\/p>\n<p><strong>Anmerkungen:<\/strong><\/p>\n<p>Die Gravur ist nicht im Preis inbegriffen.<br \/>\nAuf Wunsch des Kunden bringen wir ein Logo oder einen anderen Text per Laserdruck und CNC (Maschinenholzschnitzerei) auf die Produkte auf.<br \/>\nProduktabmessungen sind nicht festgelegt<\/p>\n","protected":false},"excerpt":{"rendered":"<p>Whisky und Zigarre Brett &#8211; Eine erstklassige starke Zigarre und  [&#8230;]<\/p>\n","protected":false},"featured_media":76380,"template":"","meta":{"content-type":""},"product_brand":[],"product_cat":[138,135,136],"product_tag":[],"class_list":{"0":"post-83435","1":"product","2":"type-product","3":"status-publish","4":"has-post-thumbnail","6":"product_cat-hedonismus","7":"product_cat-luxus-kurzwaren","8":"product_cat-werbezubehor-fur-unternehmen","10":"first","11":"instock","12":"shipping-taxable","13":"purchasable","14":"product-type-simple"},"aioseo_notices":[],"_links":{"self":[{"href":"https:\/\/www.kolibica.com\/de\/wp-json\/wp\/v2\/product\/83435","targetHints":{"allow":["GET"]}}],"collection":[{"href":"https:\/\/www.kolibica.com\/de\/wp-json\/wp\/v2\/product"}],"about":[{"href":"https:\/\/www.kolibica.com\/de\/wp-json\/wp\/v2\/types\/product"}],"wp:featuredmedia":[{"embeddable":true,"href":"https:\/\/www.kolibica.com\/de\/wp-json\/wp\/v2\/media\/76380"}],"wp:attachment":[{"href":"https:\/\/www.kolibica.com\/de\/wp-json\/wp\/v2\/media?parent=83435"}],"wp:term":[{"taxonomy":"product_brand","embeddable":true,"href":"https:\/\/www.kolibica.com\/de\/wp-json\/wp\/v2\/product_brand?post=83435"},{"taxonomy":"product_cat","embeddable":true,"href":"https:\/\/www.kolibica.com\/de\/wp-json\/wp\/v2\/product_cat?post=83435"},{"taxonomy":"product_tag","embeddable":true,"href":"https:\/\/www.kolibica.com\/de\/wp-json\/wp\/v2\/product_tag?post=83435"}],"curies":[{"name":"wp","href":"https:\/\/api.w.org\/{rel}","templated":true}]}}