{"id":83431,"date":"2019-06-16T16:41:52","date_gmt":"2019-06-16T14:41:52","guid":{"rendered":"https:\/\/www.kolibica.com\/product\/einreihige-obstkiste-50x30x12-cm\/"},"modified":"2023-02-27T10:49:06","modified_gmt":"2023-02-27T08:49:06","slug":"obstkisten-holzkisten-50x30x12-cm","status":"publish","type":"product","link":"https:\/\/www.kolibica.com\/de\/produkt\/obstkisten-holzkisten-50x30x12-cm\/","title":{"rendered":"Obstkisten Holzkisten 50x30x12 cm"},"content":{"rendered":"<p><strong>Obstkisten Holzkisten 50x30x12 cm &#8211; Holzkisten f\u00fcr Obst und Gem\u00fcse<\/strong> &#8211; Dutch werden in mehreren Gr\u00f6\u00dfen hergestellt. Diese Holzverpackung ist unverzichtbar beim Verpacken von Obst &#8211; von Erdbeeren \u00fcber \u00c4pfel und Birnen bis hin zu Gem\u00fcse (Tomaten, Paprika, sogar Salat&#8230;)<\/p>\n<p><strong>Holzkisten sind<\/strong> aus hochwertigem Pappelholz gefertigt, das sehr elastisch und z\u00e4h ist, sodass die Kisten gr\u00f6\u00dferen Belastungen standhalten.<\/p>\n<p><strong>Obstkisten sind<\/strong> ein umweltfreundliches Produkt zum Verpacken von Obst und Gem\u00fcse.<\/p>\n<p>Auf Wunsch des Kunden k\u00f6nnen die Kisten aus anderen Holzarten hergestellt werden, und es besteht die M\u00f6glichkeit, den Namen der Firma auf die Holzkisten zu drucken.<\/p>\n<p>&nbsp;<\/p>\n<p><strong>Einreihige Kisten (50&#215;30 cm) &#8211; Pfostenh\u00f6he 12 cm, Seitenbreite 60-70 mm.<br \/>\n<\/strong><strong>Diese Kisten werden am h\u00e4ufigsten zum Verpacken von Pilzen verwendet. Die Mindestliefermenge betr\u00e4gt 3000 St\u00fcck.<\/strong><\/p>\n<p>&nbsp;<\/p>\n<p>&nbsp;<\/p>\n<p>.<\/p>\n<p>&nbsp;<\/p>\n","protected":false},"excerpt":{"rendered":"<p>Obstkisten Holzkisten 50x30x12 cm &#8211; Holzkisten f\u00fcr Obst und Gem\u00fcse  [&#8230;]<\/p>\n","protected":false},"featured_media":76440,"template":"","meta":{"content-type":""},"product_brand":[],"product_cat":[128,129,127],"product_tag":[],"class_list":{"0":"post-83431","1":"product","2":"type-product","3":"status-publish","4":"has-post-thumbnail","6":"product_cat-holzkisten","7":"product_cat-kisten-fur-obst-und-gemuse","8":"product_cat-verpackung-aus-holz","10":"first","11":"instock","12":"shipping-taxable","13":"purchasable","14":"product-type-simple"},"aioseo_notices":[],"_links":{"self":[{"href":"https:\/\/www.kolibica.com\/de\/wp-json\/wp\/v2\/product\/83431","targetHints":{"allow":["GET"]}}],"collection":[{"href":"https:\/\/www.kolibica.com\/de\/wp-json\/wp\/v2\/product"}],"about":[{"href":"https:\/\/www.kolibica.com\/de\/wp-json\/wp\/v2\/types\/product"}],"wp:featuredmedia":[{"embeddable":true,"href":"https:\/\/www.kolibica.com\/de\/wp-json\/wp\/v2\/media\/76440"}],"wp:attachment":[{"href":"https:\/\/www.kolibica.com\/de\/wp-json\/wp\/v2\/media?parent=83431"}],"wp:term":[{"taxonomy":"product_brand","embeddable":true,"href":"https:\/\/www.kolibica.com\/de\/wp-json\/wp\/v2\/product_brand?post=83431"},{"taxonomy":"product_cat","embeddable":true,"href":"https:\/\/www.kolibica.com\/de\/wp-json\/wp\/v2\/product_cat?post=83431"},{"taxonomy":"product_tag","embeddable":true,"href":"https:\/\/www.kolibica.com\/de\/wp-json\/wp\/v2\/product_tag?post=83431"}],"curies":[{"name":"wp","href":"https:\/\/api.w.org\/{rel}","templated":true}]}}