{"id":83429,"date":"2019-06-22T11:22:58","date_gmt":"2019-06-22T09:22:58","guid":{"rendered":"https:\/\/www.kolibica.com\/product\/kuechenbrett-kd08\/"},"modified":"2023-02-27T10:25:20","modified_gmt":"2023-02-27T08:25:20","slug":"kuchenbrett-kd08","status":"publish","type":"product","link":"https:\/\/www.kolibica.com\/de\/produkt\/kuchenbrett-kd08\/","title":{"rendered":"K\u00fcchenbrett &#8211; KD08"},"content":{"rendered":"<p><strong>K\u00fcchenbrett &#8211; KD08 &#8211; Starke K\u00fcchenbretter<\/strong> sind aus hochwertigem <a href=\"https:\/\/www.kolibica.com\/de\/strukturelle-eigenschaften-und-verwendbarkeit-heimischer-holzarten\/\">Buchenholz<\/a> gefertigt. Die bretter k\u00f6nnen mit oder ohne rillen zum schneiden von pizza sein. Je nach kundenwunsch k\u00f6nnen die platten mit einem logo graviert oder mit zus\u00e4tzlichen schnitten versehen werden.<\/p>\n<p>&nbsp;<\/p>\n<p>&nbsp;<\/p>\n<p><strong>Rat:<\/strong><\/p>\n<p>Bewahren Sie Holz\u00f6fen und K\u00fcchenbretter nicht unter Wasser auf, da sie sich verformen. Bretter und Schwei\u00dfer sollten sofort nach Gebrauch gewaschen und getrocknet werden. Wenn sie unangenehme Ger\u00fcche von Lebensmitteln behalten haben, sollten sie gelegentlich mit einer scharfen B\u00fcrste, die in eine Mischung aus Salz und Essig getaucht ist, geschrubbt und dann unter einem warmen Wasserstrahl abgesp\u00fclt werden.<\/p>\n<p>&nbsp;<\/p>\n","protected":false},"excerpt":{"rendered":"<p>K\u00fcchenbrett &#8211; KD08 &#8211; Starke K\u00fcchenbretter sind aus hochwertigem Buchenholz  [&#8230;]<\/p>\n","protected":false},"featured_media":76444,"template":"","meta":{"content-type":""},"product_brand":[],"product_cat":[134],"product_tag":[],"class_list":{"0":"post-83429","1":"product","2":"type-product","3":"status-publish","4":"has-post-thumbnail","6":"product_cat-holzzubehor-fur-die-kuche","8":"first","9":"instock","10":"shipping-taxable","11":"product-type-simple"},"aioseo_notices":[],"_links":{"self":[{"href":"https:\/\/www.kolibica.com\/de\/wp-json\/wp\/v2\/product\/83429","targetHints":{"allow":["GET"]}}],"collection":[{"href":"https:\/\/www.kolibica.com\/de\/wp-json\/wp\/v2\/product"}],"about":[{"href":"https:\/\/www.kolibica.com\/de\/wp-json\/wp\/v2\/types\/product"}],"wp:featuredmedia":[{"embeddable":true,"href":"https:\/\/www.kolibica.com\/de\/wp-json\/wp\/v2\/media\/76444"}],"wp:attachment":[{"href":"https:\/\/www.kolibica.com\/de\/wp-json\/wp\/v2\/media?parent=83429"}],"wp:term":[{"taxonomy":"product_brand","embeddable":true,"href":"https:\/\/www.kolibica.com\/de\/wp-json\/wp\/v2\/product_brand?post=83429"},{"taxonomy":"product_cat","embeddable":true,"href":"https:\/\/www.kolibica.com\/de\/wp-json\/wp\/v2\/product_cat?post=83429"},{"taxonomy":"product_tag","embeddable":true,"href":"https:\/\/www.kolibica.com\/de\/wp-json\/wp\/v2\/product_tag?post=83429"}],"curies":[{"name":"wp","href":"https:\/\/api.w.org\/{rel}","templated":true}]}}