{"id":83428,"date":"2019-07-29T20:40:21","date_gmt":"2019-07-29T18:40:21","guid":{"rendered":"https:\/\/www.kolibica.com\/product\/parasiten-regal\/"},"modified":"2023-02-27T11:26:17","modified_gmt":"2023-02-27T09:26:17","slug":"flaschenregal-fuer-geschaefte","status":"publish","type":"product","link":"https:\/\/www.kolibica.com\/de\/produkt\/flaschenregal-fuer-geschaefte\/","title":{"rendered":"Flaschenregal f\u00fcr Gesch\u00e4fte"},"content":{"rendered":"<p><strong><span class=\"HwtZe\" lang=\"de\"><span class=\"jCAhz ChMk0b\"><span class=\"ryNqvb\">Flaschenregal f\u00fcr Gesch\u00e4fte<\/span><\/span><\/span> &#8211; Parasitenregale<\/strong> sind Regale mit kleinen Abmessungen, die haupts\u00e4chlich verwendet werden, um die Produktverf\u00fcgbarkeit zu erh\u00f6hen, indem sie so wenig Platz wie m\u00f6glich beanspruchen. Bei der Herstellung dieser Regale k\u00f6nnen wir verschiedene Materialien verwenden, damit der Kunde das attraktivste Produkt erh\u00e4lt, das Kunden anzieht und das Produkt hervorhebt, f\u00fcr das das Regal bestimmt ist. Die Gr\u00f6\u00dfe und Form des Regals sind variabel, ebenso wie alle zus\u00e4tzlichen Veredelungen, die durchgef\u00fchrt werden k\u00f6nnen. Regale k\u00f6nnen an vorhandenen Stellen angebracht oder freistehend aufgestellt werden.<\/p>\n<p><strong>Parasitenregale<\/strong> werden normalerweise in der N\u00e4he von Kassen, Gondeln, gro\u00dfen Regalen und Gondeln sowie K\u00fchlschr\u00e4nken aufgestellt.<\/p>\n","protected":false},"excerpt":{"rendered":"<p>Flaschenregal f\u00fcr Gesch\u00e4fte &#8211; Parasitenregale sind Regale mit kleinen Abmessungen,  [&#8230;]<\/p>\n","protected":false},"featured_media":76468,"template":"","meta":{"content-type":""},"product_brand":[],"product_cat":[137,134,127,136],"product_tag":[],"class_list":{"0":"post-83428","1":"product","2":"type-product","3":"status-publish","4":"has-post-thumbnail","6":"product_cat-andenken","7":"product_cat-holzzubehor-fur-die-kuche","8":"product_cat-verpackung-aus-holz","9":"product_cat-werbezubehor-fur-unternehmen","11":"first","12":"instock","13":"shipping-taxable","14":"purchasable","15":"product-type-simple"},"aioseo_notices":[],"_links":{"self":[{"href":"https:\/\/www.kolibica.com\/de\/wp-json\/wp\/v2\/product\/83428","targetHints":{"allow":["GET"]}}],"collection":[{"href":"https:\/\/www.kolibica.com\/de\/wp-json\/wp\/v2\/product"}],"about":[{"href":"https:\/\/www.kolibica.com\/de\/wp-json\/wp\/v2\/types\/product"}],"wp:featuredmedia":[{"embeddable":true,"href":"https:\/\/www.kolibica.com\/de\/wp-json\/wp\/v2\/media\/76468"}],"wp:attachment":[{"href":"https:\/\/www.kolibica.com\/de\/wp-json\/wp\/v2\/media?parent=83428"}],"wp:term":[{"taxonomy":"product_brand","embeddable":true,"href":"https:\/\/www.kolibica.com\/de\/wp-json\/wp\/v2\/product_brand?post=83428"},{"taxonomy":"product_cat","embeddable":true,"href":"https:\/\/www.kolibica.com\/de\/wp-json\/wp\/v2\/product_cat?post=83428"},{"taxonomy":"product_tag","embeddable":true,"href":"https:\/\/www.kolibica.com\/de\/wp-json\/wp\/v2\/product_tag?post=83428"}],"curies":[{"name":"wp","href":"https:\/\/api.w.org\/{rel}","templated":true}]}}