{"id":83427,"date":"2019-07-29T18:05:21","date_gmt":"2019-07-29T16:05:21","guid":{"rendered":"https:\/\/www.kolibica.com\/product\/ein-hoelzerner-eimer\/"},"modified":"2023-02-27T10:17:02","modified_gmt":"2023-02-27T08:17:02","slug":"hoelzerner-eimer","status":"publish","type":"product","link":"https:\/\/www.kolibica.com\/de\/produkt\/hoelzerner-eimer\/","title":{"rendered":"H\u00f6lzerner Eimer"},"content":{"rendered":"<p><strong>H\u00f6lzerner Eimer &#8211; Holzk\u00fcbel<\/strong> werden aus <a href=\"https:\/\/www.kolibica.com\/de\/strukturelle-eigenschaften-und-verwendbarkeit-heimischer-holzarten\/\">Buche<\/a>, <a href=\"https:\/\/www.kolibica.com\/de\/strukturelle-eigenschaften-und-verwendbarkeit-heimischer-holzarten\/\">Eiche<\/a> oder <a href=\"https:\/\/www.kolibica.com\/de\/strukturelle-eigenschaften-und-verwendbarkeit-heimischer-holzarten\/\">Esche<\/a> hergestellt. Reifen k\u00f6nnen verzinkt oder schwarz sein. Die H\u00f6he des Eimers betr\u00e4gt 32 cm und der Durchmesser im oberen Teil 33 cm. Diese Eimer sind sehr attraktiv f\u00fcr die Dekoration im Garten, praktisch f\u00fcr den Haushalt zum Aufbewahren von Gem\u00fcse usw.<\/p>\n<p>Preise f\u00fcr Holzeimer:<\/p>\n<p>Bis zu 10 St\u00fcck &#8211; 30 Eur<br \/>\n10-50 St\u00fcck &#8211; 25 Eur<br \/>\n\u00fcber 50 St\u00fcck &#8211; 20 Eur<\/p>\n","protected":false},"excerpt":{"rendered":"<p>H\u00f6lzerner Eimer &#8211; Holzk\u00fcbel werden aus Buche, Eiche oder Esche  [&#8230;]<\/p>\n","protected":false},"featured_media":76460,"template":"","meta":{"content-type":""},"product_brand":[],"product_cat":[137,134,127],"product_tag":[],"class_list":{"0":"post-83427","1":"product","2":"type-product","3":"status-publish","4":"has-post-thumbnail","6":"product_cat-andenken","7":"product_cat-holzzubehor-fur-die-kuche","8":"product_cat-verpackung-aus-holz","10":"first","11":"instock","12":"shipping-taxable","13":"purchasable","14":"product-type-simple"},"aioseo_notices":[],"_links":{"self":[{"href":"https:\/\/www.kolibica.com\/de\/wp-json\/wp\/v2\/product\/83427","targetHints":{"allow":["GET"]}}],"collection":[{"href":"https:\/\/www.kolibica.com\/de\/wp-json\/wp\/v2\/product"}],"about":[{"href":"https:\/\/www.kolibica.com\/de\/wp-json\/wp\/v2\/types\/product"}],"wp:featuredmedia":[{"embeddable":true,"href":"https:\/\/www.kolibica.com\/de\/wp-json\/wp\/v2\/media\/76460"}],"wp:attachment":[{"href":"https:\/\/www.kolibica.com\/de\/wp-json\/wp\/v2\/media?parent=83427"}],"wp:term":[{"taxonomy":"product_brand","embeddable":true,"href":"https:\/\/www.kolibica.com\/de\/wp-json\/wp\/v2\/product_brand?post=83427"},{"taxonomy":"product_cat","embeddable":true,"href":"https:\/\/www.kolibica.com\/de\/wp-json\/wp\/v2\/product_cat?post=83427"},{"taxonomy":"product_tag","embeddable":true,"href":"https:\/\/www.kolibica.com\/de\/wp-json\/wp\/v2\/product_tag?post=83427"}],"curies":[{"name":"wp","href":"https:\/\/api.w.org\/{rel}","templated":true}]}}