{"id":83422,"date":"2019-08-05T13:55:37","date_gmt":"2019-08-05T11:55:37","guid":{"rendered":"https:\/\/www.kolibica.com\/product\/sossenschuesseln-aus-holz\/"},"modified":"2023-02-27T11:08:12","modified_gmt":"2023-02-27T09:08:12","slug":"sossenschuesseln-aus-holz","status":"publish","type":"product","link":"https:\/\/www.kolibica.com\/de\/produkt\/sossenschuesseln-aus-holz\/","title":{"rendered":"So\u00dfensch\u00fcsseln aus Holz"},"content":{"rendered":"<p><strong>So\u00dfensch\u00fcsseln aus Holz<\/strong>\u00a0sind aus <a href=\"https:\/\/www.kolibica.com\/de\/strukturelle-eigenschaften-und-verwendbarkeit-heimischer-holzarten\/\">Buche<\/a> gefertigt. Sie sind mit einer \u00d6lbeschichtung gesch\u00fctzt. Auf Kundenwunsch k\u00f6nnen sie graviert werden.<\/p>\n","protected":false},"excerpt":{"rendered":"<p>So\u00dfensch\u00fcsseln aus Holz\u00a0sind aus Buche gefertigt. Sie sind mit einer  [&#8230;]<\/p>\n","protected":false},"featured_media":76484,"template":"","meta":{"content-type":""},"product_brand":[],"product_cat":[137,138,134,136],"product_tag":[],"class_list":{"0":"post-83422","1":"product","2":"type-product","3":"status-publish","4":"has-post-thumbnail","6":"product_cat-andenken","7":"product_cat-hedonismus","8":"product_cat-holzzubehor-fur-die-kuche","9":"product_cat-werbezubehor-fur-unternehmen","11":"first","12":"instock","13":"shipping-taxable","14":"purchasable","15":"product-type-simple"},"aioseo_notices":[],"_links":{"self":[{"href":"https:\/\/www.kolibica.com\/de\/wp-json\/wp\/v2\/product\/83422","targetHints":{"allow":["GET"]}}],"collection":[{"href":"https:\/\/www.kolibica.com\/de\/wp-json\/wp\/v2\/product"}],"about":[{"href":"https:\/\/www.kolibica.com\/de\/wp-json\/wp\/v2\/types\/product"}],"wp:featuredmedia":[{"embeddable":true,"href":"https:\/\/www.kolibica.com\/de\/wp-json\/wp\/v2\/media\/76484"}],"wp:attachment":[{"href":"https:\/\/www.kolibica.com\/de\/wp-json\/wp\/v2\/media?parent=83422"}],"wp:term":[{"taxonomy":"product_brand","embeddable":true,"href":"https:\/\/www.kolibica.com\/de\/wp-json\/wp\/v2\/product_brand?post=83422"},{"taxonomy":"product_cat","embeddable":true,"href":"https:\/\/www.kolibica.com\/de\/wp-json\/wp\/v2\/product_cat?post=83422"},{"taxonomy":"product_tag","embeddable":true,"href":"https:\/\/www.kolibica.com\/de\/wp-json\/wp\/v2\/product_tag?post=83422"}],"curies":[{"name":"wp","href":"https:\/\/api.w.org\/{rel}","templated":true}]}}