{"id":83418,"date":"2019-09-06T11:50:44","date_gmt":"2019-09-06T09:50:44","guid":{"rendered":"https:\/\/www.kolibica.com\/product\/boxen-ohne-deckel\/"},"modified":"2023-02-27T11:53:12","modified_gmt":"2023-02-27T09:53:12","slug":"holzkaestchen-ohne-deckel","status":"publish","type":"product","link":"https:\/\/www.kolibica.com\/de\/produkt\/holzkaestchen-ohne-deckel\/","title":{"rendered":"Holzk\u00e4stchen Ohne Deckel"},"content":{"rendered":"<p class=\"LC20lb MBeuO DKV0Md\"><strong>Holzk\u00e4stchen Ohne Deckel\u00a0<\/strong> &#8211; <strong>Schachteln ohne Deckel<\/strong> werden zum Verpacken von Produkten und\/oder Geschenken verwendet. Sie sind aus Holz und k\u00f6nnen nach Kundenwunsch get\u00f6nt werden. Es besteht die M\u00f6glichkeit, Ihr Firmenlogo per Laser auf die Schachteln zu gravieren. Die Abmessungen k\u00f6nnen nach Kundenwunsch erfolgen.<\/p>\n","protected":false},"excerpt":{"rendered":"<p>Holzk\u00e4stchen Ohne Deckel\u00a0 &#8211; Schachteln ohne Deckel werden zum Verpacken  [&#8230;]<\/p>\n","protected":false},"featured_media":76528,"template":"","meta":{"content-type":""},"product_brand":[],"product_cat":[137,133,135,136],"product_tag":[],"class_list":{"0":"post-83418","1":"product","2":"type-product","3":"status-publish","4":"has-post-thumbnail","6":"product_cat-andenken","7":"product_cat-kurzwaren-aus-holz","8":"product_cat-luxus-kurzwaren","9":"product_cat-werbezubehor-fur-unternehmen","11":"first","12":"instock","13":"shipping-taxable","14":"purchasable","15":"product-type-simple"},"aioseo_notices":[],"_links":{"self":[{"href":"https:\/\/www.kolibica.com\/de\/wp-json\/wp\/v2\/product\/83418","targetHints":{"allow":["GET"]}}],"collection":[{"href":"https:\/\/www.kolibica.com\/de\/wp-json\/wp\/v2\/product"}],"about":[{"href":"https:\/\/www.kolibica.com\/de\/wp-json\/wp\/v2\/types\/product"}],"wp:featuredmedia":[{"embeddable":true,"href":"https:\/\/www.kolibica.com\/de\/wp-json\/wp\/v2\/media\/76528"}],"wp:attachment":[{"href":"https:\/\/www.kolibica.com\/de\/wp-json\/wp\/v2\/media?parent=83418"}],"wp:term":[{"taxonomy":"product_brand","embeddable":true,"href":"https:\/\/www.kolibica.com\/de\/wp-json\/wp\/v2\/product_brand?post=83418"},{"taxonomy":"product_cat","embeddable":true,"href":"https:\/\/www.kolibica.com\/de\/wp-json\/wp\/v2\/product_cat?post=83418"},{"taxonomy":"product_tag","embeddable":true,"href":"https:\/\/www.kolibica.com\/de\/wp-json\/wp\/v2\/product_tag?post=83418"}],"curies":[{"name":"wp","href":"https:\/\/api.w.org\/{rel}","templated":true}]}}