{"id":83414,"date":"2019-09-18T13:15:36","date_gmt":"2019-09-18T11:15:36","guid":{"rendered":"https:\/\/www.kolibica.com\/product\/werbetafel-in-birnenform\/"},"modified":"2023-02-27T11:37:33","modified_gmt":"2023-02-27T09:37:33","slug":"schneidebrett-aus-holz-in-birnenform","status":"publish","type":"product","link":"https:\/\/www.kolibica.com\/de\/produkt\/schneidebrett-aus-holz-in-birnenform\/","title":{"rendered":"Schneidebrett aus Holz in Birnenform"},"content":{"rendered":"<p><strong>Schneidebrett aus Holz in Birnenform<\/strong>\u00a0ist in erster Linie ein Werbeartikel f\u00fcr Unternehmen der Lebensmittelbranche. Die Dicke der Platte betr\u00e4gt 1 cm. Wir k\u00f6nnen ein Modell mit dem letzten Schliff (Lasergravur, Druck) erstellen.<\/p>\n","protected":false},"excerpt":{"rendered":"<p>Schneidebrett aus Holz in Birnenform\u00a0ist in erster Linie ein Werbeartikel  [&#8230;]<\/p>\n","protected":false},"featured_media":76568,"template":"","meta":{"content-type":""},"product_brand":[],"product_cat":[137,134,133,136],"product_tag":[],"class_list":{"0":"post-83414","1":"product","2":"type-product","3":"status-publish","4":"has-post-thumbnail","6":"product_cat-andenken","7":"product_cat-holzzubehor-fur-die-kuche","8":"product_cat-kurzwaren-aus-holz","9":"product_cat-werbezubehor-fur-unternehmen","11":"first","12":"instock","13":"shipping-taxable","14":"purchasable","15":"product-type-simple"},"aioseo_notices":[],"_links":{"self":[{"href":"https:\/\/www.kolibica.com\/de\/wp-json\/wp\/v2\/product\/83414","targetHints":{"allow":["GET"]}}],"collection":[{"href":"https:\/\/www.kolibica.com\/de\/wp-json\/wp\/v2\/product"}],"about":[{"href":"https:\/\/www.kolibica.com\/de\/wp-json\/wp\/v2\/types\/product"}],"wp:featuredmedia":[{"embeddable":true,"href":"https:\/\/www.kolibica.com\/de\/wp-json\/wp\/v2\/media\/76568"}],"wp:attachment":[{"href":"https:\/\/www.kolibica.com\/de\/wp-json\/wp\/v2\/media?parent=83414"}],"wp:term":[{"taxonomy":"product_brand","embeddable":true,"href":"https:\/\/www.kolibica.com\/de\/wp-json\/wp\/v2\/product_brand?post=83414"},{"taxonomy":"product_cat","embeddable":true,"href":"https:\/\/www.kolibica.com\/de\/wp-json\/wp\/v2\/product_cat?post=83414"},{"taxonomy":"product_tag","embeddable":true,"href":"https:\/\/www.kolibica.com\/de\/wp-json\/wp\/v2\/product_tag?post=83414"}],"curies":[{"name":"wp","href":"https:\/\/api.w.org\/{rel}","templated":true}]}}