{"id":83410,"date":"2019-09-27T11:18:50","date_gmt":"2019-09-27T09:18:50","guid":{"rendered":"https:\/\/www.kolibica.com\/product\/schale-fuer-chips-und-snacks\/"},"modified":"2023-02-28T08:25:12","modified_gmt":"2023-02-28T06:25:12","slug":"schale-fuer-chips-und-snacks","status":"publish","type":"product","link":"https:\/\/www.kolibica.com\/de\/produkt\/schale-fuer-chips-und-snacks\/","title":{"rendered":"Schale f\u00fcr Chips und Snacks"},"content":{"rendered":"<p><strong>Schale f\u00fcr Chips und Snacks\u00a0<\/strong>ist ein sehr ansprechendes Produkt, das normalerweise zum Servieren von Chips und Tortillas mit verschiedenen Saucen und Dips verwendet wird. Es besteht aus zwei Holzarten (dunkler und heller), wie z.B. eine Kombination aus ged\u00e4mpfter Buche und Esche oder Linde. Die Oberfl\u00e4che der Schale ist mit Lein\u00f6l poliert.<\/p>\n<p><strong>Preise Chips und Snack Bowl:<\/strong><\/p>\n<p>bis 50 St\u00fcck: 12,50 Eur<br \/>\n50-100 St\u00fcck: 10,50 Eur<br \/>\n\u00fcber 100 St\u00fcck: 9 Eur<\/p>\n","protected":false},"excerpt":{"rendered":"<p>Schale f\u00fcr Chips und Snacks\u00a0ist ein sehr ansprechendes Produkt, das  [&#8230;]<\/p>\n","protected":false},"featured_media":76715,"template":"","meta":{"content-type":""},"product_brand":[],"product_cat":[137,134,133],"product_tag":[],"class_list":{"0":"post-83410","1":"product","2":"type-product","3":"status-publish","4":"has-post-thumbnail","6":"product_cat-andenken","7":"product_cat-holzzubehor-fur-die-kuche","8":"product_cat-kurzwaren-aus-holz","10":"first","11":"instock","12":"shipping-taxable","13":"purchasable","14":"product-type-simple"},"aioseo_notices":[],"_links":{"self":[{"href":"https:\/\/www.kolibica.com\/de\/wp-json\/wp\/v2\/product\/83410","targetHints":{"allow":["GET"]}}],"collection":[{"href":"https:\/\/www.kolibica.com\/de\/wp-json\/wp\/v2\/product"}],"about":[{"href":"https:\/\/www.kolibica.com\/de\/wp-json\/wp\/v2\/types\/product"}],"wp:featuredmedia":[{"embeddable":true,"href":"https:\/\/www.kolibica.com\/de\/wp-json\/wp\/v2\/media\/76715"}],"wp:attachment":[{"href":"https:\/\/www.kolibica.com\/de\/wp-json\/wp\/v2\/media?parent=83410"}],"wp:term":[{"taxonomy":"product_brand","embeddable":true,"href":"https:\/\/www.kolibica.com\/de\/wp-json\/wp\/v2\/product_brand?post=83410"},{"taxonomy":"product_cat","embeddable":true,"href":"https:\/\/www.kolibica.com\/de\/wp-json\/wp\/v2\/product_cat?post=83410"},{"taxonomy":"product_tag","embeddable":true,"href":"https:\/\/www.kolibica.com\/de\/wp-json\/wp\/v2\/product_tag?post=83410"}],"curies":[{"name":"wp","href":"https:\/\/api.w.org\/{rel}","templated":true}]}}