{"id":83409,"date":"2019-09-27T11:24:15","date_gmt":"2019-09-27T09:24:15","guid":{"rendered":"https:\/\/www.kolibica.com\/product\/tablett-restauranttablett\/"},"modified":"2023-02-28T08:06:18","modified_gmt":"2023-02-28T06:06:18","slug":"holzuntersetzer-tabletttisch","status":"publish","type":"product","link":"https:\/\/www.kolibica.com\/de\/produkt\/holzuntersetzer-tabletttisch\/","title":{"rendered":"Holzuntersetzer &#8211; Tabletttisch"},"content":{"rendered":"<p><strong>Holzuntersetzer &#8211; Tabletttisch<\/strong> sind aus <a href=\"https:\/\/www.kolibica.com\/de\/strukturelle-eigenschaften-und-verwendbarkeit-heimischer-holzarten\/\">Buchenholz<\/a> gefertigt.<\/p>\n<p><strong>Tablettabmessungen<\/strong><\/p>\n<p>Kleiner: 39,5 x 27,5 cm<br \/>\nGr\u00f6\u00dfer: 45,5 x 30 cm<\/p>\n<p>Aufgrund ihrer Form eignen sich die Trays ideal f\u00fcr Branding, sei es Bedruckung oder Lasergravur. Auf Kundenwunsch kann Kork \u00fcber das Tablett gelegt werden, der ein Verrutschen verhindert.<\/p>\n<p><strong>Preise der Holztabletts:<\/strong><br \/>\nbis zu 10 Stk. &#8211; 6,50 EUR\/Stk.<br \/>\n10-50 stk. &#8211; 6,10 Eur\/stk.<br \/>\n50-100 Stk. &#8211; 5,80 Eur\/stk.<br \/>\n\u00fcber 100 stk. &#8211; 5,45 Eur\/stk.<\/p>\n<p><strong>Vier Verwendungen eines Holzuntersetzers<\/strong><\/p>\n<p>Alternative Verwendung<br \/>\nGL\u00c4SER &#8211; Gew\u00fcrze, die Sie normalerweise auf den Tisch bringen w\u00fcrden, stellen Sie sie auf ein Holztablett. Es kann Oliven\u00f6l, Basilikum, Meersalz, Pfeffer geben.<\/p>\n<p>Alternative Verwendung<br \/>\nPFLANZEN &#8211; Pflanzen Sie die Kr\u00e4uter in kleine T\u00f6pfe und stellen Sie sie alle auf das Tablett. Sie sehen dekorativ aus und Sie k\u00f6nnen sie pfl\u00fccken und zu Ihrem Essen hinzuf\u00fcgen.<\/p>\n<p>Alternative Verwendung<br \/>\nDUFT &#8211; Schm\u00fccken Sie den Tisch mit Blumen. Der Mikrogarten passt zu jeder Dekoration. Sie k\u00f6nnen die Blume in einen Eierhalter, eine Tasse oder einen Krug stellen.<\/p>\n<p>Klassische Verwendung<br \/>\nTEE &#8211; Die Hauptanwendung ist das Servieren von Tee. Servieren Sie es mit Blumen, die diesem Ritual eine duftende Note verleihen.<\/p>\n","protected":false},"excerpt":{"rendered":"<p>Holzuntersetzer &#8211; Tabletttisch sind aus Buchenholz gefertigt. Tablettabmessungen Kleiner: 39,5  [&#8230;]<\/p>\n","protected":false},"featured_media":76719,"template":"","meta":{"content-type":""},"product_brand":[],"product_cat":[137,134,133],"product_tag":[],"class_list":{"0":"post-83409","1":"product","2":"type-product","3":"status-publish","4":"has-post-thumbnail","6":"product_cat-andenken","7":"product_cat-holzzubehor-fur-die-kuche","8":"product_cat-kurzwaren-aus-holz","10":"first","11":"instock","12":"shipping-taxable","13":"purchasable","14":"product-type-simple"},"aioseo_notices":[],"_links":{"self":[{"href":"https:\/\/www.kolibica.com\/de\/wp-json\/wp\/v2\/product\/83409","targetHints":{"allow":["GET"]}}],"collection":[{"href":"https:\/\/www.kolibica.com\/de\/wp-json\/wp\/v2\/product"}],"about":[{"href":"https:\/\/www.kolibica.com\/de\/wp-json\/wp\/v2\/types\/product"}],"wp:featuredmedia":[{"embeddable":true,"href":"https:\/\/www.kolibica.com\/de\/wp-json\/wp\/v2\/media\/76719"}],"wp:attachment":[{"href":"https:\/\/www.kolibica.com\/de\/wp-json\/wp\/v2\/media?parent=83409"}],"wp:term":[{"taxonomy":"product_brand","embeddable":true,"href":"https:\/\/www.kolibica.com\/de\/wp-json\/wp\/v2\/product_brand?post=83409"},{"taxonomy":"product_cat","embeddable":true,"href":"https:\/\/www.kolibica.com\/de\/wp-json\/wp\/v2\/product_cat?post=83409"},{"taxonomy":"product_tag","embeddable":true,"href":"https:\/\/www.kolibica.com\/de\/wp-json\/wp\/v2\/product_tag?post=83409"}],"curies":[{"name":"wp","href":"https:\/\/api.w.org\/{rel}","templated":true}]}}