{"id":83408,"date":"2019-09-27T11:30:05","date_gmt":"2019-09-27T09:30:05","guid":{"rendered":"https:\/\/www.kolibica.com\/product\/tablett-zum-servieren-von-besteck\/"},"modified":"2023-02-28T07:58:29","modified_gmt":"2023-02-28T05:58:29","slug":"tablett-zum-servieren-von-besteck","status":"publish","type":"product","link":"https:\/\/www.kolibica.com\/de\/produkt\/tablett-zum-servieren-von-besteck\/","title":{"rendered":"Tablett zum Servieren von Besteck"},"content":{"rendered":"<p><strong>Tablett zum Servieren von Besteck<\/strong> sind eine sehr praktische L\u00f6sung f\u00fcr Restaurants, die ihre G\u00e4ste mit diesen au\u00dfergew\u00f6hnlichen Details beeindrucken m\u00f6chten.<\/p>\n<p><strong>Preise Tablett zum Servieren von Besteck<\/strong><\/p>\n<p>bis zu 50 St\u00fcck. 9 Eur<br \/>\n50-100 St\u00fcck: 8,70 Euro<br \/>\n\u00fcber 100 St\u00fcck: 7,90 Eur<\/p>\n<p><strong>Preise der Kuvertierschale f\u00fcr eine Schale:<\/strong><\/p>\n<p>bis 50 St\u00fcck: 8,70 Eur<br \/>\n50-100 St\u00fcck: 8,40 Eur<br \/>\n\u00fcber 100 St\u00fcck: 7,40 Eur<\/p>\n<p>Hinweis: Tabletts werden ohne Schalen hergestellt.<\/p>\n<p><strong>Rat:<\/strong><br \/>\nBewahren Sie Holz\u00f6fen und K\u00fcchenbretter nicht unter Wasser auf, da sie sich verformen. Bretter und Schwei\u00dfer sollten sofort nach Gebrauch gewaschen und getrocknet werden. Wenn sie unangenehme Ger\u00fcche von Lebensmitteln behalten haben, sollten sie von Zeit zu Zeit mit einer scharfen B\u00fcrste, die in eine Mischung aus Salz und Essig getaucht ist, geschrubbt werden. Sp\u00fclen Sie sie dann unter einem warmen Wasserstrahl ab.<\/p>\n","protected":false},"excerpt":{"rendered":"<p>Tablett zum Servieren von Besteck sind eine sehr praktische L\u00f6sung  [&#8230;]<\/p>\n","protected":false},"featured_media":76743,"template":"","meta":{"content-type":""},"product_brand":[],"product_cat":[137,134,133],"product_tag":[],"class_list":{"0":"post-83408","1":"product","2":"type-product","3":"status-publish","4":"has-post-thumbnail","6":"product_cat-andenken","7":"product_cat-holzzubehor-fur-die-kuche","8":"product_cat-kurzwaren-aus-holz","10":"first","11":"instock","12":"shipping-taxable","13":"purchasable","14":"product-type-simple"},"aioseo_notices":[],"_links":{"self":[{"href":"https:\/\/www.kolibica.com\/de\/wp-json\/wp\/v2\/product\/83408","targetHints":{"allow":["GET"]}}],"collection":[{"href":"https:\/\/www.kolibica.com\/de\/wp-json\/wp\/v2\/product"}],"about":[{"href":"https:\/\/www.kolibica.com\/de\/wp-json\/wp\/v2\/types\/product"}],"wp:featuredmedia":[{"embeddable":true,"href":"https:\/\/www.kolibica.com\/de\/wp-json\/wp\/v2\/media\/76743"}],"wp:attachment":[{"href":"https:\/\/www.kolibica.com\/de\/wp-json\/wp\/v2\/media?parent=83408"}],"wp:term":[{"taxonomy":"product_brand","embeddable":true,"href":"https:\/\/www.kolibica.com\/de\/wp-json\/wp\/v2\/product_brand?post=83408"},{"taxonomy":"product_cat","embeddable":true,"href":"https:\/\/www.kolibica.com\/de\/wp-json\/wp\/v2\/product_cat?post=83408"},{"taxonomy":"product_tag","embeddable":true,"href":"https:\/\/www.kolibica.com\/de\/wp-json\/wp\/v2\/product_tag?post=83408"}],"curies":[{"name":"wp","href":"https:\/\/api.w.org\/{rel}","templated":true}]}}