{"id":83406,"date":"2019-09-27T13:58:47","date_gmt":"2019-09-27T11:58:47","guid":{"rendered":"https:\/\/www.kolibica.com\/product\/biertraeger\/"},"modified":"2023-02-28T07:44:17","modified_gmt":"2023-02-28T05:44:17","slug":"biertrager","status":"publish","type":"product","link":"https:\/\/www.kolibica.com\/de\/produkt\/biertrager\/","title":{"rendered":"Biertr\u00e4ger"},"content":{"rendered":"<p><strong>Biertr\u00e4ger<\/strong> werden aus <a href=\"https:\/\/www.kolibica.com\/de\/strukturelle-eigenschaften-und-verwendbarkeit-heimischer-holzarten\/\">Fichte<\/a>, Linde, <a href=\"https:\/\/www.kolibica.com\/de\/strukturelle-eigenschaften-und-verwendbarkeit-heimischer-holzarten\/\">Buche<\/a> oder einem anderen Material nach Wahl des Kunden hergestellt.<\/p>\n<p>Sie k\u00f6nnen f\u00fcr 4 oder 6 Bierflaschen sein. Es besteht die M\u00f6glichkeit, die Tr\u00e4ger mit einem Logo zu gravieren oder zu bedrucken.<\/p>\n<p>.<\/p>\n<p>&nbsp;<\/p>\n","protected":false},"excerpt":{"rendered":"<p>Biertr\u00e4ger werden aus Fichte, Linde, Buche oder einem anderen Material  [&#8230;]<\/p>\n","protected":false},"featured_media":76779,"template":"","meta":{"content-type":""},"product_brand":[],"product_cat":[128,127],"product_tag":[],"class_list":{"0":"post-83406","1":"product","2":"type-product","3":"status-publish","4":"has-post-thumbnail","6":"product_cat-holzkisten","7":"product_cat-verpackung-aus-holz","9":"first","10":"instock","11":"shipping-taxable","12":"purchasable","13":"product-type-simple"},"aioseo_notices":[],"_links":{"self":[{"href":"https:\/\/www.kolibica.com\/de\/wp-json\/wp\/v2\/product\/83406","targetHints":{"allow":["GET"]}}],"collection":[{"href":"https:\/\/www.kolibica.com\/de\/wp-json\/wp\/v2\/product"}],"about":[{"href":"https:\/\/www.kolibica.com\/de\/wp-json\/wp\/v2\/types\/product"}],"wp:featuredmedia":[{"embeddable":true,"href":"https:\/\/www.kolibica.com\/de\/wp-json\/wp\/v2\/media\/76779"}],"wp:attachment":[{"href":"https:\/\/www.kolibica.com\/de\/wp-json\/wp\/v2\/media?parent=83406"}],"wp:term":[{"taxonomy":"product_brand","embeddable":true,"href":"https:\/\/www.kolibica.com\/de\/wp-json\/wp\/v2\/product_brand?post=83406"},{"taxonomy":"product_cat","embeddable":true,"href":"https:\/\/www.kolibica.com\/de\/wp-json\/wp\/v2\/product_cat?post=83406"},{"taxonomy":"product_tag","embeddable":true,"href":"https:\/\/www.kolibica.com\/de\/wp-json\/wp\/v2\/product_tag?post=83406"}],"curies":[{"name":"wp","href":"https:\/\/api.w.org\/{rel}","templated":true}]}}