{"id":83405,"date":"2019-09-29T18:18:32","date_gmt":"2019-09-29T16:18:32","guid":{"rendered":"https:\/\/www.kolibica.com\/product\/tablet-staender-in-der-kueche\/"},"modified":"2023-02-28T09:21:32","modified_gmt":"2023-02-28T07:21:32","slug":"tablet-stander-in-der-kuche","status":"publish","type":"product","link":"https:\/\/www.kolibica.com\/de\/produkt\/tablet-stander-in-der-kuche\/","title":{"rendered":"Tablet St\u00e4nder in der K\u00fcche aus Holz"},"content":{"rendered":"<p><strong>Tablet St\u00e4nder in der K\u00fcche aus Holz &#8211; St\u00e4nder f\u00fcr ein Tablet oder Mobiltelefon in der K\u00fcche<\/strong> ist ein Produkt, das f\u00fcr den Hausgebrauch bestimmt ist. Es kann f\u00fcr Marketingkampagnen von Unternehmen der Lebensmittelindustrie sehr attraktiv sein.<\/p>\n<p>Die Abmessungen des Produkts k\u00f6nnen den W\u00fcnschen des Kunden entsprechen. Auch eine zus\u00e4tzliche Bemalung, Lackierung und Branding des Produktes durch Bedruckung oder Lasergravur ist m\u00f6glich.<\/p>\n","protected":false},"excerpt":{"rendered":"<p>Tablet St\u00e4nder in der K\u00fcche aus Holz &#8211; St\u00e4nder f\u00fcr  [&#8230;]<\/p>\n","protected":false},"featured_media":76815,"template":"","meta":{"content-type":""},"product_brand":[],"product_cat":[137,134,133],"product_tag":[],"class_list":{"0":"post-83405","1":"product","2":"type-product","3":"status-publish","4":"has-post-thumbnail","6":"product_cat-andenken","7":"product_cat-holzzubehor-fur-die-kuche","8":"product_cat-kurzwaren-aus-holz","10":"first","11":"instock","12":"shipping-taxable","13":"purchasable","14":"product-type-simple"},"aioseo_notices":[],"_links":{"self":[{"href":"https:\/\/www.kolibica.com\/de\/wp-json\/wp\/v2\/product\/83405","targetHints":{"allow":["GET"]}}],"collection":[{"href":"https:\/\/www.kolibica.com\/de\/wp-json\/wp\/v2\/product"}],"about":[{"href":"https:\/\/www.kolibica.com\/de\/wp-json\/wp\/v2\/types\/product"}],"wp:featuredmedia":[{"embeddable":true,"href":"https:\/\/www.kolibica.com\/de\/wp-json\/wp\/v2\/media\/76815"}],"wp:attachment":[{"href":"https:\/\/www.kolibica.com\/de\/wp-json\/wp\/v2\/media?parent=83405"}],"wp:term":[{"taxonomy":"product_brand","embeddable":true,"href":"https:\/\/www.kolibica.com\/de\/wp-json\/wp\/v2\/product_brand?post=83405"},{"taxonomy":"product_cat","embeddable":true,"href":"https:\/\/www.kolibica.com\/de\/wp-json\/wp\/v2\/product_cat?post=83405"},{"taxonomy":"product_tag","embeddable":true,"href":"https:\/\/www.kolibica.com\/de\/wp-json\/wp\/v2\/product_tag?post=83405"}],"curies":[{"name":"wp","href":"https:\/\/api.w.org\/{rel}","templated":true}]}}