{"id":83404,"date":"2019-09-29T19:20:32","date_gmt":"2019-09-29T17:20:32","guid":{"rendered":"https:\/\/www.kolibica.com\/product\/werbesticks\/"},"modified":"2023-02-28T09:15:26","modified_gmt":"2023-02-28T07:15:26","slug":"holzstaebchen-mit-werbung","status":"publish","type":"product","link":"https:\/\/www.kolibica.com\/de\/produkt\/holzstaebchen-mit-werbung\/","title":{"rendered":"Holzst\u00e4bchen mit Werbung"},"content":{"rendered":"<p><strong><span class=\"HwtZe\" lang=\"de\"><span class=\"jCAhz ChMk0b\"><span class=\"ryNqvb\">Holzst\u00e4bchen mit Werbung <\/span><\/span><\/span><\/strong>sind ein Produkt, das zur Verkaufsf\u00f6rderung von Produkten der Lebensmittelindustrie bestimmt ist. Form und Aufdruck des Sticks richten sich nach den Bed\u00fcrfnissen und W\u00fcnschen des Kunden. Die L\u00e4nge des Sticks betr\u00e4gt 18 cm.<\/p>\n<p>Die Abmessungen des Produkts k\u00f6nnen den W\u00fcnschen des Kunden entsprechen. Auch eine zus\u00e4tzliche Bemalung, Lackierung und Branding des Produktes durch Bedruckung oder Lasergravur ist m\u00f6glich.<\/p>\n","protected":false},"excerpt":{"rendered":"<p>Holzst\u00e4bchen mit Werbung sind ein Produkt, das zur Verkaufsf\u00f6rderung von  [&#8230;]<\/p>\n","protected":false},"featured_media":76843,"template":"","meta":{"content-type":""},"product_brand":[],"product_cat":[137,134,133],"product_tag":[],"class_list":{"0":"post-83404","1":"product","2":"type-product","3":"status-publish","4":"has-post-thumbnail","6":"product_cat-andenken","7":"product_cat-holzzubehor-fur-die-kuche","8":"product_cat-kurzwaren-aus-holz","10":"first","11":"instock","12":"shipping-taxable","13":"purchasable","14":"product-type-simple"},"aioseo_notices":[],"_links":{"self":[{"href":"https:\/\/www.kolibica.com\/de\/wp-json\/wp\/v2\/product\/83404","targetHints":{"allow":["GET"]}}],"collection":[{"href":"https:\/\/www.kolibica.com\/de\/wp-json\/wp\/v2\/product"}],"about":[{"href":"https:\/\/www.kolibica.com\/de\/wp-json\/wp\/v2\/types\/product"}],"wp:featuredmedia":[{"embeddable":true,"href":"https:\/\/www.kolibica.com\/de\/wp-json\/wp\/v2\/media\/76843"}],"wp:attachment":[{"href":"https:\/\/www.kolibica.com\/de\/wp-json\/wp\/v2\/media?parent=83404"}],"wp:term":[{"taxonomy":"product_brand","embeddable":true,"href":"https:\/\/www.kolibica.com\/de\/wp-json\/wp\/v2\/product_brand?post=83404"},{"taxonomy":"product_cat","embeddable":true,"href":"https:\/\/www.kolibica.com\/de\/wp-json\/wp\/v2\/product_cat?post=83404"},{"taxonomy":"product_tag","embeddable":true,"href":"https:\/\/www.kolibica.com\/de\/wp-json\/wp\/v2\/product_tag?post=83404"}],"curies":[{"name":"wp","href":"https:\/\/api.w.org\/{rel}","templated":true}]}}