{"id":83402,"date":"2019-09-26T16:01:44","date_gmt":"2019-09-26T14:01:44","guid":{"rendered":"https:\/\/www.kolibica.com\/product\/holzkisten-fuer-wuerste\/"},"modified":"2023-02-27T12:15:16","modified_gmt":"2023-02-27T10:15:16","slug":"holzkisten-fur-wurst","status":"publish","type":"product","link":"https:\/\/www.kolibica.com\/de\/produkt\/holzkisten-fur-wurst\/","title":{"rendered":"Holzkisten f\u00fcr W\u00fcrste"},"content":{"rendered":"<p><strong>Holzkisten f\u00fcr W\u00fcrste<\/strong> werden aus Fichte oder Linde in Kombination mit Sperrholz hergestellt. Sie sind sowohl als Verpackung als auch als Werbegeschenk f\u00fcr die Fleischindustrie sehr interessant.<\/p>\n<p>&nbsp;<\/p>\n<p>&nbsp;<\/p>\n","protected":false},"excerpt":{"rendered":"<p>Holzkisten f\u00fcr W\u00fcrste werden aus Fichte oder Linde in Kombination  [&#8230;]<\/p>\n","protected":false},"featured_media":76675,"template":"","meta":{"content-type":""},"product_brand":[],"product_cat":[138,127],"product_tag":[],"class_list":{"0":"post-83402","1":"product","2":"type-product","3":"status-publish","4":"has-post-thumbnail","6":"product_cat-hedonismus","7":"product_cat-verpackung-aus-holz","9":"first","10":"instock","11":"shipping-taxable","12":"purchasable","13":"product-type-simple"},"aioseo_notices":[],"_links":{"self":[{"href":"https:\/\/www.kolibica.com\/de\/wp-json\/wp\/v2\/product\/83402","targetHints":{"allow":["GET"]}}],"collection":[{"href":"https:\/\/www.kolibica.com\/de\/wp-json\/wp\/v2\/product"}],"about":[{"href":"https:\/\/www.kolibica.com\/de\/wp-json\/wp\/v2\/types\/product"}],"wp:featuredmedia":[{"embeddable":true,"href":"https:\/\/www.kolibica.com\/de\/wp-json\/wp\/v2\/media\/76675"}],"wp:attachment":[{"href":"https:\/\/www.kolibica.com\/de\/wp-json\/wp\/v2\/media?parent=83402"}],"wp:term":[{"taxonomy":"product_brand","embeddable":true,"href":"https:\/\/www.kolibica.com\/de\/wp-json\/wp\/v2\/product_brand?post=83402"},{"taxonomy":"product_cat","embeddable":true,"href":"https:\/\/www.kolibica.com\/de\/wp-json\/wp\/v2\/product_cat?post=83402"},{"taxonomy":"product_tag","embeddable":true,"href":"https:\/\/www.kolibica.com\/de\/wp-json\/wp\/v2\/product_tag?post=83402"}],"curies":[{"name":"wp","href":"https:\/\/api.w.org\/{rel}","templated":true}]}}