{"id":83401,"date":"2019-09-26T16:09:29","date_gmt":"2019-09-26T14:09:29","guid":{"rendered":"https:\/\/www.kolibica.com\/product\/servierbretter-und-glaeser\/"},"modified":"2023-02-28T08:41:30","modified_gmt":"2023-02-28T06:41:30","slug":"servierbretter-und-glaeser","status":"publish","type":"product","link":"https:\/\/www.kolibica.com\/de\/produkt\/servierbretter-und-glaeser\/","title":{"rendered":"Servierbretter und Gl\u00e4ser"},"content":{"rendered":"<p><strong>Servierbretter und Gl\u00e4ser<\/strong> sind in erster Linie ein Werbeartikel f\u00fcr Unternehmen der Lebensmittelindustrie. Die Dicke der Platte betr\u00e4gt 1,5 cm. Wir k\u00f6nnen ein Modell mit dem letzten Schliff (Lasergravur, Druck) erstellen.<\/p>\n","protected":false},"excerpt":{"rendered":"<p>Servierbretter und Gl\u00e4ser sind in erster Linie ein Werbeartikel f\u00fcr  [&#8230;]<\/p>\n","protected":false},"featured_media":76691,"template":"","meta":{"content-type":""},"product_brand":[],"product_cat":[137,134,133,136],"product_tag":[],"class_list":{"0":"post-83401","1":"product","2":"type-product","3":"status-publish","4":"has-post-thumbnail","6":"product_cat-andenken","7":"product_cat-holzzubehor-fur-die-kuche","8":"product_cat-kurzwaren-aus-holz","9":"product_cat-werbezubehor-fur-unternehmen","11":"first","12":"instock","13":"shipping-taxable","14":"purchasable","15":"product-type-simple"},"aioseo_notices":[],"_links":{"self":[{"href":"https:\/\/www.kolibica.com\/de\/wp-json\/wp\/v2\/product\/83401","targetHints":{"allow":["GET"]}}],"collection":[{"href":"https:\/\/www.kolibica.com\/de\/wp-json\/wp\/v2\/product"}],"about":[{"href":"https:\/\/www.kolibica.com\/de\/wp-json\/wp\/v2\/types\/product"}],"wp:featuredmedia":[{"embeddable":true,"href":"https:\/\/www.kolibica.com\/de\/wp-json\/wp\/v2\/media\/76691"}],"wp:attachment":[{"href":"https:\/\/www.kolibica.com\/de\/wp-json\/wp\/v2\/media?parent=83401"}],"wp:term":[{"taxonomy":"product_brand","embeddable":true,"href":"https:\/\/www.kolibica.com\/de\/wp-json\/wp\/v2\/product_brand?post=83401"},{"taxonomy":"product_cat","embeddable":true,"href":"https:\/\/www.kolibica.com\/de\/wp-json\/wp\/v2\/product_cat?post=83401"},{"taxonomy":"product_tag","embeddable":true,"href":"https:\/\/www.kolibica.com\/de\/wp-json\/wp\/v2\/product_tag?post=83401"}],"curies":[{"name":"wp","href":"https:\/\/api.w.org\/{rel}","templated":true}]}}