{"id":83400,"date":"2019-09-27T11:11:26","date_gmt":"2019-09-27T09:11:26","guid":{"rendered":"https:\/\/www.kolibica.com\/product\/tafeln-fuer-getraenke-und-haeppchen\/"},"modified":"2023-02-28T08:35:06","modified_gmt":"2023-02-28T06:35:06","slug":"servierbrett-fuer-getraenke-und-haeppchen","status":"publish","type":"product","link":"https:\/\/www.kolibica.com\/de\/produkt\/servierbrett-fuer-getraenke-und-haeppchen\/","title":{"rendered":"Servierbrett f\u00fcr Getr\u00e4nke und H\u00e4ppchen"},"content":{"rendered":"<p><strong>Servierbrett f\u00fcr Getr\u00e4nke und H\u00e4ppchen<\/strong>\u00a0sind zum Servieren bestimmt. Sie sind sehr praktisch, da Sie Getr\u00e4nke und Essen in einer Hand halten k\u00f6nnen. Die Dicke der Platte betr\u00e4gt 2 cm. Wir stellen Bretter in vielen Formen her. Wir k\u00f6nnen ein Modell mit dem letzten Schliff (Lasergravur, Druck) erstellen.<\/p>\n","protected":false},"excerpt":{"rendered":"<p>Servierbrett f\u00fcr Getr\u00e4nke und H\u00e4ppchen\u00a0sind zum Servieren bestimmt. Sie sind  [&#8230;]<\/p>\n","protected":false},"featured_media":76703,"template":"","meta":{"content-type":""},"product_brand":[],"product_cat":[137,134,133],"product_tag":[],"class_list":{"0":"post-83400","1":"product","2":"type-product","3":"status-publish","4":"has-post-thumbnail","6":"product_cat-andenken","7":"product_cat-holzzubehor-fur-die-kuche","8":"product_cat-kurzwaren-aus-holz","10":"first","11":"instock","12":"shipping-taxable","13":"purchasable","14":"product-type-simple"},"aioseo_notices":[],"_links":{"self":[{"href":"https:\/\/www.kolibica.com\/de\/wp-json\/wp\/v2\/product\/83400","targetHints":{"allow":["GET"]}}],"collection":[{"href":"https:\/\/www.kolibica.com\/de\/wp-json\/wp\/v2\/product"}],"about":[{"href":"https:\/\/www.kolibica.com\/de\/wp-json\/wp\/v2\/types\/product"}],"wp:featuredmedia":[{"embeddable":true,"href":"https:\/\/www.kolibica.com\/de\/wp-json\/wp\/v2\/media\/76703"}],"wp:attachment":[{"href":"https:\/\/www.kolibica.com\/de\/wp-json\/wp\/v2\/media?parent=83400"}],"wp:term":[{"taxonomy":"product_brand","embeddable":true,"href":"https:\/\/www.kolibica.com\/de\/wp-json\/wp\/v2\/product_brand?post=83400"},{"taxonomy":"product_cat","embeddable":true,"href":"https:\/\/www.kolibica.com\/de\/wp-json\/wp\/v2\/product_cat?post=83400"},{"taxonomy":"product_tag","embeddable":true,"href":"https:\/\/www.kolibica.com\/de\/wp-json\/wp\/v2\/product_tag?post=83400"}],"curies":[{"name":"wp","href":"https:\/\/api.w.org\/{rel}","templated":true}]}}