{"id":83397,"date":"2019-09-23T16:17:13","date_gmt":"2019-09-23T14:17:13","guid":{"rendered":"https:\/\/www.kolibica.com\/product\/besucher\/"},"modified":"2023-02-27T12:24:05","modified_gmt":"2023-02-27T10:24:05","slug":"holzkiste-fuer-visitenkarten","status":"publish","type":"product","link":"https:\/\/www.kolibica.com\/de\/produkt\/holzkiste-fuer-visitenkarten\/","title":{"rendered":"Holzkiste f\u00fcr Visitenkarten"},"content":{"rendered":"<p><strong>Holzkiste f\u00fcr Visitenkarten<\/strong> &#8211; Heutzutage gibt es eine unglaubliche Auswahl an Visitenkarten in verschiedenen Designs, Materialien, Papierqualit\u00e4ten, Plastifizierungen&#8230; Sie zeichnen sich meist durch die gleiche Gr\u00f6\u00dfe aus, d.h. Standardabmessungen von ca. 90&#215;50 millimeter.<br \/>\nDer erste Eindruck ist sehr wichtig, daher ist es viel besser, Ihre Erinnerung aus einem Visitenkarten-Etui zu nehmen als aus Ihrer Tasche oder Ihrem Portemonnaie. Das sagt viel \u00fcber dich aus.<\/p>\n<p><strong>Eine Holzkiste f\u00fcr Visitenkarten<\/strong> ist das perfekte Werbegeschenk, graviert mit Ihrem Firmenlogo oder Ihren Initialen. Die Boxen sind d\u00fcnn genug, um in Ihre Tasche zu passen und 10-15 Visitenkarten aufzunehmen, was f\u00fcr den t\u00e4glichen Gebrauch v\u00f6llig ausreicht. Dar\u00fcber hinaus kann Ihre Box auch als Visitenkartenhalter auf Ihrem Schreibtisch dienen. Es ist aus zwei Holzarten (ged\u00e4mpfte Buche und Esche) gefertigt, sodass die Farben der Elemente perfekt aufeinander abgestimmt sind.<\/p>\n<div>\n<p><strong>Abmessungen der Visitenkartenbox:<\/strong> 108&#215;67 mm.<\/p>\n<\/div>\n<div>\n<p>Die Mindestbestellmenge betr\u00e4gt 500 St\u00fcck.<\/p>\n<div><strong>Preis einer Schachtel f\u00fcr Visitenkarten:<\/strong><\/div>\n<\/div>\n<div>\n<div>500 Stk. &#8211; 1,85 Euro<\/div>\n<div><\/div>\n<p><em>Der Preis f\u00fcr die Lasergravur betr\u00e4gt<\/em> 0,8 &#8211; 0,9 Euro pro Karton, je nach Gr\u00f6\u00dfe der Gravur.<\/p>\n<\/div>\n","protected":false},"excerpt":{"rendered":"<p>Holzkiste f\u00fcr Visitenkarten &#8211; Heutzutage gibt es eine unglaubliche Auswahl  [&#8230;]<\/p>\n","protected":false},"featured_media":76636,"template":"","meta":{"content-type":""},"product_brand":[],"product_cat":[137,133,135,136],"product_tag":[],"class_list":{"0":"post-83397","1":"product","2":"type-product","3":"status-publish","4":"has-post-thumbnail","6":"product_cat-andenken","7":"product_cat-kurzwaren-aus-holz","8":"product_cat-luxus-kurzwaren","9":"product_cat-werbezubehor-fur-unternehmen","11":"first","12":"instock","13":"shipping-taxable","14":"purchasable","15":"product-type-simple"},"aioseo_notices":[],"_links":{"self":[{"href":"https:\/\/www.kolibica.com\/de\/wp-json\/wp\/v2\/product\/83397","targetHints":{"allow":["GET"]}}],"collection":[{"href":"https:\/\/www.kolibica.com\/de\/wp-json\/wp\/v2\/product"}],"about":[{"href":"https:\/\/www.kolibica.com\/de\/wp-json\/wp\/v2\/types\/product"}],"wp:featuredmedia":[{"embeddable":true,"href":"https:\/\/www.kolibica.com\/de\/wp-json\/wp\/v2\/media\/76636"}],"wp:attachment":[{"href":"https:\/\/www.kolibica.com\/de\/wp-json\/wp\/v2\/media?parent=83397"}],"wp:term":[{"taxonomy":"product_brand","embeddable":true,"href":"https:\/\/www.kolibica.com\/de\/wp-json\/wp\/v2\/product_brand?post=83397"},{"taxonomy":"product_cat","embeddable":true,"href":"https:\/\/www.kolibica.com\/de\/wp-json\/wp\/v2\/product_cat?post=83397"},{"taxonomy":"product_tag","embeddable":true,"href":"https:\/\/www.kolibica.com\/de\/wp-json\/wp\/v2\/product_tag?post=83397"}],"curies":[{"name":"wp","href":"https:\/\/api.w.org\/{rel}","templated":true}]}}