{"id":83395,"date":"2019-10-14T10:42:33","date_gmt":"2019-10-14T08:42:33","guid":{"rendered":"https:\/\/www.kolibica.com\/product\/holzkisten-fuer-zwei-weinflaschen-mit-deckel-und-scharnieren\/"},"modified":"2023-02-28T09:01:26","modified_gmt":"2023-02-28T07:01:26","slug":"holzkisten-fur-zwei-weinflaschen-mit-deckel-und-schrumpffolie","status":"publish","type":"product","link":"https:\/\/www.kolibica.com\/de\/produkt\/holzkisten-fur-zwei-weinflaschen-mit-deckel-und-schrumpffolie\/","title":{"rendered":"Holzkisten f\u00fcr zwei Weinflaschen mit Deckel und Scharnieren"},"content":{"rendered":"<p><strong>Holzkisten f\u00fcr zwei Weinflaschen mit Deckel und Scharnieren<\/strong> sind aus fichte oder Linde. Die rustikale Optik wird durch die patinierten scharniere besonders betont. Die Flaschen k\u00f6nnen durch Trennw\u00e4nde getrennt oder k\u00fcnstliche Strohhalme dazwischen platziert werden.<\/p>\n<p>Der Preis der Box betr\u00e4gt 15 Euro, bei gr\u00f6\u00dferen Mengen gew\u00e4hren wir zus\u00e4tzliche Rabatte.<\/p>\n<p>&nbsp;<\/p>\n","protected":false},"excerpt":{"rendered":"<p>Holzkisten f\u00fcr zwei Weinflaschen mit Deckel und Scharnieren sind aus  [&#8230;]<\/p>\n","protected":false},"featured_media":76871,"template":"","meta":{"content-type":""},"product_brand":[],"product_cat":[127,130],"product_tag":[],"class_list":{"0":"post-83395","1":"product","2":"type-product","3":"status-publish","4":"has-post-thumbnail","6":"product_cat-verpackung-aus-holz","7":"product_cat-weinkisten","9":"first","10":"instock","11":"shipping-taxable","12":"purchasable","13":"product-type-simple"},"aioseo_notices":[],"_links":{"self":[{"href":"https:\/\/www.kolibica.com\/de\/wp-json\/wp\/v2\/product\/83395","targetHints":{"allow":["GET"]}}],"collection":[{"href":"https:\/\/www.kolibica.com\/de\/wp-json\/wp\/v2\/product"}],"about":[{"href":"https:\/\/www.kolibica.com\/de\/wp-json\/wp\/v2\/types\/product"}],"wp:featuredmedia":[{"embeddable":true,"href":"https:\/\/www.kolibica.com\/de\/wp-json\/wp\/v2\/media\/76871"}],"wp:attachment":[{"href":"https:\/\/www.kolibica.com\/de\/wp-json\/wp\/v2\/media?parent=83395"}],"wp:term":[{"taxonomy":"product_brand","embeddable":true,"href":"https:\/\/www.kolibica.com\/de\/wp-json\/wp\/v2\/product_brand?post=83395"},{"taxonomy":"product_cat","embeddable":true,"href":"https:\/\/www.kolibica.com\/de\/wp-json\/wp\/v2\/product_cat?post=83395"},{"taxonomy":"product_tag","embeddable":true,"href":"https:\/\/www.kolibica.com\/de\/wp-json\/wp\/v2\/product_tag?post=83395"}],"curies":[{"name":"wp","href":"https:\/\/api.w.org\/{rel}","templated":true}]}}