{"id":83394,"date":"2019-11-03T11:51:10","date_gmt":"2019-11-03T09:51:10","guid":{"rendered":"https:\/\/www.kolibica.com\/product\/servierbretter-mit-metallgriffen\/"},"modified":"2023-02-28T08:56:13","modified_gmt":"2023-02-28T06:56:13","slug":"servierbretter-mit-metallgriffen","status":"publish","type":"product","link":"https:\/\/www.kolibica.com\/de\/produkt\/servierbretter-mit-metallgriffen\/","title":{"rendered":"Servierbretter mit Metallgriffen"},"content":{"rendered":"<p><strong>Servierbretter mit Metallgriffen <\/strong>sind in erster Linie ein Werbeartikel f\u00fcr Unternehmen der Lebensmittelbranche. Die Dicke der Platte betr\u00e4gt 2 cm. Wir k\u00f6nnen ein Modell mit dem letzten Schliff (Lasergravur, Druck) erstellen. Form und Abmessungen der Platine k\u00f6nnen nach Kundenwunsch gestaltet werden, ebenso die Aussparungen.<\/p>\n","protected":false},"excerpt":{"rendered":"<p>Servierbretter mit Metallgriffen sind in erster Linie ein Werbeartikel f\u00fcr  [&#8230;]<\/p>\n","protected":false},"featured_media":76891,"template":"","meta":{"content-type":""},"product_brand":[],"product_cat":[137,134,133,136],"product_tag":[],"class_list":{"0":"post-83394","1":"product","2":"type-product","3":"status-publish","4":"has-post-thumbnail","6":"product_cat-andenken","7":"product_cat-holzzubehor-fur-die-kuche","8":"product_cat-kurzwaren-aus-holz","9":"product_cat-werbezubehor-fur-unternehmen","11":"first","12":"instock","13":"shipping-taxable","14":"purchasable","15":"product-type-simple"},"aioseo_notices":[],"_links":{"self":[{"href":"https:\/\/www.kolibica.com\/de\/wp-json\/wp\/v2\/product\/83394","targetHints":{"allow":["GET"]}}],"collection":[{"href":"https:\/\/www.kolibica.com\/de\/wp-json\/wp\/v2\/product"}],"about":[{"href":"https:\/\/www.kolibica.com\/de\/wp-json\/wp\/v2\/types\/product"}],"wp:featuredmedia":[{"embeddable":true,"href":"https:\/\/www.kolibica.com\/de\/wp-json\/wp\/v2\/media\/76891"}],"wp:attachment":[{"href":"https:\/\/www.kolibica.com\/de\/wp-json\/wp\/v2\/media?parent=83394"}],"wp:term":[{"taxonomy":"product_brand","embeddable":true,"href":"https:\/\/www.kolibica.com\/de\/wp-json\/wp\/v2\/product_brand?post=83394"},{"taxonomy":"product_cat","embeddable":true,"href":"https:\/\/www.kolibica.com\/de\/wp-json\/wp\/v2\/product_cat?post=83394"},{"taxonomy":"product_tag","embeddable":true,"href":"https:\/\/www.kolibica.com\/de\/wp-json\/wp\/v2\/product_tag?post=83394"}],"curies":[{"name":"wp","href":"https:\/\/api.w.org\/{rel}","templated":true}]}}