{"id":83393,"date":"2020-02-05T09:40:48","date_gmt":"2020-02-05T07:40:48","guid":{"rendered":"https:\/\/www.kolibica.com\/product\/holzkisten-fuer-schnaps\/"},"modified":"2023-03-01T07:49:56","modified_gmt":"2023-03-01T05:49:56","slug":"holzkisten-fuer-schnaps","status":"publish","type":"product","link":"https:\/\/www.kolibica.com\/de\/produkt\/holzkisten-fuer-schnaps\/","title":{"rendered":"Holzkisten f\u00fcr Schnaps"},"content":{"rendered":"<p><strong>Holzkisten f\u00fcr Schnaps<\/strong> bestehen aus Weichholz: Linde, <a href=\"https:\/\/www.kolibica.com\/de\/strukturelle-eigenschaften-und-verwendbarkeit-heimischer-holzarten\/\">Tanne<\/a> oder <a href=\"https:\/\/www.kolibica.com\/de\/strukturelle-eigenschaften-und-verwendbarkeit-heimischer-holzarten\/\">Fichte<\/a>. Diese Boxen haben in der Standardausf\u00fchrung einen Schiebedeckel mit \u00d6ffnung.<\/p>\n<p>Die Abmessungen der Kartons f\u00fcr eine Flasche k\u00f6nnen je nach Kundenwunsch ge\u00e4ndert werden.<\/p>\n","protected":false},"excerpt":{"rendered":"<p>Holzkisten f\u00fcr Schnaps bestehen aus Weichholz: Linde, Tanne oder Fichte.  [&#8230;]<\/p>\n","protected":false},"featured_media":76911,"template":"","meta":{"content-type":""},"product_brand":[],"product_cat":[127,130],"product_tag":[],"class_list":{"0":"post-83393","1":"product","2":"type-product","3":"status-publish","4":"has-post-thumbnail","6":"product_cat-verpackung-aus-holz","7":"product_cat-weinkisten","9":"first","10":"instock","11":"shipping-taxable","12":"purchasable","13":"product-type-simple"},"aioseo_notices":[],"_links":{"self":[{"href":"https:\/\/www.kolibica.com\/de\/wp-json\/wp\/v2\/product\/83393","targetHints":{"allow":["GET"]}}],"collection":[{"href":"https:\/\/www.kolibica.com\/de\/wp-json\/wp\/v2\/product"}],"about":[{"href":"https:\/\/www.kolibica.com\/de\/wp-json\/wp\/v2\/types\/product"}],"wp:featuredmedia":[{"embeddable":true,"href":"https:\/\/www.kolibica.com\/de\/wp-json\/wp\/v2\/media\/76911"}],"wp:attachment":[{"href":"https:\/\/www.kolibica.com\/de\/wp-json\/wp\/v2\/media?parent=83393"}],"wp:term":[{"taxonomy":"product_brand","embeddable":true,"href":"https:\/\/www.kolibica.com\/de\/wp-json\/wp\/v2\/product_brand?post=83393"},{"taxonomy":"product_cat","embeddable":true,"href":"https:\/\/www.kolibica.com\/de\/wp-json\/wp\/v2\/product_cat?post=83393"},{"taxonomy":"product_tag","embeddable":true,"href":"https:\/\/www.kolibica.com\/de\/wp-json\/wp\/v2\/product_tag?post=83393"}],"curies":[{"name":"wp","href":"https:\/\/api.w.org\/{rel}","templated":true}]}}