{"id":83392,"date":"2020-02-07T09:30:25","date_gmt":"2020-02-07T07:30:25","guid":{"rendered":"https:\/\/www.kolibica.com\/product\/staender-fuer-magnumflaschen\/"},"modified":"2023-03-01T07:46:12","modified_gmt":"2023-03-01T05:46:12","slug":"staender-fuer-magnumflaschen","status":"publish","type":"product","link":"https:\/\/www.kolibica.com\/de\/produkt\/staender-fuer-magnumflaschen\/","title":{"rendered":"St\u00e4nder f\u00fcr magnumflaschen"},"content":{"rendered":"<p><strong>St\u00e4nder f\u00fcr magnumflaschen<\/strong> &#8211; Dieses Regal ist f\u00fcr die Aufbewahrung einer gro\u00dfen (Magnum-)Flasche Wein bestimmt. Das Gestell kann je nach gew\u00fcnschter Flasche des Kunden modifiziert werden. Auch andere Details k\u00f6nnen nach Kundenwunsch modifiziert werden.<\/p>\n<p>.<\/p>\n<p><strong>Anmerkungen:<\/strong><\/p>\n<p>Die Gravur ist nicht im Preis inbegriffen.<br \/>\nAuf Wunsch des Kunden bringen wir ein Logo oder einen anderen Text per Laserdruck und CNC (Maschinenholzschnitzerei) auf die Produkte auf.<br \/>\nProduktabmessungen sind nicht festgelegt<\/p>\n","protected":false},"excerpt":{"rendered":"<p>St\u00e4nder f\u00fcr magnumflaschen &#8211; Dieses Regal ist f\u00fcr die Aufbewahrung  [&#8230;]<\/p>\n","protected":false},"featured_media":76919,"template":"","meta":{"content-type":""},"product_brand":[],"product_cat":[127,130],"product_tag":[],"class_list":{"0":"post-83392","1":"product","2":"type-product","3":"status-publish","4":"has-post-thumbnail","6":"product_cat-verpackung-aus-holz","7":"product_cat-weinkisten","9":"first","10":"instock","11":"shipping-taxable","12":"purchasable","13":"product-type-simple"},"aioseo_notices":[],"_links":{"self":[{"href":"https:\/\/www.kolibica.com\/de\/wp-json\/wp\/v2\/product\/83392","targetHints":{"allow":["GET"]}}],"collection":[{"href":"https:\/\/www.kolibica.com\/de\/wp-json\/wp\/v2\/product"}],"about":[{"href":"https:\/\/www.kolibica.com\/de\/wp-json\/wp\/v2\/types\/product"}],"wp:featuredmedia":[{"embeddable":true,"href":"https:\/\/www.kolibica.com\/de\/wp-json\/wp\/v2\/media\/76919"}],"wp:attachment":[{"href":"https:\/\/www.kolibica.com\/de\/wp-json\/wp\/v2\/media?parent=83392"}],"wp:term":[{"taxonomy":"product_brand","embeddable":true,"href":"https:\/\/www.kolibica.com\/de\/wp-json\/wp\/v2\/product_brand?post=83392"},{"taxonomy":"product_cat","embeddable":true,"href":"https:\/\/www.kolibica.com\/de\/wp-json\/wp\/v2\/product_cat?post=83392"},{"taxonomy":"product_tag","embeddable":true,"href":"https:\/\/www.kolibica.com\/de\/wp-json\/wp\/v2\/product_tag?post=83392"}],"curies":[{"name":"wp","href":"https:\/\/api.w.org\/{rel}","templated":true}]}}